{"id":981,"date":"2018-08-31T14:03:41","date_gmt":"2018-08-31T17:03:41","guid":{"rendered":"https:\/\/ifdsao-rng.infd.edu.ar\/sitio\/calendario-academico\/"},"modified":"2025-12-02T10:39:49","modified_gmt":"2025-12-02T13:39:49","slug":"llamados-a-concursos_fd","status":"publish","type":"page","link":"https:\/\/ifdsao-rng.infd.edu.ar\/sitio\/llamados-a-concursos_fd\/","title":{"rendered":""},"content":{"rendered":"\n<h2 class=\"wp-block-heading has-text-align-center\">CONVOCATORIA 47\/25<\/h2>\n\n\n<p><span style=\"font-weight: 400;\">El Instituto de Formaci\u00f3n Docente Continua de San Antonio Oeste, informa a la comunidad que, desde el 05 y hasta el 14 de diciembre, se encuentra abierta la inscripci\u00f3n para cubrir el cargo que a continuaci\u00f3n se detalla:<\/span><\/p>\n<p><span style=\"font-weight: 400;\">Fecha de cierre de inscripci\u00f3n<\/span><span style=\"font-weight: 400;\">: <strong>14<\/strong><\/span><b>\u00a0de diciembre de 2025, a las 13:00 hs<\/b><span style=\"font-weight: 400;\">.<\/span><\/p>\n<p>\u00a0<\/p>\n<table>\n<tbody>\n<tr>\n<td colspan=\"4\">\n<p><b>Carrera<\/b><b>: PROFESORADO DE EDUCACI\u00d3N INICIAL\u00a0<\/b><\/p>\n<\/td>\n<\/tr>\n<tr>\n<td>\n<p><b>Cargo\/Horas<\/b><\/p>\n<\/td>\n<td>\n<p><b>\u00c1rea y Orientaci\u00f3n\u00a0<\/b><\/p>\n<\/td>\n<td>\n<p><b>Car\u00e1cter de la Designaci\u00f3n<\/b><\/p>\n<\/td>\n<td>\n<p><b>Origen de la Vacante<\/b><\/p>\n<\/td>\n<\/tr>\n<tr>\n<td>\n<p><span style=\"font-weight: 400;\">Dedicaci\u00f3n Completa \u2013 <\/span><b>30 hs.<\/b><\/p>\n<\/td>\n<td>\n<p><span style=\"font-weight: 400;\">\u00c1rea Ciencias Naturales y Tecnolog\u00eda para la Educaci\u00f3n Inicial: orientaci\u00f3n <\/span><b>F\u00edsica<\/b><\/p>\n<\/td>\n<td>\n<p><span style=\"font-weight: 400;\">Suplente<\/span><\/p>\n<\/td>\n<td>\n<p><span style=\"font-weight: 400;\">Lic. Art. 9\u00b0 &#8211; Res. 233\/98\u00a0<\/span><\/p>\n<p><span style=\"font-weight: 400;\">Preparto desde 17\/11\/25 y 16\/12\/25<\/span><\/p>\n<p><span style=\"font-weight: 400;\">Posparto desde 17\/12\/25 hasta 14\/07\/26<\/span><\/p>\n<\/td>\n<\/tr>\n<\/tbody>\n<\/table>\n<p><span style=\"font-weight: 400;\">Al respecto se informa que, para completar la inscripci\u00f3n a cada uno de los cargos, los\/las interesados\/as, deber\u00e1n enviar desde sus correos personales <\/span><b>4 archivos en<\/b> <b>formato PDF<\/b><span style=\"font-weight: 400;\"> con la documentaci\u00f3n que se detalla a continuaci\u00f3n:<\/span><\/p>\n<ul>\n<li aria-level=\"1\"><b>Solicitud de Inscripci\u00f3n. <\/b><span style=\"font-weight: 400;\">El archivo debe estar nominado con <\/span><b>\u201cApellido y Nombre \u2013 Inscripci\u00f3n\u201d<\/b><\/li>\n<\/ul>\n<ul>\n<li aria-level=\"1\"><b>Proyecto de c\u00e1tedra. <\/b><span style=\"font-weight: 400;\">Debe ser una propuesta personal y \u00fanica para la orientaci\u00f3n y su inserci\u00f3n en otras unidades curriculares y debe contener los aspectos establecidos en el Art. 5\u00ba &#8211; Res. N\u00aa 2428\/16. El archivo debe estar nominado con <\/span><b>\u201cApellido y Nombre \u2013 Proyecto nombre de la c\u00e1tedra\u201d<\/b><\/li>\n<\/ul>\n<ul>\n<li aria-level=\"1\"><span style=\"font-weight: 400;\">\u00a0<\/span><b>Curr\u00edculum Vitae. <\/b><span style=\"font-weight: 400;\">El Curriculum vitae debe contener los datos requeridos seg\u00fan Art. 4\u00b0 &#8211; Res. N\u00b0 2428\/16. El archivo debe estar nominado con <\/span><b>\u00abApellido y Nombre &#8211; CV\u00bb\u00a0<\/b><\/li>\n<\/ul>\n<ul>\n<li aria-level=\"1\"><b>T\u00edtulo y antecedentes.<\/b><span style=\"font-weight: 400;\"> El Curriculum Vitae debe estar acompa\u00f1ado de la documentaci\u00f3n que respalde lo declarado en el mismo. Fotocopiar la documentaci\u00f3n, autenticarla y adjuntar escaneada. El archivo debe estar nominado con <\/span><b>\u00abApellido y Nombre &#8211; Antecedentes\u00bb. <\/b><b>Observaci\u00f3n<\/b><b>: Respecto al t\u00edtulo, en caso de enviar Diploma se debe adjuntar el Certificado Anal\u00edtico\u201d.<\/b><\/li>\n<\/ul>\n<p><span style=\"font-weight: 400;\">Toda fotocopia debe ser autenticada por autoridades del Consejo Provincial de Educaci\u00f3n de R\u00edo Negro (Vice direcci\u00f3n, Direcci\u00f3n, Supervisi\u00f3n, Coordinaci\u00f3n Escolar).<\/span><\/p>\n<p><span style=\"font-weight: 400;\">Los\/las aspirantes que residan en otras provincias que deban enviar fotocopias, deber\u00e1n ser autenticadas por Escribano o Juez de Paz.<\/span><\/p>\n<p>\u00a0<\/p>\n<p><b>Se requiere para el env\u00edo de la documentaci\u00f3n:<\/b><\/p>\n<p><span style=\"font-weight: 400;\">&#8211; que la disposici\u00f3n de la imagen sea en forma vertical u horizontal de manera tal que facilite la lectura de la misma, sin la necesidad de rotarla.<\/span><\/p>\n<p><span style=\"font-weight: 400;\">&#8211; que las im\u00e1genes sean n\u00edtidas.<\/span><\/p>\n<p><b>\u00a0<\/b><\/p>\n<p><b>\u00a0<\/b><span style=\"font-weight: 400;\">Se tendr\u00e1 en cuenta para la inscripci\u00f3n, el \u00faltimo correo con la documentaci\u00f3n recibida por los postulantes antes del cierre de la Convocatoria.<\/span><\/p>\n<p>\u00a0<\/p>\n<p><span style=\"font-weight: 400;\">Si alguno de los requisitos solicitados en esta Convocatoria no se enmarcara en los aspectos antes mencionados, no se aceptar\u00e1 la inscripci\u00f3n al cargo para el cual se postula.<\/span><\/p>\n<p>\u00a0<\/p>\n<p><b>La recepci\u00f3n de la inscripci\u00f3n y la documentaci\u00f3n se realizar\u00e1 en la direcci\u00f3n de correo electr\u00f3nico: <\/b><span style=\"font-weight: 400;\">concursos.docentes@ifdcsao.edu.ar<\/span><\/p>\n<p><span style=\"font-weight: 400;\">\u00a0\u00a0\u00a0\u00a0\u00a0Para acceder a la solicitud de inscripci\u00f3n y obtener mayor informaci\u00f3n, escribir sus consultas al correo <\/span><a href=\"mailto:concursos.docentes@ifdcsao.edu.ar\"><span style=\"font-weight: 400;\">concursos.docentes@ifdcsao.edu.ar<\/span><\/a><\/p>\n<p>\u00a0<\/p>\n\n\n<p><img decoding=\"async\" loading=\"lazy\" class=\"wp-image-776 alignnone\" src=\"https:\/\/ifdsao-rng.infd.edu.ar\/sitio\/wp-content\/uploads\/2018\/08\/2kQt2YdUW0sohimagen_incrustada1.png\" alt=\"\" width=\"111\" height=\"70\"><span style=\"color: #000000;\">Toda fotocopia debe ser autenticada por autoridades del Consejo Provincial de Educaci\u00f3n de R\u00edo Negro (Vice direcci\u00f3n, Direcci\u00f3n, Supervisi\u00f3n, Coordinaci\u00f3n Escolar).<\/span><\/p>\n\n\n\n<p><span style=\"color: #000000;\">Los\/las aspirantes que residen en otras provincias deber\u00e1n enviar fotocopias autenticadas por Escribano P\u00fablico o Juez de Paz.<\/span><\/p>\n\n\n\n<p><span style=\"color: #000000;\">Se requiere enviar la documentaci\u00f3n con disposici\u00f3n de la imagen en forma vertical u horizontal de manera tal que facilite la lectura de la misma.<\/span><\/p>\n\n\n\n<p><span style=\"color: #000000;\">Para la inscripci\u00f3n al concurso debe poseer Titulo de Nivel Superior o Titulo Universitario seg\u00fan lo establecido en la <strong><a href=\"https:\/\/drive.google.com\/file\/d\/1FY-O5TgYEDwlBm7x3NiNL3pL6eBYHx7B\/view?usp=sharing\" data-type=\"URL\" data-id=\"https:\/\/drive.google.com\/file\/d\/1FY-O5TgYEDwlBm7x3NiNL3pL6eBYHx7B\/view?usp=sharing\" target=\"_blank\" rel=\"noreferrer noopener\">Disposici\u00f3n N\u00b0 173\/22<\/a> <\/strong>del Consejo Directivo del IFDC &#8211; San Antonio Oeste.<\/span><\/p>\n\n\n\n<p class=\"has-text-align-center\"><span style=\"color: #000000;\"><strong style=\"font-size: inherit;\">La recepci\u00f3n de la solicitud de inscripci\u00f3n<\/strong><\/span><span style=\"text-align: center;\"><span style=\"color: #000000;\"><strong> y&nbsp; documentaci\u00f3n se realizar\u00e1 en la direcci\u00f3n de correo electr\u00f3nico<\/strong>:<\/span> <\/span><img decoding=\"async\" loading=\"lazy\" class=\"wp-image-908 alignnone\" style=\"text-align: center;\" src=\"https:\/\/ifdsao-rng.infd.edu.ar\/sitio\/wp-content\/uploads\/2018\/08\/descarga_1_1.jpg\" alt=\"\" width=\"52\" height=\"55\"><span style=\"color: #ff00ff;\"><strong>concursos.docentes@ifdcsao.edu.ar<\/strong><\/span><\/p>\n\n\n\n<p><span style=\"text-align: left; color: #000000;\">Para la <strong>elaboraci\u00f3n de su Proyecto de C\u00e1tedra<\/strong> deber\u00e1 tener en cuenta la documentaci\u00f3n que se detalla:<\/span><\/p>\n\n\n\n<ul>\n<li><span style=\"color: #000000;\">Dise\u00f1o Curricular de la carrera Profesorado de Educaci\u00f3n Inicial &#8211;<\/span> <a href=\"https:\/\/drive.google.com\/file\/d\/1WwQhdBvBFrN3Wi3yPpHipd-etCPRnxkG\/view\"><strong>Resoluci\u00f3n N\u00b0 4242\/15<\/strong><\/a><\/li>\n\n\n\n<li><span style=\"color: #000000;\">Dise\u00f1o Curricular de la carrera Profesorado de Educaci\u00f3n Primaria &#8211;<\/span> <a href=\"https:\/\/ifdsao-rng.infd.edu.ar\/sitio\/plan-de-estudio-nivel-primario\/upload\/PROFESORADO_PRIMARIA__18-11-15.pdf\"><strong>Resoluci\u00f3n N\u00b0 4249\/15<\/strong><\/a><\/li>\n\n\n\n<li><span style=\"color: #000000;\">Dise\u00f1o Curricular de la carrera Profesorado de Educaci\u00f3n Secundaria en Biolog\u00eda&nbsp; &#8211;<\/span>&nbsp;<a href=\"https:\/\/drive.google.com\/file\/d\/1nCF85Oih-5CesLqKjsN0XaALUAfdZYek\/view?usp=sharing\" target=\"_blank\" rel=\"noopener\"><b>Resoluci\u00f3n&nbsp; N\u00b0 3489\/15<\/b><\/a><\/li>\n\n\n\n<li><strong><a href=\"https:\/\/drive.google.com\/file\/d\/1KtraCV5vEN5i_Wmv8ZjCkMzZh9v1qy77\/view?usp=sharing\" target=\"_blank\" rel=\"noopener\">Resoluci\u00f3n&nbsp;N\u00b0 4077\/14<\/a><\/strong> &#8211; <span style=\"color: #000000;\">R\u00e9gimen Acad\u00e9mico Marco (<strong>R.A.M<\/strong>).<\/span><\/li>\n\n\n\n<li><strong><a href=\"https:\/\/drive.google.com\/file\/d\/1KlIbs-42oxxJPTZ0TyahmhmfSxSWpOrY\/view?usp=sharing\" target=\"_blank\" rel=\"noopener\">Resoluci\u00f3n N\u00b0 2425\/16<\/a><\/strong> &#8211; <span style=\"color: #000000;\">Reglamento Org\u00e1nico Marco (<strong>R.O.M<\/strong>).<\/span><\/li>\n\n\n\n<li><strong><a href=\"https:\/\/drive.google.com\/file\/d\/1-gG-YSgtjtoB6FkPs78UT0iuajhYD63G\/view?usp=sharing\" target=\"_blank\" rel=\"noopener\">Ley N\u00b04.819<\/a>&nbsp;<\/strong><span style=\"color: #000000;\">Org\u00e1nica de Educaci\u00f3n<\/span><\/li>\n\n\n\n<li><strong><a href=\"https:\/\/drive.google.com\/file\/d\/1-gG-YSgtjtoB6FkPs78UT0iuajhYD63G\/view?usp=sharing\" target=\"_blank\" rel=\"noopener\">Ley N\u00b0391<\/a>&nbsp;<\/strong><span style=\"color: #000000;\">Estatuto del Docente<\/span><\/li>\n<\/ul>\n\n\n<div class=\"wp-block-image\">\n<figure class=\"alignleft is-resized\"><img decoding=\"async\" loading=\"lazy\" src=\"https:\/\/ifdsao-rng.infd.edu.ar\/sitio\/wp-content\/uploads\/2020\/05\/flecha-naranja.png\" alt=\"\" class=\"wp-image-2428\" width=\"91\" height=\"43\" srcset=\"https:\/\/ifdsao-rng.infd.edu.ar\/sitio\/wp-content\/uploads\/2020\/05\/flecha-naranja.png 512w, https:\/\/ifdsao-rng.infd.edu.ar\/sitio\/wp-content\/uploads\/2020\/05\/flecha-naranja-500x242.png 500w\" sizes=\"(max-width: 91px) 100vw, 91px\" \/><\/figure><\/div>\n\n\n<p><span style=\"text-align: left;\"><span style=\"color: #000000;\">Para su descarga ingrese al siguiente enlace:<\/span>&nbsp;<\/span><span style=\"font-family: arial, sans-serif;\">&nbsp;<a href=\"https:\/\/ifdsao-rng.infd.edu.ar\/sitio\/normativas-vigentes\/\" target=\"_blank\" rel=\"noopener noreferrer\" data-auth=\"NotApplicable\">https:\/\/ifdsao-rng.infd.edu.ar\/sitio\/normativas-vigentes\/<\/a> <\/span><\/p>\n\n\n\n<p><span style=\"text-align: left;\"><span style=\"color: #000000;\">Adem\u00e1s en el mismo enlace&nbsp;podr\u00e1&nbsp;acceder, para su conocimiento, al Reglamento de Concursos de Profesores Interinos y suplente<\/span>&nbsp;<b><a href=\"https:\/\/drive.google.com\/file\/d\/1djIKY-PY1MBLIurOZn0Tgcg0IlW2X-U1\/view?usp=sharing\" target=\"_blank\" rel=\"noopener\">Resoluci\u00f3n&nbsp; N\u00ba 2428\/16<\/a>.<\/b><\/span><\/p>\n\n\n\n<p><span style=\"text-align: left; color: #000000;\">Se pone en conocimiento que para ejercer la docencia en la Provincia de Rio Negro, debe contar con el preocupacional realizado<\/span><\/p>\n\n\n<div class=\"wp-block-image\">\n<figure class=\"alignleft is-resized\"><img decoding=\"async\" loading=\"lazy\" src=\"https:\/\/ifdsao-rng.infd.edu.ar\/sitio\/wp-content\/uploads\/2020\/05\/flecha-naranja.png\" alt=\"\" class=\"wp-image-2428\" width=\"88\" height=\"43\" srcset=\"https:\/\/ifdsao-rng.infd.edu.ar\/sitio\/wp-content\/uploads\/2020\/05\/flecha-naranja.png 512w, https:\/\/ifdsao-rng.infd.edu.ar\/sitio\/wp-content\/uploads\/2020\/05\/flecha-naranja-500x242.png 500w\" sizes=\"(max-width: 88px) 100vw, 88px\" \/><\/figure><\/div>\n\n\n<p><span style=\"text-align: left;\"><span style=\"color: #000000;\">En el siguiente link, ingresando en el bot\u00f3n \u201c<strong>1\u00b0 Vez \u2013 REQUISITOS LABORALES<\/strong>\u201d, podr\u00e1 informarse respecto al tr\u00e1mite del preocupacional que debe realizar para poder ejercer la docencia en la provincia de Rio Negro:<\/span><a href=\"https:\/\/educacion.rionegro.gov.ar\/seccion\/354\"> https:\/\/educacion.rionegro.gov.ar\/seccion\/354<\/a><\/span><\/p>\n\n\n\n<p><span style=\"text-align: left;\"><span style=\"color: #000000;\">Por cualquier consulta respecto al tr\u00e1mite del preocupacional, debe dirigirse a la direcci\u00f3n de correo electr\u00f3nico<\/span> <a href=\"mailto:expreocupacionalsao@gmail.com\" target=\"_blank\" rel=\"noopener noreferrer\" data-auth=\"NotApplicable\">preocupacional.ceza1@gmail.com&nbsp;<\/a><\/span><\/p>\n\n\n\n<p><\/p>\n","protected":false},"excerpt":{"rendered":"<p>CONVOCATORIA 47\/25 El Instituto de Formaci\u00f3n Docente Continua de San Antonio Oeste, informa a la comunidad que, desde el 05 y hasta el 14 de diciembre, se encuentra abierta la inscripci\u00f3n para cubrir el cargo que a continuaci\u00f3n se detalla: Fecha de cierre de inscripci\u00f3n: 14\u00a0de diciembre de 2025, a las 13:00 hs. \u00a0 Carrera: &#8230; <a title=\"\" class=\"read-more\" href=\"https:\/\/ifdsao-rng.infd.edu.ar\/sitio\/llamados-a-concursos_fd\/\" aria-label=\"More on \">[+]<\/a><\/p>\n","protected":false},"author":879,"featured_media":0,"parent":0,"menu_order":0,"comment_status":"closed","ping_status":"closed","template":"","meta":[],"acf":[],"_links":{"self":[{"href":"https:\/\/ifdsao-rng.infd.edu.ar\/sitio\/wp-json\/wp\/v2\/pages\/981"}],"collection":[{"href":"https:\/\/ifdsao-rng.infd.edu.ar\/sitio\/wp-json\/wp\/v2\/pages"}],"about":[{"href":"https:\/\/ifdsao-rng.infd.edu.ar\/sitio\/wp-json\/wp\/v2\/types\/page"}],"author":[{"embeddable":true,"href":"https:\/\/ifdsao-rng.infd.edu.ar\/sitio\/wp-json\/wp\/v2\/users\/879"}],"replies":[{"embeddable":true,"href":"https:\/\/ifdsao-rng.infd.edu.ar\/sitio\/wp-json\/wp\/v2\/comments?post=981"}],"version-history":[{"count":267,"href":"https:\/\/ifdsao-rng.infd.edu.ar\/sitio\/wp-json\/wp\/v2\/pages\/981\/revisions"}],"predecessor-version":[{"id":7289,"href":"https:\/\/ifdsao-rng.infd.edu.ar\/sitio\/wp-json\/wp\/v2\/pages\/981\/revisions\/7289"}],"wp:attachment":[{"href":"https:\/\/ifdsao-rng.infd.edu.ar\/sitio\/wp-json\/wp\/v2\/media?parent=981"}],"curies":[{"name":"wp","href":"https:\/\/api.w.org\/{rel}","templated":true}]}}