{"id":2968,"date":"2020-07-29T13:04:23","date_gmt":"2020-07-29T16:04:23","guid":{"rendered":"https:\/\/ifdsao-rng.infd.edu.ar\/sitio\/?page_id=2968"},"modified":"2021-03-30T08:18:27","modified_gmt":"2021-03-30T11:18:27","slug":"contacto-de-investigacion-y-extension","status":"publish","type":"page","link":"https:\/\/ifdsao-rng.infd.edu.ar\/sitio\/contacto-de-investigacion-y-extension\/","title":{"rendered":"Funciones &#8211; Contacto de Investigaci\u00f3n y Extensi\u00f3n"},"content":{"rendered":"<p><img decoding=\"async\" loading=\"lazy\" class=\"aligncenter wp-image-2874\" src=\"https:\/\/ifdsao-rng.infd.edu.ar\/sitio\/wp-content\/uploads\/2020\/07\/Encabezado_Dpto_IyE.jpg\" alt=\"\" width=\"794\" height=\"192\" srcset=\"https:\/\/ifdsao-rng.infd.edu.ar\/sitio\/wp-content\/uploads\/2020\/07\/Encabezado_Dpto_IyE.jpg 960w, https:\/\/ifdsao-rng.infd.edu.ar\/sitio\/wp-content\/uploads\/2020\/07\/Encabezado_Dpto_IyE-768x186.jpg 768w\" sizes=\"(max-width: 794px) 100vw, 794px\" \/><\/p>\n<h2 style=\"text-align: left;\"><span style=\"color: #800000;\">FUNCIONES:<\/span><\/h2>\n<h6 style=\"text-align: justify;\"><span style=\"font-size: 10pt; font-family: 'trebuchet ms', geneva;\">Seg\u00fan el R.O.M. en el <strong>Art\u00edculo 30\u00ba<\/strong>: Las Funciones de la Coordinaci\u00f3n del Departamento de Formaci\u00f3n. Tiene a su\u00a0cargo, entre otras, las siguientes funciones:<br \/>\n<\/span><\/h6>\n<h6 style=\"text-align: justify;\"><span style=\"font-size: 10pt; font-family: 'trebuchet ms', geneva;\"><span style=\"color: #800000;\">a)<\/span> Integrar el Equipo Directivo.<br \/>\n<span style=\"color: #800000;\">b)<\/span> Dise\u00f1ar con el Equipo Directivo, el plan anual de Investigaci\u00f3n y Extensi\u00f3n, en funci\u00f3n\u00a0de los lineamientos propuestos por la DPESyF, el proyecto educativo institucional y la<br \/>\nindagaci\u00f3n y el relevamiento de las necesidades existentes en la zona de influencia de su\u00a0IFDC.<br \/>\n<span style=\"color: #800000;\">c)<\/span> Coordinar, asesorar y supervisar los proyectos de Investigaci\u00f3n y Extensi\u00f3n que se\u00a0generen en cada Instituto, articulando en los casos que corresponda con otras instituciones de<br \/>\nla comunidad.<br \/>\n<span style=\"color: #800000;\">d)<\/span> Analizar los proyectos de investigaci\u00f3n y extensi\u00f3n presentados y elevarlos &#8211; mediante acto fundado &#8211; al Consejo Directivo para su aprobaci\u00f3n, a fin de ser remitidos a la DPESyF<br \/>\nsolicitando su declaraci\u00f3n de inter\u00e9s educativo provincial, en los casos que fuere necesario y\u00a0cuando ello correspondiere.<br \/>\n<span style=\"color: #800000;\">e)<\/span> Gestionar espacios materiales y todas las acciones necesarias para la concreci\u00f3n de las\u00a0propuestas de Investigaci\u00f3n y Extensi\u00f3n.<br \/>\n<span style=\"color: #800000;\">f)<\/span> Integrar el Consejo Consultivo Jurisdiccional de coordinadores de Investigaci\u00f3n y\u00a0Extensi\u00f3n<br \/>\n<\/span><\/h6>\n<hr \/>\n<p style=\"text-align: center;\"><span style=\"color: #800000;\"><strong>FORMULARIO DE CONTACTO <\/strong><strong>CON LA COORDINACI\u00d3N DEL <\/strong><\/span><\/p>\n<p style=\"text-align: center;\"><span style=\"color: #800000;\"><strong>DEPARTAMENTO DE INVESTIGACI\u00d3N Y EXTENSI\u00d3N<\/strong><\/span><\/p>\n\n<div class=\"wpcf7 no-js\" id=\"wpcf7-f2967-o1\" lang=\"es-ES\" dir=\"ltr\">\n<div class=\"screen-reader-response\"><p role=\"status\" aria-live=\"polite\" aria-atomic=\"true\"><\/p> <ul><\/ul><\/div>\n<form action=\"\/sitio\/wp-json\/wp\/v2\/pages\/2968#wpcf7-f2967-o1\" method=\"post\" class=\"wpcf7-form init\" aria-label=\"Formulario de contacto\" novalidate=\"novalidate\" data-status=\"init\">\n<div style=\"display: none;\">\n<input type=\"hidden\" name=\"_wpcf7\" value=\"2967\" \/>\n<input type=\"hidden\" name=\"_wpcf7_version\" value=\"5.7.7\" \/>\n<input type=\"hidden\" name=\"_wpcf7_locale\" value=\"es_ES\" \/>\n<input type=\"hidden\" name=\"_wpcf7_unit_tag\" value=\"wpcf7-f2967-o1\" \/>\n<input type=\"hidden\" name=\"_wpcf7_container_post\" value=\"0\" \/>\n<input type=\"hidden\" name=\"_wpcf7_posted_data_hash\" value=\"\" \/>\n<input type=\"hidden\" name=\"_wpcf7_recaptcha_response\" value=\"\" \/>\n<\/div>\n<p><label> Apellido y Nombre: (*)<br \/>\n<span class=\"wpcf7-form-control-wrap\" data-name=\"your-name\"><input size=\"40\" class=\"wpcf7-form-control wpcf7-text wpcf7-validates-as-required\" aria-required=\"true\" aria-invalid=\"false\" value=\"\" type=\"text\" name=\"your-name\" \/><\/span> <\/label>\n<\/p>\n<p>Celular de Contacto: (*)<br \/>\n<span class=\"wpcf7-form-control-wrap\" data-name=\"tel-76\"><input size=\"40\" class=\"wpcf7-form-control wpcf7-text wpcf7-tel wpcf7-validates-as-required wpcf7-validates-as-tel\" aria-required=\"true\" aria-invalid=\"false\" value=\"\" type=\"tel\" name=\"tel-76\" \/><\/span>\n<\/p>\n<p><label> Tu correo electr\u00f3nico: (*)<br \/>\n<span class=\"wpcf7-form-control-wrap\" data-name=\"your-email\"><input size=\"40\" class=\"wpcf7-form-control wpcf7-text wpcf7-email wpcf7-validates-as-required wpcf7-validates-as-email\" aria-required=\"true\" aria-invalid=\"false\" value=\"\" type=\"email\" name=\"your-email\" \/><\/span> <\/label>\n<\/p>\n<p><label> Asunto:<span class=\"wpcf7-form-control-wrap\" data-name=\"text-664\"><input size=\"40\" class=\"wpcf7-form-control wpcf7-text wpcf7-validates-as-required\" aria-required=\"true\" aria-invalid=\"false\" value=\"\" type=\"text\" name=\"text-664\" \/><\/span><br \/>\n<\/label>\n<\/p>\n<p><label> Tu mensaje<br \/>\n<span class=\"wpcf7-form-control-wrap\" data-name=\"your-message\"><textarea cols=\"40\" rows=\"10\" class=\"wpcf7-form-control wpcf7-textarea\" aria-invalid=\"false\" name=\"your-message\"><\/textarea><\/span> <\/label>\n<\/p>\n<p>(*) Campos Obligatorios\n<\/p>\n<p><input class=\"wpcf7-form-control has-spinner wpcf7-submit\" type=\"submit\" value=\"Enviar\" \/>\n<\/p><p style=\"display: none !important;\"><label>&#916;<textarea name=\"_wpcf7_ak_hp_textarea\" cols=\"45\" rows=\"8\" maxlength=\"100\"><\/textarea><\/label><input type=\"hidden\" id=\"ak_js_1\" name=\"_wpcf7_ak_js\" value=\"234\"\/><script>document.getElementById( \"ak_js_1\" ).setAttribute( \"value\", ( new Date() ).getTime() );<\/script><\/p><div class=\"wpcf7-response-output\" aria-hidden=\"true\"><\/div>\n<\/form>\n<\/div>\n\n","protected":false},"excerpt":{"rendered":"<p>FUNCIONES: Seg\u00fan el R.O.M. en el Art\u00edculo 30\u00ba: Las Funciones de la Coordinaci\u00f3n del Departamento de Formaci\u00f3n. Tiene a su\u00a0cargo, entre otras, las siguientes funciones: a) Integrar el Equipo Directivo. b) Dise\u00f1ar con el Equipo Directivo, el plan anual de Investigaci\u00f3n y Extensi\u00f3n, en funci\u00f3n\u00a0de los lineamientos propuestos por la DPESyF, el proyecto educativo institucional &#8230; <a title=\"Funciones &#8211; Contacto de Investigaci\u00f3n y Extensi\u00f3n\" class=\"read-more\" href=\"https:\/\/ifdsao-rng.infd.edu.ar\/sitio\/contacto-de-investigacion-y-extension\/\" aria-label=\"More on Funciones &#8211; Contacto de Investigaci\u00f3n y Extensi\u00f3n\">[+]<\/a><\/p>\n","protected":false},"author":879,"featured_media":0,"parent":0,"menu_order":0,"comment_status":"closed","ping_status":"closed","template":"","meta":[],"acf":[],"_links":{"self":[{"href":"https:\/\/ifdsao-rng.infd.edu.ar\/sitio\/wp-json\/wp\/v2\/pages\/2968"}],"collection":[{"href":"https:\/\/ifdsao-rng.infd.edu.ar\/sitio\/wp-json\/wp\/v2\/pages"}],"about":[{"href":"https:\/\/ifdsao-rng.infd.edu.ar\/sitio\/wp-json\/wp\/v2\/types\/page"}],"author":[{"embeddable":true,"href":"https:\/\/ifdsao-rng.infd.edu.ar\/sitio\/wp-json\/wp\/v2\/users\/879"}],"replies":[{"embeddable":true,"href":"https:\/\/ifdsao-rng.infd.edu.ar\/sitio\/wp-json\/wp\/v2\/comments?post=2968"}],"version-history":[{"count":4,"href":"https:\/\/ifdsao-rng.infd.edu.ar\/sitio\/wp-json\/wp\/v2\/pages\/2968\/revisions"}],"predecessor-version":[{"id":3880,"href":"https:\/\/ifdsao-rng.infd.edu.ar\/sitio\/wp-json\/wp\/v2\/pages\/2968\/revisions\/3880"}],"wp:attachment":[{"href":"https:\/\/ifdsao-rng.infd.edu.ar\/sitio\/wp-json\/wp\/v2\/media?parent=2968"}],"curies":[{"name":"wp","href":"https:\/\/api.w.org\/{rel}","templated":true}]}}