{"id":2936,"date":"2020-07-24T00:12:06","date_gmt":"2020-07-24T03:12:06","guid":{"rendered":"https:\/\/ifdsao-rng.infd.edu.ar\/sitio\/?page_id=2936"},"modified":"2020-07-24T00:28:17","modified_gmt":"2020-07-24T03:28:17","slug":"funciones-de-la-secretaria-general","status":"publish","type":"page","link":"https:\/\/ifdsao-rng.infd.edu.ar\/sitio\/funciones-de-la-secretaria-general\/","title":{"rendered":"Funciones de la Secretaria General"},"content":{"rendered":"<p><img decoding=\"async\" loading=\"lazy\" class=\"aligncenter wp-image-2679\" src=\"https:\/\/ifdsao-rng.infd.edu.ar\/sitio\/wp-content\/uploads\/2020\/07\/Encabezado_SG.jpg\" alt=\"\" width=\"793\" height=\"195\" srcset=\"https:\/\/ifdsao-rng.infd.edu.ar\/sitio\/wp-content\/uploads\/2020\/07\/Encabezado_SG.jpg 960w, https:\/\/ifdsao-rng.infd.edu.ar\/sitio\/wp-content\/uploads\/2020\/07\/Encabezado_SG-768x189.jpg 768w\" sizes=\"(max-width: 793px) 100vw, 793px\" \/><\/p>\n<h2 style=\"text-align: left;\"><span style=\"color: #800000;\">FUNCIONES:<\/span><\/h2>\n<h6 style=\"text-align: justify;\"><span style=\"font-size: 10pt; font-family: 'trebuchet ms', geneva;\">Seg\u00fan el (R.O.M) <strong><span style=\"color: #800000;\">Art\u00edculo 48\u00ba<\/span><\/strong>.- Funciones de la Secretar\u00eda General. Est\u00e1n a cargo de la Secretar\u00eda General las\u00a0funciones que se determinen el ROI y las siguientes:<\/span><\/h6>\n<h6 style=\"text-align: justify;\"><span style=\"font-size: 10pt; font-family: 'trebuchet ms', geneva;\"><span style=\"color: #800000;\">a)<\/span> Es la unidad responsable de la coordinaci\u00f3n administrativa, de la gesti\u00f3n de recursos y de\u00a0la gesti\u00f3n y resguardo de la documentaci\u00f3n del establecimiento.<\/span><\/h6>\n<h6 style=\"text-align: justify;\"><span style=\"font-size: 10pt; font-family: 'trebuchet ms', geneva;\"><span style=\"color: #800000;\">b)<\/span> Participar de los \u00f3rganos colegiados de conducci\u00f3n en las situaciones que correspondiere.<\/span><\/h6>\n<h6 style=\"text-align: justify;\"><span style=\"font-size: 10pt; font-family: 'trebuchet ms', geneva;\"><span style=\"color: #800000;\">c)<\/span> Ejercer la gesti\u00f3n de la documentaci\u00f3n del establecimiento respecto del personal docente\u00a0y no docente.<\/span><\/h6>\n<h6 style=\"text-align: justify;\"><span style=\"font-size: 10pt; font-family: 'trebuchet ms', geneva;\"><span style=\"color: #800000;\">d)<\/span> Sistematizar la informaci\u00f3n estad\u00edstica, documental y de gesti\u00f3n.<\/span><\/h6>\n<h6 style=\"text-align: justify;\"><span style=\"font-size: 10pt; font-family: 'trebuchet ms', geneva;\"><span style=\"color: #800000;\">e)<\/span> Articular acciones con la Secretar\u00eda de Estudiantes.<\/span><\/h6>\n<h6 style=\"text-align: justify;\"><span style=\"font-size: 10pt; font-family: 'trebuchet ms', geneva;\"><span style=\"color: #800000;\">f)<\/span> Administrar y gestionar los requerimientos de recursos materiales e infraestructura.<\/span><\/h6>\n<h6 style=\"text-align: justify;\"><span style=\"font-size: 10pt; font-family: 'trebuchet ms', geneva;\"><span style=\"color: #800000;\">g)<\/span> Recibir y reservar la documentaci\u00f3n presentada por los postulantes a Concursos de\u00a0Titulares y la operatoria de los Concursos de Interinos y Suplentes.<\/span><\/h6>\n<h6 style=\"text-align: justify;\"><span style=\"font-size: 10pt; font-family: 'trebuchet ms', geneva;\"><span style=\"color: #800000;\">h)<\/span> Funciona bajo la \u00f3rbita del equipo directo y articula su accionar con el resto de las\u00a0Coordinaciones.<\/span><\/h6>\n<h2 style=\"text-align: left;\"><span style=\"color: #800000;\">SECRETARIA\/O:<\/span><\/h2>\n<ul>\n<li style=\"text-align: justify;\"><span style=\"font-size: 12pt; font-family: 'trebuchet ms', geneva;\"><strong>Prof. Ana BARTOLO<\/strong><\/span><\/li>\n<li style=\"text-align: justify;\"><span style=\"font-size: 12pt; font-family: 'trebuchet ms', geneva;\"><strong>Prof. Cristian COALI<\/strong><\/span><\/li>\n<\/ul>\n","protected":false},"excerpt":{"rendered":"<p>FUNCIONES: Seg\u00fan el (R.O.M) Art\u00edculo 48\u00ba.- Funciones de la Secretar\u00eda General. Est\u00e1n a cargo de la Secretar\u00eda General las\u00a0funciones que se determinen el ROI y las siguientes: a) Es la unidad responsable de la coordinaci\u00f3n administrativa, de la gesti\u00f3n de recursos y de\u00a0la gesti\u00f3n y resguardo de la documentaci\u00f3n del establecimiento. b) Participar de los &#8230; <a title=\"Funciones de la Secretaria General\" class=\"read-more\" href=\"https:\/\/ifdsao-rng.infd.edu.ar\/sitio\/funciones-de-la-secretaria-general\/\" aria-label=\"More on Funciones de la Secretaria General\">[+]<\/a><\/p>\n","protected":false},"author":879,"featured_media":0,"parent":0,"menu_order":0,"comment_status":"closed","ping_status":"closed","template":"","meta":[],"acf":[],"_links":{"self":[{"href":"https:\/\/ifdsao-rng.infd.edu.ar\/sitio\/wp-json\/wp\/v2\/pages\/2936"}],"collection":[{"href":"https:\/\/ifdsao-rng.infd.edu.ar\/sitio\/wp-json\/wp\/v2\/pages"}],"about":[{"href":"https:\/\/ifdsao-rng.infd.edu.ar\/sitio\/wp-json\/wp\/v2\/types\/page"}],"author":[{"embeddable":true,"href":"https:\/\/ifdsao-rng.infd.edu.ar\/sitio\/wp-json\/wp\/v2\/users\/879"}],"replies":[{"embeddable":true,"href":"https:\/\/ifdsao-rng.infd.edu.ar\/sitio\/wp-json\/wp\/v2\/comments?post=2936"}],"version-history":[{"count":3,"href":"https:\/\/ifdsao-rng.infd.edu.ar\/sitio\/wp-json\/wp\/v2\/pages\/2936\/revisions"}],"predecessor-version":[{"id":2940,"href":"https:\/\/ifdsao-rng.infd.edu.ar\/sitio\/wp-json\/wp\/v2\/pages\/2936\/revisions\/2940"}],"wp:attachment":[{"href":"https:\/\/ifdsao-rng.infd.edu.ar\/sitio\/wp-json\/wp\/v2\/media?parent=2936"}],"curies":[{"name":"wp","href":"https:\/\/api.w.org\/{rel}","templated":true}]}}