{"id":2931,"date":"2020-07-23T23:56:57","date_gmt":"2020-07-24T02:56:57","guid":{"rendered":"https:\/\/ifdsao-rng.infd.edu.ar\/sitio\/?page_id=2931"},"modified":"2023-10-02T18:46:03","modified_gmt":"2023-10-02T21:46:03","slug":"funciones-del-consejo-directivo","status":"publish","type":"page","link":"https:\/\/ifdsao-rng.infd.edu.ar\/sitio\/funciones-del-consejo-directivo\/","title":{"rendered":"Funciones del Consejo Directivo"},"content":{"rendered":"<p><img decoding=\"async\" loading=\"lazy\" class=\"aligncenter wp-image-2691\" src=\"https:\/\/ifdsao-rng.infd.edu.ar\/sitio\/wp-content\/uploads\/2020\/07\/Encabezado_CD.jpg\" alt=\"\" width=\"791\" height=\"196\" srcset=\"https:\/\/ifdsao-rng.infd.edu.ar\/sitio\/wp-content\/uploads\/2020\/07\/Encabezado_CD.jpg 960w, https:\/\/ifdsao-rng.infd.edu.ar\/sitio\/wp-content\/uploads\/2020\/07\/Encabezado_CD-768x190.jpg 768w\" sizes=\"(max-width: 791px) 100vw, 791px\" \/><\/p>\n<h1 style=\"text-align: center;\"><span style=\"color: #800000;\">\u00d3RGANO COLEGIADO INSTITUCIONAL<\/span><\/h1>\n<h6 style=\"text-align: justify;\"><span style=\"font-size: 10pt; font-family: 'trebuchet ms', geneva;\">Seg\u00fan el (R.O.M) &#8211; <strong><span style=\"color: #800000;\">Art\u00edculo 32\u00ba<\/span>.<\/strong>&#8211; Consejo Directivo. El gobierno de los Institutos se organiza bajo la figura del\u00a0co gobierno, ejercido por un Consejo Directivo que preside el Director\/a y que integran los\u00a0representantes de docentes, estudiantes y egresados. Es el \u00f3rgano responsable por el\u00a0desarrollo del proyecto formativo institucional y de la orientaci\u00f3n, asesoramiento y\u00a0supervisi\u00f3n de su gesti\u00f3n, promueve la participaci\u00f3n de los claustros que lo componen a\u00a0trav\u00e9s de sus representantes, quienes tienen adem\u00e1s, la responsabilidad de ser el veh\u00edculo\u00a0para la informaci\u00f3n y consulta del colectivo al que representan.<\/span><\/h6>\n<h2 style=\"text-align: left;\"><span style=\"color: #800000;\">FUNCIONES:<\/span><\/h2>\n<h6><span style=\"color: #800000;\"><strong><span style=\"font-size: 10pt; font-family: 'trebuchet ms', geneva;\">Art\u00edculo 33\u00ba.<\/span><\/strong><\/span><span style=\"font-size: 10pt; font-family: 'trebuchet ms', geneva;\"> Funciones del Consejo Directivo. Son funciones propias del Consejo\u00a0Directivo, entre otras, las siguientes:<\/span><br \/>\n<span style=\"font-size: 10pt; font-family: 'trebuchet ms', geneva;\"><br \/>\n<span style=\"color: #800000;\"><strong>a)<\/strong><\/span> Elegir y designar al Director\/a y al Coordinador del Departamento de Formaci\u00f3n.<\/span><\/h6>\n<h6><span style=\"font-size: 10pt; font-family: 'trebuchet ms', geneva;\"><strong><span style=\"color: #800000;\">b)<\/span> <\/strong>Designar a los Coordinadores de Formaci\u00f3n Permanente y de Investigaci\u00f3n y Extensi\u00f3n\u00a0propuestos por el Director\/a.<\/span><\/h6>\n<h6><span style=\"font-size: 10pt; font-family: 'trebuchet ms', geneva;\"><strong><span style=\"color: #800000;\">c)<\/span> <\/strong>Designar a los Secretarios y a los integrantes del \u00c1rea de Documentaci\u00f3n y Recursos de\u00a0Apoyo t\u00e9cnico-pedag\u00f3gico y reglamentar sus funciones.<\/span><\/h6>\n<h6><span style=\"font-size: 10pt; font-family: 'trebuchet ms', geneva;\"><strong><span style=\"color: #800000;\">d)<\/span><\/strong> Nombrar docentes en car\u00e1cter de interinos y suplentes, de conformidad con la normativa\u00a0vigente y aprobar o modificar el r\u00e9gimen de asignaci\u00f3n de cargas horarias de los docentes,\u00a0de acuerdo a la Planta Org\u00e1nica Funcional.<\/span><\/h6>\n<h6><span style=\"font-size: 10pt; font-family: 'trebuchet ms', geneva;\"><strong><span style=\"color: #800000;\">e)<\/span><\/strong> Redactar, cumplir y hacer cumplir la normativa emanada del Reglamento Org\u00e1nico\u00a0Marco, Reglamento de Elecciones, Reglamentos de Concursos, Reglamento de Pr\u00e1cticas,\u00a0Reglamento Org\u00e1nico Institucional, y aplicar las dem\u00e1s normas que en consecuencia se\u00a0dicten.<\/span><\/h6>\n<h6><span style=\"font-size: 10pt; font-family: 'trebuchet ms', geneva;\"><strong><span style=\"color: #800000;\">f)<\/span><\/strong> Considerar y aprobar el calendario acad\u00e9mico institucional en el marco del Calendario\u00a0Escolar, a propuesta del Director\/a.<\/span><\/h6>\n<h6><span style=\"font-size: 10pt; font-family: 'trebuchet ms', geneva;\"><strong><span style=\"color: #800000;\">g)<\/span> <\/strong>Convalidar la participaci\u00f3n, cogesti\u00f3n u otras formas de vinculaci\u00f3n del Instituto en\u00a0eventos cient\u00edficos y acad\u00e9micos a propuesta del Equipo Directivo y dem\u00e1s actores\u00a0institucionales.<\/span><\/h6>\n<h6><span style=\"font-size: 10pt; font-family: 'trebuchet ms', geneva;\"><strong><span style=\"color: #800000;\">h)<\/span><\/strong> Asesorar al Equipo Directivo en todos los asuntos que se someten a su consulta y crear\u00a0comisiones ad-hoc, para el asesoramiento y tratamiento de cuestiones espec\u00edficas.<\/span><\/h6>\n<h6><span style=\"font-size: 10pt; font-family: 'trebuchet ms', geneva;\"><strong><span style=\"color: #800000;\">i)<\/span> <\/strong>Llamar a elecciones peri\u00f3dicas para la renovaci\u00f3n de Consejeros.\u00a0j) Redactar, aprobar, cumplir y hacer cumplir el Proyecto Formativo Institucional.<\/span><\/h6>\n<h6><span style=\"font-size: 10pt; font-family: 'trebuchet ms', geneva;\"><strong><span style=\"color: #800000;\">k)<\/span><\/strong> Evaluar peri\u00f3dicamente los Proyectos de Coordinaci\u00f3n de los diferentes Departamentos.<\/span><\/h6>\n<h6><span style=\"font-size: 10pt; font-family: 'trebuchet ms', geneva;\"><strong><span style=\"color: #800000;\">l)<\/span><\/strong> Dar curso a las licencias solicitadas por los docentes en las situaciones que correspondiere.<\/span><\/h6>\n<h6><span style=\"font-size: 10pt; font-family: 'trebuchet ms', geneva;\"><strong><span style=\"color: #800000;\">m)<\/span><\/strong> Intervenir en primera instancia ante situaciones de incumplimiento en las funciones\u00a0docentes y elevar, ante la Junta de Disciplina del Consejo Provincial de Educaci\u00f3n, las\u00a0actuaciones que a los efectos correspondiere.<\/span><\/h6>\n<h2 style=\"text-align: left;\"><span style=\"color: #800000;\">INTEGRACI\u00d3N:<\/span><\/h2>\n<h6 style=\"text-align: justify;\"><span style=\"font-size: 10pt; font-family: 'trebuchet ms', geneva;\"><span style=\"color: #800000;\"><strong>Art\u00edculo 34\u00ba.<\/strong><\/span>&#8211; Integraci\u00f3n. El Consejo Directivo est\u00e1 integrado por cuatro (4) docentes, dos\u00a0(2) estudiantes y dos (2) egresados. Cada integrante tendr\u00e1 su correspondiente suplente,\u00a0garantizando la representaci\u00f3n de las diferentes carreras que se dicten en el IFDC. Deber\u00e1n\u00a0preverse suplentes para cada estamento participante. El cargo de consejero es electivo y\u00a0temporal.<br \/>\nEl Consejo Directivo es presidido por el Director\/a, con voz y sin voto, excepto en caso de\u00a0empate. En caso de ausencia de la Direcci\u00f3n, preside las sesiones la Coordinaci\u00f3n de\u00a0Formaci\u00f3n.\u00a0La elecci\u00f3n de los Integrantes del Consejo Directivo est\u00e1 determinada en el Reglamento de\u00a0Elecciones.<\/span><\/h6>\n<ul>\n<li>\n<h6><strong>Directora:\u00a0<\/strong>\u00a0<span style=\"color: #800000;\">Lic. Silvina GARC\u00cdA SOLER<\/span><\/h6>\n<\/li>\n<li>\n<h6><strong>Secretaria:<\/strong>\u00a0<span style=\"color: #800000;\">Prof. Claudia PRIETO<\/span><\/h6>\n<\/li>\n<li>\n<h6><strong>Docentes:<\/strong>\u00a0\u00a0<span style=\"color: #800000;\">Prof. Claudia GOCEK\u2013\u00a0\u00a0Prof. Mar\u00eda Elena CECI\u00a0 \u2013\u00a0\u00a0Prof. Catherine DYE\u00a0 \u2013\u00a0\u00a0 Prof. Ingrid SANDER \u2013<\/span><\/h6>\n<\/li>\n<li>\n<h6><strong>Estudiantes<\/strong>:\u00a0 \u00a0<span style=\"color: #800000;\">Shirley CORTESI &#8211; Jos\u00e9 ROSA &#8211; Natalia ALVAREZ<\/span><\/h6>\n<\/li>\n<li>\n<h6>Egresados: <span style=\"color: #800000;\">\u2013<\/span><\/h6>\n<\/li>\n<\/ul>\n","protected":false},"excerpt":{"rendered":"<p>\u00d3RGANO COLEGIADO INSTITUCIONAL Seg\u00fan el (R.O.M) &#8211; Art\u00edculo 32\u00ba.&#8211; Consejo Directivo. El gobierno de los Institutos se organiza bajo la figura del\u00a0co gobierno, ejercido por un Consejo Directivo que preside el Director\/a y que integran los\u00a0representantes de docentes, estudiantes y egresados. Es el \u00f3rgano responsable por el\u00a0desarrollo del proyecto formativo institucional y de la orientaci\u00f3n, &#8230; <a title=\"Funciones del Consejo Directivo\" class=\"read-more\" href=\"https:\/\/ifdsao-rng.infd.edu.ar\/sitio\/funciones-del-consejo-directivo\/\" aria-label=\"More on Funciones del Consejo Directivo\">[+]<\/a><\/p>\n","protected":false},"author":879,"featured_media":0,"parent":0,"menu_order":0,"comment_status":"closed","ping_status":"closed","template":"","meta":[],"acf":[],"_links":{"self":[{"href":"https:\/\/ifdsao-rng.infd.edu.ar\/sitio\/wp-json\/wp\/v2\/pages\/2931"}],"collection":[{"href":"https:\/\/ifdsao-rng.infd.edu.ar\/sitio\/wp-json\/wp\/v2\/pages"}],"about":[{"href":"https:\/\/ifdsao-rng.infd.edu.ar\/sitio\/wp-json\/wp\/v2\/types\/page"}],"author":[{"embeddable":true,"href":"https:\/\/ifdsao-rng.infd.edu.ar\/sitio\/wp-json\/wp\/v2\/users\/879"}],"replies":[{"embeddable":true,"href":"https:\/\/ifdsao-rng.infd.edu.ar\/sitio\/wp-json\/wp\/v2\/comments?post=2931"}],"version-history":[{"count":4,"href":"https:\/\/ifdsao-rng.infd.edu.ar\/sitio\/wp-json\/wp\/v2\/pages\/2931\/revisions"}],"predecessor-version":[{"id":5675,"href":"https:\/\/ifdsao-rng.infd.edu.ar\/sitio\/wp-json\/wp\/v2\/pages\/2931\/revisions\/5675"}],"wp:attachment":[{"href":"https:\/\/ifdsao-rng.infd.edu.ar\/sitio\/wp-json\/wp\/v2\/media?parent=2931"}],"curies":[{"name":"wp","href":"https:\/\/api.w.org\/{rel}","templated":true}]}}