{"id":2892,"date":"2020-07-23T02:43:42","date_gmt":"2020-07-23T05:43:42","guid":{"rendered":"https:\/\/ifdsao-rng.infd.edu.ar\/sitio\/?page_id=2892"},"modified":"2026-03-18T12:27:17","modified_gmt":"2026-03-18T15:27:17","slug":"normativas","status":"publish","type":"page","link":"https:\/\/ifdsao-rng.infd.edu.ar\/sitio\/normativas\/","title":{"rendered":"Normativas"},"content":{"rendered":"<div class=\"wp-block-image\">\n<figure class=\"aligncenter\"><img decoding=\"async\" loading=\"lazy\" width=\"960\" height=\"246\" src=\"https:\/\/ifdsao-rng.infd.edu.ar\/sitio\/wp-content\/uploads\/2020\/07\/Encabezado_SE.jpg\" alt=\"\" class=\"wp-image-2686\" srcset=\"https:\/\/ifdsao-rng.infd.edu.ar\/sitio\/wp-content\/uploads\/2020\/07\/Encabezado_SE.jpg 960w, https:\/\/ifdsao-rng.infd.edu.ar\/sitio\/wp-content\/uploads\/2020\/07\/Encabezado_SE-768x197.jpg 768w\" sizes=\"(max-width: 960px) 100vw, 960px\" \/><\/figure><\/div>\n\n\n<h1 class=\"wp-block-heading\"><span style=\"color: #333399;\"><strong>NORMATIVAS VIGENTES<\/strong><\/span><\/h1>\n\n\n\n<p><\/p>\n\n\n\n<figure class=\"wp-block-table\"><table><tbody><tr><td>     <ul><li><span style=\"font-family: 'trebuchet ms', geneva; font-size: 10pt;\">Confecci\u00f3n de T\u00edtulos Educaci\u00f3n Superior<\/span><\/li><\/ul><\/td><td><a href=\"https:\/\/ifdsao-rng.infd.edu.ar\/sitio\/wp-content\/uploads\/2026\/03\/CONFECCION-DE-TITULOS-EDUCACION-SUPERIOR.pdf\" target=\"_blank\" rel=\"noreferrer noopener\"><img decoding=\"async\" loading=\"lazy\" width=\"190\" height=\"266\" class=\"wp-image-1651\" style=\"width: 50px;\" src=\"https:\/\/ifdsao-rng.infd.edu.ar\/sitio\/wp-content\/uploads\/2019\/04\/pdf-descarga.jpeg\" alt=\"\"><\/a><\/td><\/tr><tr><td>  <ul><li><span style=\"font-family: 'trebuchet ms', geneva; font-size: 10pt;\">Resoluci\u00f3n <strong>4.077\/14:<\/strong> R\u00e9gimen Acad\u00e9mico Marco (<strong>R.A.M<\/strong>)<\/span><\/li> <\/ul> <\/td><td><a rel=\"noopener\" href=\"https:\/\/drive.google.com\/file\/d\/1KtraCV5vEN5i_Wmv8ZjCkMzZh9v1qy77\/view?usp=sharing\" target=\"_blank\"><img decoding=\"async\" loading=\"lazy\" width=\"42\" height=\"59\" class=\"aligncenter\" src=\"https:\/\/ifdsao-rng.infd.edu.ar\/sitio\/wp-content\/uploads\/2019\/04\/pdf-descarga.jpeg\"><\/a><\/td><\/tr><tr><td>\n<ul>\n<li><span style=\"font-family: 'trebuchet ms', geneva; font-size: 10pt;\">Resoluci\u00f3n&nbsp;<strong>2425\/16:<\/strong>&nbsp;Reglamento Org\u00e1nico Marco (<strong>R.O.M<\/strong>)<\/span><\/li>\n<\/ul>\n<\/td><td><a href=\"https:\/\/drive.google.com\/file\/d\/1KlIbs-42oxxJPTZ0TyahmhmfSxSWpOrY\/view?usp=sharing\" target=\"_blank\" rel=\"noopener\"><img decoding=\"async\" loading=\"lazy\" class=\"aligncenter\" src=\"https:\/\/ifdsao-rng.infd.edu.ar\/sitio\/wp-content\/uploads\/2019\/04\/pdf-descarga.jpeg\" width=\"42\" height=\"59\"><\/a><\/td><\/tr><tr><td>\n<ul>\n<li><span style=\"font-family: 'trebuchet ms', geneva; font-size: 10pt;\">Resoluci\u00f3n&nbsp;<strong>1594\/17:&nbsp;<\/strong>\u00bfTen\u00e9s m\u00e1s de 25 a\u00f1os y te gustar\u00eda estudiar una carrera terciaria, pero no terminaste los estudios secundarios?<\/span><\/li>\n<\/ul>\n<\/td><td><a href=\"https:\/\/drive.google.com\/file\/d\/1PreyAfNpJjoldKogUNTwPvfJFYysJw-r\/view?usp=sharing\" target=\"_blank\" rel=\"noopener\"><img decoding=\"async\" loading=\"lazy\" class=\"aligncenter\" src=\"https:\/\/ifdsao-rng.infd.edu.ar\/sitio\/wp-content\/uploads\/2019\/04\/pdf-descarga.jpeg\" width=\"44\" height=\"62\"><\/a><\/td><\/tr><tr><td>\n<ul>\n<li><span style=\"font-family: 'trebuchet ms', geneva; font-size: 10pt;\"><span style=\"font-family: 'trebuchet ms', geneva; font-size: 10pt;\">Resoluci\u00f3n&nbsp;<strong>2841\/08:&nbsp;<\/strong><\/span><\/span><span style=\"font-family: 'trebuchet ms', geneva; font-size: 10pt;\">Reglamento para el otorgamiento de las Becas de Residencias&nbsp;<span style=\"color: #333333;\">Universitarias y\/o de Nivel Superior (destinada a estudiantes de los Institutos de&nbsp;<\/span>Formaci\u00f3n Docente Continua).<\/span><\/li>\n<\/ul>\n<\/td><td><a href=\"https:\/\/drive.google.com\/file\/d\/1bWpVP2NdbuMWst1zuNEAzLFnz6MOxeWP\/view?usp=sharing\" target=\"_blank\" rel=\"noopener\"><img decoding=\"async\" loading=\"lazy\" class=\"aligncenter\" src=\"https:\/\/ifdsao-rng.infd.edu.ar\/sitio\/wp-content\/uploads\/2019\/04\/pdf-descarga.jpeg\" width=\"44\" height=\"62\"><\/a><\/td><\/tr><tr><td>\n<ul>\n<li><span style=\"font-family: 'trebuchet ms', geneva; font-size: 10pt;\"><span style=\"font-family: 'trebuchet ms', geneva; font-size: 10pt;\">Resoluci\u00f3n&nbsp;<strong>20\/16:&nbsp;<\/strong><\/span><\/span><span style=\"font-family: 'trebuchet ms', geneva; font-size: 10pt;\">Modificatoria del Anexo I de la Resoluci\u00f3n N\u00ba 2841\/08 del Reglamento para el otorgamiento de las Becas de Residencias&nbsp;Universitarias y\/o de Nivel Superior.<\/span><\/li>\n<\/ul>\n<\/td><td><a href=\"https:\/\/drive.google.com\/file\/d\/1AvdB1zsd_I2mAxe9_MCA1ksK2QGgDyED\/view?usp=sharing\" target=\"_blank\" rel=\"noopener\"><img decoding=\"async\" loading=\"lazy\" class=\"aligncenter\" src=\"https:\/\/ifdsao-rng.infd.edu.ar\/sitio\/wp-content\/uploads\/2019\/04\/pdf-descarga.jpeg\" width=\"44\" height=\"62\"><\/a><\/td><\/tr><tr><td>\n<ul>\n<li><span style=\"font-family: 'trebuchet ms', geneva; font-size: 10pt;\">Ley N\u00ba<strong> 3691\/02:<\/strong>Garant\u00edas para estudiantes embarazadas o en situaci\u00f3n de paternidad.<\/span><\/li>\n<\/ul>\n<\/td><td><a href=\"https:\/\/drive.google.com\/file\/d\/1EzJ-_XcpNLb0-NXfr-iCCgV0WCBr9dHL\/view?usp=sharing\" target=\"_blank\" rel=\"noopener\"><img decoding=\"async\" loading=\"lazy\" class=\"aligncenter\" src=\"https:\/\/ifdsao-rng.infd.edu.ar\/sitio\/wp-content\/uploads\/2019\/04\/pdf-descarga.jpeg\" width=\"42\" height=\"59\"><\/a><\/td><\/tr><tr><td>\n<ul>\n<li><span style=\"font-family: 'trebuchet ms', geneva; font-size: 10pt;\">Ley N\u00ba <strong>4566<\/strong>: modificatoria de la Ley N\u00ba 3196 (amplia derechos embarazadas)<\/span><\/li>\n<\/ul>\n<\/td><td><a href=\"https:\/\/drive.google.com\/file\/d\/1nPR_oN2qHhgBGOS5BnI9XDxIkHwP1-O6\/view?usp=drive_link\" target=\"_blank\" rel=\"noreferrer noopener\"><img decoding=\"async\" loading=\"lazy\" width=\"42\" height=\"59\" class=\"aligncenter\" src=\"https:\/\/ifdsao-rng.infd.edu.ar\/sitio\/wp-content\/uploads\/2019\/04\/pdf-descarga.jpeg\"><\/a><\/td><\/tr><tr><td>\n<ul>\n<li><span style=\"font-family: 'trebuchet ms', geneva; font-size: 10pt;\">Ley Nacional N\u00ba <strong>26877\/13<\/strong>: Centros de Estudiantes<\/span><\/li>\n<\/ul>\n<\/td><td><a href=\"https:\/\/drive.google.com\/file\/d\/1B_7xM-5fhLoWL_59y3f5Rce5d_LnPUhh\/view?usp=sharing\" target=\"_blank\" rel=\"noopener\"><img decoding=\"async\" loading=\"lazy\" class=\"aligncenter\" src=\"https:\/\/ifdsao-rng.infd.edu.ar\/sitio\/wp-content\/uploads\/2019\/04\/pdf-descarga.jpeg\" width=\"44\" height=\"62\"><\/a><\/td><\/tr><tr><td>\n<ul>\n<li><span style=\"font-family: 'trebuchet ms', geneva; font-size: 10pt;\">Ley Provincial N\u00ba <strong>2812\/94<\/strong>: Centros de Estudiantes<\/span><\/li>\n<\/ul>\n<\/td><td><a href=\"https:\/\/drive.google.com\/file\/d\/1DxjMsZxD5CnfDuAsmfefFCvb1tXO9-Pb\/view?usp=sharing\" target=\"_blank\" rel=\"noopener\"><img decoding=\"async\" loading=\"lazy\" class=\"aligncenter\" src=\"https:\/\/ifdsao-rng.infd.edu.ar\/sitio\/wp-content\/uploads\/2019\/04\/pdf-descarga.jpeg\" width=\"43\" height=\"61\"><\/a><\/td><\/tr><tr><td> <\/td><td><\/td><\/tr><tr><td>&nbsp;<\/td><td>&nbsp;<\/td><\/tr><tr><td><\/td><\/tr><\/tbody><\/table><\/figure>\n\n\n\n<figure class=\"wp-block-table alignleft\"><table><tbody><tr><td>           RESOL. N\u00b0 251\/25 &#8211; Equivalencia directa (elimina el pase en nivel superior) <\/td><td><a href=\"https:\/\/drive.google.com\/file\/d\/1_7Y4-D_WkcoypbM2Rcw4OSz-ACcEPCK-\/view?usp=drive_link\" data-type=\"URL\" data-id=\"https:\/\/drive.google.com\/file\/d\/1_7Y4-D_WkcoypbM2Rcw4OSz-ACcEPCK-\/view?usp=drive_link\"><img decoding=\"async\" loading=\"lazy\" width=\"42\" height=\"59\" class=\"aligncenter\" src=\"https:\/\/ifdsao-rng.infd.edu.ar\/sitio\/wp-content\/uploads\/2019\/04\/pdf-descarga.jpeg\"><\/a><\/td><\/tr><tr><td> <ul>  <\/ul>          RESOL. N\u00b0 251\/25 &#8211; N\u00b0100\/25- Equivalencia directa (elimina el pase en nivel superior) <\/td><td><a href=\"https:\/\/drive.google.com\/file\/d\/120TAJLTSFmQiJ_p-DPLpJXRFTAH2yqSU\/view?usp=drive_link\"><img decoding=\"async\" loading=\"lazy\" width=\"42\" height=\"59\" class=\"aligncenter\" src=\"https:\/\/ifdsao-rng.infd.edu.ar\/sitio\/wp-content\/uploads\/2019\/04\/pdf-descarga.jpeg\"><\/a><\/td><\/tr><tr><td><ul>DISP- 107\/24 :APRUEBA el documento de Acompa\u00f1amiento Curricular: \u201cEvaluaci\u00f3n y Acreditaci\u00f3n de los distintos formatos curriculares\u201d <\/ul><\/td><td><a href=\"https:\/\/drive.google.com\/file\/d\/1nxZPt7lq2r1YP_HQUDIMtf2aYuvW21RR\/view?usp=drive_link\"><img decoding=\"async\" loading=\"lazy\" width=\"44\" height=\"62\" class=\"aligncenter\" src=\"https:\/\/ifdsao-rng.infd.edu.ar\/sitio\/wp-content\/uploads\/2019\/04\/pdf-descarga.jpeg\"><\/a><\/td><\/tr><tr><td><ul>DISP. N\u00b0 49\/23 Estudiantes que trabajan en temporada <\/ul> <\/td><td><a href=\"https:\/\/drive.google.com\/file\/d\/1xIuCYgIOHN5t-xWINHpzkIxX8JhjbNOL\/view?usp=sharing\"><img decoding=\"async\" loading=\"lazy\" width=\"44\" height=\"62\" class=\"aligncenter\" src=\"https:\/\/ifdsao-rng.infd.edu.ar\/sitio\/wp-content\/uploads\/2019\/04\/pdf-descarga.jpeg\"><\/a><\/td><\/tr><tr><td>          DISP. N\u00b0 56\/23 Recursar UC con cursados vigentes<\/td><td><a href=\"https:\/\/drive.google.com\/file\/d\/1KcHPRU8QRNQUEyxRbQjLrvoA7wt_J8PS\/view?usp=sharing\"><img decoding=\"async\" loading=\"lazy\" width=\"44\" height=\"62\" class=\"aligncenter\" src=\"https:\/\/ifdsao-rng.infd.edu.ar\/sitio\/wp-content\/uploads\/2019\/04\/pdf-descarga.jpeg\"><\/a><\/td><\/tr><tr><td><ul> <\/ul>          DISP. N\u00b0 120\/22 (Cursos autogestionados-INFOD) <\/td><td><a href=\"https:\/\/drive.google.com\/file\/d\/1G8e_HCvluKDPW0UgCxvBRJeG72zLxKL_\/view?usp=sharing\"><img decoding=\"async\" loading=\"lazy\" width=\"42\" height=\"59\" class=\"aligncenter\" src=\"https:\/\/ifdsao-rng.infd.edu.ar\/sitio\/wp-content\/uploads\/2019\/04\/pdf-descarga.jpeg\"><\/a><\/td><\/tr><tr><td><ul> <\/ul>          DISP. N\u00b0 112\/22 Asistencia de estudiantes con hijos\/as<\/td><td><a href=\"https:\/\/drive.google.com\/file\/d\/1fMfSbczHC5NeAkLQ4Vi0ifw7hjOB-QvM\/view?usp=sharing\"><img decoding=\"async\" loading=\"lazy\" width=\"42\" height=\"59\" class=\"aligncenter\" src=\"https:\/\/ifdsao-rng.infd.edu.ar\/sitio\/wp-content\/uploads\/2019\/04\/pdf-descarga.jpeg\"><\/a><\/td><\/tr><tr><td><ul> <\/ul>         DISP. N\u00b0 185\/21 Recursar unidades curriculares correspondiente al Campo de la Formaci\u00f3n General en el cuatrimestre que no corresponde <\/td><td><a href=\"https:\/\/drive.google.com\/file\/d\/1cSbMyTk6veGuahNnpqBi4v7ttrNp9bb3\/view?usp=sharing\"><img decoding=\"async\" loading=\"lazy\" width=\"44\" height=\"62\" class=\"aligncenter\" src=\"https:\/\/ifdsao-rng.infd.edu.ar\/sitio\/wp-content\/uploads\/2019\/04\/pdf-descarga.jpeg\"><\/a><\/td><\/tr><tr><td> <ul>DISP. N\u00b0 180\/18 DES Equivalencias autom\u00e1ticas <\/ul> <\/td><td><a href=\"https:\/\/drive.google.com\/file\/d\/1_IqwJNzBhHQuQUw9cqMKnMkbaBWPatNa\/view?usp=sharing\"><img decoding=\"async\" loading=\"lazy\" width=\"43\" height=\"61\" class=\"aligncenter\" src=\"https:\/\/ifdsao-rng.infd.edu.ar\/sitio\/wp-content\/uploads\/2019\/04\/pdf-descarga.jpeg\"><\/a><\/td><\/tr><tr><td> <ul> <\/ul>          DISP. N\u00b0 29\/15 Examen libre <\/td><td><a href=\"https:\/\/drive.google.com\/file\/d\/1GZ2Xrmhcx86LKwe_KvLXT_DlrZgzA2Zb\/view?usp=sharing\"><img decoding=\"async\" loading=\"lazy\" width=\"43\" height=\"61\" class=\"aligncenter\" src=\"https:\/\/ifdsao-rng.infd.edu.ar\/sitio\/wp-content\/uploads\/2019\/04\/pdf-descarga.jpeg\"><\/a><\/td><\/tr><tr><td>&nbsp;      Res. 20\/16 es beca de residencia<\/td><td>&nbsp;<a href=\"https:\/\/drive.google.com\/file\/d\/1PuDRa86B3K2G9fiVzQHeNG4h1c__AqtX\/view?usp=drive_link\"><img decoding=\"async\" loading=\"lazy\" width=\"190\" height=\"266\" class=\"wp-image-1651\" style=\"width: 50px;\" src=\"https:\/\/ifdsao-rng.infd.edu.ar\/sitio\/wp-content\/uploads\/2019\/04\/pdf-descarga.jpeg\" alt=\"\"><\/a><\/td><\/tr><tr><td>&nbsp;<\/td><\/tr><\/tbody><\/table><\/figure>\n","protected":false},"excerpt":{"rendered":"<p>NORMATIVAS VIGENTES Confecci\u00f3n de T\u00edtulos Educaci\u00f3n Superior Resoluci\u00f3n 4.077\/14: R\u00e9gimen Acad\u00e9mico Marco (R.A.M) Resoluci\u00f3n&nbsp;2425\/16:&nbsp;Reglamento Org\u00e1nico Marco (R.O.M) Resoluci\u00f3n&nbsp;1594\/17:&nbsp;\u00bfTen\u00e9s m\u00e1s de 25 a\u00f1os y te gustar\u00eda estudiar una carrera terciaria, pero no terminaste los estudios secundarios? Resoluci\u00f3n&nbsp;2841\/08:&nbsp;Reglamento para el otorgamiento de las Becas de Residencias&nbsp;Universitarias y\/o de Nivel Superior (destinada a estudiantes de los Institutos de&nbsp;Formaci\u00f3n &#8230; <a title=\"Normativas\" class=\"read-more\" href=\"https:\/\/ifdsao-rng.infd.edu.ar\/sitio\/normativas\/\" aria-label=\"More on Normativas\">[+]<\/a><\/p>\n","protected":false},"author":879,"featured_media":0,"parent":0,"menu_order":0,"comment_status":"closed","ping_status":"closed","template":"","meta":[],"acf":[],"_links":{"self":[{"href":"https:\/\/ifdsao-rng.infd.edu.ar\/sitio\/wp-json\/wp\/v2\/pages\/2892"}],"collection":[{"href":"https:\/\/ifdsao-rng.infd.edu.ar\/sitio\/wp-json\/wp\/v2\/pages"}],"about":[{"href":"https:\/\/ifdsao-rng.infd.edu.ar\/sitio\/wp-json\/wp\/v2\/types\/page"}],"author":[{"embeddable":true,"href":"https:\/\/ifdsao-rng.infd.edu.ar\/sitio\/wp-json\/wp\/v2\/users\/879"}],"replies":[{"embeddable":true,"href":"https:\/\/ifdsao-rng.infd.edu.ar\/sitio\/wp-json\/wp\/v2\/comments?post=2892"}],"version-history":[{"count":11,"href":"https:\/\/ifdsao-rng.infd.edu.ar\/sitio\/wp-json\/wp\/v2\/pages\/2892\/revisions"}],"predecessor-version":[{"id":7422,"href":"https:\/\/ifdsao-rng.infd.edu.ar\/sitio\/wp-json\/wp\/v2\/pages\/2892\/revisions\/7422"}],"wp:attachment":[{"href":"https:\/\/ifdsao-rng.infd.edu.ar\/sitio\/wp-json\/wp\/v2\/media?parent=2892"}],"curies":[{"name":"wp","href":"https:\/\/api.w.org\/{rel}","templated":true}]}}