{"id":2786,"date":"2020-07-22T18:42:09","date_gmt":"2020-07-22T21:42:09","guid":{"rendered":"https:\/\/ifdsao-rng.infd.edu.ar\/sitio\/?page_id=2786"},"modified":"2020-07-22T18:42:49","modified_gmt":"2020-07-22T21:42:49","slug":"2786-2","status":"publish","type":"page","link":"https:\/\/ifdsao-rng.infd.edu.ar\/sitio\/2786-2\/","title":{"rendered":"Contacto Mediadores Digitales"},"content":{"rendered":"<p><img decoding=\"async\" loading=\"lazy\" class=\"aligncenter wp-image-2751\" src=\"https:\/\/ifdsao-rng.infd.edu.ar\/sitio\/wp-content\/uploads\/2020\/07\/Encabezado_MED_TIC.jpg\" alt=\"\" width=\"746\" height=\"185\" srcset=\"https:\/\/ifdsao-rng.infd.edu.ar\/sitio\/wp-content\/uploads\/2020\/07\/Encabezado_MED_TIC.jpg 960w, https:\/\/ifdsao-rng.infd.edu.ar\/sitio\/wp-content\/uploads\/2020\/07\/Encabezado_MED_TIC-768x190.jpg 768w\" sizes=\"(max-width: 746px) 100vw, 746px\" \/><\/p>\n<h2 style=\"text-align: center;\"><strong>FORMULARIO DE CONTACTO CON LOS MEDIADORES DIGITALES<\/strong><\/h2>\n\n<div class=\"wpcf7 no-js\" id=\"wpcf7-f2785-o1\" lang=\"es-ES\" dir=\"ltr\">\n<div class=\"screen-reader-response\"><p role=\"status\" aria-live=\"polite\" aria-atomic=\"true\"><\/p> <ul><\/ul><\/div>\n<form action=\"\/sitio\/wp-json\/wp\/v2\/pages\/2786#wpcf7-f2785-o1\" method=\"post\" class=\"wpcf7-form init\" aria-label=\"Formulario de contacto\" novalidate=\"novalidate\" data-status=\"init\">\n<div style=\"display: none;\">\n<input type=\"hidden\" name=\"_wpcf7\" value=\"2785\" \/>\n<input type=\"hidden\" name=\"_wpcf7_version\" value=\"5.7.7\" \/>\n<input type=\"hidden\" name=\"_wpcf7_locale\" value=\"es_ES\" \/>\n<input type=\"hidden\" name=\"_wpcf7_unit_tag\" value=\"wpcf7-f2785-o1\" \/>\n<input type=\"hidden\" name=\"_wpcf7_container_post\" value=\"0\" \/>\n<input type=\"hidden\" name=\"_wpcf7_posted_data_hash\" value=\"\" \/>\n<input type=\"hidden\" name=\"_wpcf7_recaptcha_response\" value=\"\" \/>\n<\/div>\n<p><label> Apellido y Nombre: (*)<br \/>\n<span class=\"wpcf7-form-control-wrap\" data-name=\"your-name\"><input size=\"40\" class=\"wpcf7-form-control wpcf7-text wpcf7-validates-as-required\" aria-required=\"true\" aria-invalid=\"false\" value=\"\" type=\"text\" name=\"your-name\" \/><\/span> <\/label>\n<\/p>\n<p>Carrera: (*)<br \/>\n<span class=\"wpcf7-form-control-wrap\" data-name=\"Carrera:\"><select class=\"wpcf7-form-control wpcf7-select wpcf7-validates-as-required\" aria-required=\"true\" aria-invalid=\"false\" name=\"Carrera:\"><option value=\"PROFESORADO DE EDUCACI\u00d3N INICIAL\">PROFESORADO DE EDUCACI\u00d3N INICIAL<\/option><option value=\"PROFESORADO DE EDUCACI\u00d3N PRIMARIA\">PROFESORADO DE EDUCACI\u00d3N PRIMARIA<\/option><option value=\"PROFESORADO DE EDUCACI\u00d3N SECUNDARIA EN BIOLOG\u00cdA\">PROFESORADO DE EDUCACI\u00d3N SECUNDARIA EN BIOLOG\u00cdA<\/option><option value=\"TECNICATURA SUPERIOR EN ADMINISTRACI\u00d3N DE EMPRESAS\">TECNICATURA SUPERIOR EN ADMINISTRACI\u00d3N DE EMPRESAS<\/option><option value=\"PROFESORADO DE EDUCACI\u00d3N SECUNDARIA DE LA MODALIDAD T\u00c9CNICO PROFESIONAL EN CONCURRENCIA CON T\u00cdTULO DE BASE\">PROFESORADO DE EDUCACI\u00d3N SECUNDARIA DE LA MODALIDAD T\u00c9CNICO PROFESIONAL EN CONCURRENCIA CON T\u00cdTULO DE BASE<\/option><option value=\"AUXILIAR DE ESTUDIO JUR\u00cdDICO\">AUXILIAR DE ESTUDIO JUR\u00cdDICO<\/option><option value=\"AUXILIAR EN LIQUIDACIONES IMPOSITIVO LABORALES\">AUXILIAR EN LIQUIDACIONES IMPOSITIVO LABORALES<\/option><option value=\"GUARDAVIDAS\">GUARDAVIDAS<\/option><\/select><\/span>\n<\/p>\n<p>Celular de Contacto: (*)<br \/>\n<span class=\"wpcf7-form-control-wrap\" data-name=\"tel-76\"><input size=\"40\" class=\"wpcf7-form-control wpcf7-text wpcf7-tel wpcf7-validates-as-required wpcf7-validates-as-tel\" aria-required=\"true\" aria-invalid=\"false\" value=\"\" type=\"tel\" name=\"tel-76\" \/><\/span>\n<\/p>\n<p><label> Tu correo electr\u00f3nico: (*)<br \/>\n<span class=\"wpcf7-form-control-wrap\" data-name=\"your-email\"><input size=\"40\" class=\"wpcf7-form-control wpcf7-text wpcf7-email wpcf7-validates-as-required wpcf7-validates-as-email\" aria-required=\"true\" aria-invalid=\"false\" value=\"\" type=\"email\" name=\"your-email\" \/><\/span> <\/label>\n<\/p>\n<p><label> Asunto:<span class=\"wpcf7-form-control-wrap\" data-name=\"text-664\"><input size=\"40\" class=\"wpcf7-form-control wpcf7-text wpcf7-validates-as-required\" aria-required=\"true\" aria-invalid=\"false\" value=\"\" type=\"text\" name=\"text-664\" \/><\/span><br \/>\n<\/label>\n<\/p>\n<p><label> Tu mensaje<br \/>\n<span class=\"wpcf7-form-control-wrap\" data-name=\"your-message\"><textarea cols=\"40\" rows=\"10\" class=\"wpcf7-form-control wpcf7-textarea\" aria-invalid=\"false\" name=\"your-message\"><\/textarea><\/span> <\/label>\n<\/p>\n<p>(*) Campos Obligatorios\n<\/p>\n<p><input class=\"wpcf7-form-control has-spinner wpcf7-submit\" type=\"submit\" value=\"Enviar\" \/>\n<\/p><p style=\"display: none !important;\"><label>&#916;<textarea name=\"_wpcf7_ak_hp_textarea\" cols=\"45\" rows=\"8\" maxlength=\"100\"><\/textarea><\/label><input type=\"hidden\" id=\"ak_js_1\" name=\"_wpcf7_ak_js\" value=\"225\"\/><script>document.getElementById( \"ak_js_1\" ).setAttribute( \"value\", ( new Date() ).getTime() );<\/script><\/p><div class=\"wpcf7-response-output\" aria-hidden=\"true\"><\/div>\n<\/form>\n<\/div>\n\n","protected":false},"excerpt":{"rendered":"<p>FORMULARIO DE CONTACTO CON LOS MEDIADORES DIGITALES<\/p>\n","protected":false},"author":879,"featured_media":0,"parent":0,"menu_order":0,"comment_status":"closed","ping_status":"closed","template":"","meta":[],"acf":[],"_links":{"self":[{"href":"https:\/\/ifdsao-rng.infd.edu.ar\/sitio\/wp-json\/wp\/v2\/pages\/2786"}],"collection":[{"href":"https:\/\/ifdsao-rng.infd.edu.ar\/sitio\/wp-json\/wp\/v2\/pages"}],"about":[{"href":"https:\/\/ifdsao-rng.infd.edu.ar\/sitio\/wp-json\/wp\/v2\/types\/page"}],"author":[{"embeddable":true,"href":"https:\/\/ifdsao-rng.infd.edu.ar\/sitio\/wp-json\/wp\/v2\/users\/879"}],"replies":[{"embeddable":true,"href":"https:\/\/ifdsao-rng.infd.edu.ar\/sitio\/wp-json\/wp\/v2\/comments?post=2786"}],"version-history":[{"count":3,"href":"https:\/\/ifdsao-rng.infd.edu.ar\/sitio\/wp-json\/wp\/v2\/pages\/2786\/revisions"}],"predecessor-version":[{"id":4178,"href":"https:\/\/ifdsao-rng.infd.edu.ar\/sitio\/wp-json\/wp\/v2\/pages\/2786\/revisions\/4178"}],"wp:attachment":[{"href":"https:\/\/ifdsao-rng.infd.edu.ar\/sitio\/wp-json\/wp\/v2\/media?parent=2786"}],"curies":[{"name":"wp","href":"https:\/\/api.w.org\/{rel}","templated":true}]}}