{"id":2725,"date":"2020-07-22T08:30:12","date_gmt":"2020-07-22T11:30:12","guid":{"rendered":"https:\/\/ifdsao-rng.infd.edu.ar\/sitio\/?page_id=2725"},"modified":"2020-08-20T21:27:33","modified_gmt":"2020-08-21T00:27:33","slug":"acta-de-nomina-de-postulantes-para-cargos","status":"publish","type":"page","link":"https:\/\/ifdsao-rng.infd.edu.ar\/sitio\/acta-de-nomina-de-postulantes-para-cargos\/","title":{"rendered":"Acta de N\u00f3mina de Postulantes para Cargos"},"content":{"rendered":"<p><img decoding=\"async\" loading=\"lazy\" class=\"aligncenter wp-image-2679\" src=\"https:\/\/ifdsao-rng.infd.edu.ar\/sitio\/wp-content\/uploads\/2020\/07\/Encabezado_SG.jpg\" alt=\"\" width=\"744\" height=\"183\" srcset=\"https:\/\/ifdsao-rng.infd.edu.ar\/sitio\/wp-content\/uploads\/2020\/07\/Encabezado_SG.jpg 960w, https:\/\/ifdsao-rng.infd.edu.ar\/sitio\/wp-content\/uploads\/2020\/07\/Encabezado_SG-768x189.jpg 768w\" sizes=\"(max-width: 744px) 100vw, 744px\" \/><\/p>\n<h2 style=\"text-align: center;\"><strong>ACTA DE N\u00d3MINA DE POSTULANTES PARA CARGOS<\/strong><\/h2>\n<h2 style=\"text-align: center;\"><span style=\"color: #800000;\"><strong><u>Acta Cierre de Inscripci\u00f3n para Cubrir Cargos<\/u><\/strong><\/span><\/h2>\n<p>En San Antonio Oeste, a los 20 d\u00edas del mes de agosto de 2.020 siendo las 9:00 horas se labra la presente acta por el cierre de inscripciones, para cubrir cargos en el Instituto de Formaci\u00f3n Docente Continua de San Antonio Oeste. Se recepcionaron las solicitudes de Inscripci\u00f3n de las\/los postulantes que se detallan a continuaci\u00f3n:<\/p>\n<p style=\"text-align: center;\"><strong><u>Carrera<\/u><\/strong><b>:\u00a0 Profesorado de Educaci\u00f3n\u00a0Inicial<\/b><\/p>\n<p style=\"text-align: center;\"><strong><u>Cargo<\/u><\/strong><b>: Did\u00e1ctica\u00a0de la Educaci\u00f3n\u00a0Inicial\u00a0&#8211; 30 hs.\u00a0 en car\u00e1cter\u00a0Suplente<\/b><\/p>\n<p><strong><u>Postulantes<\/u>:<\/strong><\/p>\n<ul>\n<li>CACERES REYES Noelia Elizabeth<\/li>\n<li>LUJAN Luisa Eliana<\/li>\n<li>PONCE Sandra Carina<\/li>\n<li>REBAY Laura Yamile<\/li>\n<\/ul>\n<p style=\"text-align: center;\"><strong><u>Carrera<\/u><\/strong><b>:\u00a0 Profesorado de Educaci\u00f3n\u00a0Secundaria en\u00a0Biolog\u00eda<\/b><\/p>\n<p style=\"text-align: center;\"><strong><u>Cargo<\/u><\/strong><b>: Filosof\u00eda\u00a0&#8211; 12 hs.\u00a0 en car\u00e1cter\u00a0Suplente<\/b><\/p>\n<p><strong><u>Postulantes<\/u>:<\/strong><\/p>\n<ul>\n<li>FUENTE Romina Soledad<\/li>\n<li>GIMENEZ Noelia Silvina<\/li>\n<\/ul>\n<p>Para conocimiento y efectos se suscriben dos copias del mismo tenor, una para archivo de la Secretar\u00eda General y otra para el Consejo Directivo del IFDC-SAO.<\/p>\n<p>&nbsp;<\/p>\n<p style=\"text-align: center;\">\u00a0 \u00a0 \u00a0 \u00a0 \u00a0 \u00a0 \u00a0 \u00a0 Prof. Cristian COALI\u00a0 \u00a0 \u00a0 \u00a0 \u00a0 \u00a0 \u00a0 \u00a0 \u00a0 \u00a0 \u00a0 \u00a0 \u00a0 \u00a0 \u00a0 \u00a0 \u00a0 \u00a0 \u00a0 \u00a0 \u00a0 \u00a0 \u00a0 \u00a0 Prof. Silvina GARCIA SOLER<\/p>\n<p style=\"text-align: center;\">Secretario General\u00a0\u00a0\u00a0\u00a0\u00a0\u00a0\u00a0\u00a0\u00a0\u00a0\u00a0\u00a0\u00a0\u00a0\u00a0\u00a0\u00a0\u00a0\u00a0\u00a0\u00a0\u00a0\u00a0\u00a0\u00a0\u00a0\u00a0\u00a0\u00a0\u00a0\u00a0\u00a0\u00a0\u00a0\u00a0\u00a0\u00a0\u00a0\u00a0\u00a0\u00a0\u00a0\u00a0\u00a0\u00a0\u00a0\u00a0\u00a0\u00a0\u00a0\u00a0\u00a0\u00a0\u00a0\u00a0\u00a0\u00a0\u00a0\u00a0\u00a0\u00a0\u00a0 Directora<\/p>\n<p style=\"text-align: center;\">\n","protected":false},"excerpt":{"rendered":"<p>ACTA DE N\u00d3MINA DE POSTULANTES PARA CARGOS Acta Cierre de Inscripci\u00f3n para Cubrir Cargos En San Antonio Oeste, a los 20 d\u00edas del mes de agosto de 2.020 siendo las 9:00 horas se labra la presente acta por el cierre de inscripciones, para cubrir cargos en el Instituto de Formaci\u00f3n Docente Continua de San Antonio &#8230; <a title=\"Acta de N\u00f3mina de Postulantes para Cargos\" class=\"read-more\" href=\"https:\/\/ifdsao-rng.infd.edu.ar\/sitio\/acta-de-nomina-de-postulantes-para-cargos\/\" aria-label=\"More on Acta de N\u00f3mina de Postulantes para Cargos\">[+]<\/a><\/p>\n","protected":false},"author":879,"featured_media":0,"parent":0,"menu_order":0,"comment_status":"closed","ping_status":"closed","template":"","meta":[],"acf":[],"_links":{"self":[{"href":"https:\/\/ifdsao-rng.infd.edu.ar\/sitio\/wp-json\/wp\/v2\/pages\/2725"}],"collection":[{"href":"https:\/\/ifdsao-rng.infd.edu.ar\/sitio\/wp-json\/wp\/v2\/pages"}],"about":[{"href":"https:\/\/ifdsao-rng.infd.edu.ar\/sitio\/wp-json\/wp\/v2\/types\/page"}],"author":[{"embeddable":true,"href":"https:\/\/ifdsao-rng.infd.edu.ar\/sitio\/wp-json\/wp\/v2\/users\/879"}],"replies":[{"embeddable":true,"href":"https:\/\/ifdsao-rng.infd.edu.ar\/sitio\/wp-json\/wp\/v2\/comments?post=2725"}],"version-history":[{"count":4,"href":"https:\/\/ifdsao-rng.infd.edu.ar\/sitio\/wp-json\/wp\/v2\/pages\/2725\/revisions"}],"predecessor-version":[{"id":2978,"href":"https:\/\/ifdsao-rng.infd.edu.ar\/sitio\/wp-json\/wp\/v2\/pages\/2725\/revisions\/2978"}],"wp:attachment":[{"href":"https:\/\/ifdsao-rng.infd.edu.ar\/sitio\/wp-json\/wp\/v2\/media?parent=2725"}],"curies":[{"name":"wp","href":"https:\/\/api.w.org\/{rel}","templated":true}]}}