{"id":2721,"date":"2020-07-22T08:26:24","date_gmt":"2020-07-22T11:26:24","guid":{"rendered":"https:\/\/ifdsao-rng.infd.edu.ar\/sitio\/?page_id=2721"},"modified":"2020-08-20T21:59:23","modified_gmt":"2020-08-21T00:59:23","slug":"mesa-evaluadora-postulantes","status":"publish","type":"page","link":"https:\/\/ifdsao-rng.infd.edu.ar\/sitio\/mesa-evaluadora-postulantes\/","title":{"rendered":"Acta de N\u00f3mina de Jurados"},"content":{"rendered":"<p><img decoding=\"async\" loading=\"lazy\" class=\"aligncenter wp-image-2679\" src=\"https:\/\/ifdsao-rng.infd.edu.ar\/sitio\/wp-content\/uploads\/2020\/07\/Encabezado_SG.jpg\" alt=\"\" width=\"745\" height=\"183\" srcset=\"https:\/\/ifdsao-rng.infd.edu.ar\/sitio\/wp-content\/uploads\/2020\/07\/Encabezado_SG.jpg 960w, https:\/\/ifdsao-rng.infd.edu.ar\/sitio\/wp-content\/uploads\/2020\/07\/Encabezado_SG-768x189.jpg 768w\" sizes=\"(max-width: 745px) 100vw, 745px\" \/><\/p>\n<h2 style=\"text-align: center;\"><b>ACTA DE N\u00d3MINA DE JURADOS<\/b><\/h2>\n<h2 style=\"text-align: center;\"><span style=\"color: #800000;\"><strong><u>Acta Conformaci\u00f3n de Mesa Evaluadora <\/u><\/strong><\/span><\/h2>\n<p>En San Antonio Oeste, a los 20 d\u00edas del mes de septiembre de 2.020, se labra la presente acta con la conformaci\u00f3n del Jurado de las Mesas Evaluadoras, que tendr\u00e1 el compromiso de sustanciar la entrevista, para cubrir cargo en el Instituto de Formaci\u00f3n Docente Continua de San Antonio Oeste; se constituye:<\/p>\n<table style=\"height: 129px;\" width=\"1372\">\n<tbody>\n<tr>\n<td style=\"background-color: #d4cdcd; height: 12px; width: 150px; text-align: center;\">\n<div><strong style=\"color: #800000; font-family: inherit; font-size: inherit;\">JURADO\/S<\/strong><\/div>\n<\/td>\n<td style=\"background-color: #d4cdcd; height: 12px; width: 190px; text-align: center;\"><span style=\"color: #800000;\"><strong>CARGO\/S<\/strong><\/span><\/td>\n<td style=\"background-color: #d4cdcd; height: 12px; width: 170px; text-align: center;\"><span style=\"color: #800000;\"><strong>FECHA &#8211; HORA &#8211; LUGAR<\/strong><\/span><\/td>\n<td style=\"background-color: #d4cdcd; height: 12px; width: 170px; text-align: center;\"><span style=\"color: #800000;\"><strong>POSTULANTE\/S<\/strong><\/span><\/td>\n<\/tr>\n<tr>\n<td width=\"100\">Prof. KISSNER Martha Patricia<br \/>\nProf. SEITUNE Sandra Silvina<br \/>\nProf. MOGLIA Luisa Julia<br \/>\nEstudiante BASANTA Paula Lorena<\/td>\n<td width=\"161\">Dedicaci\u00f3n Tiempo Completo &#8211; 30 hs.<br \/>\nDid\u00e1ctica de la Educaci\u00f3n Inicial<br \/>\nProfesorado de Educaci\u00f3n Inicial<\/td>\n<td width=\"123\">Jueves 27\/08\/2.020<br \/>\n08:00 hs.<br \/>\nVideoconferencia<\/td>\n<td width=\"150\">CACERES REYES Noelia Elizabeth<br \/>\nLUJAN Luisa Eliana<br \/>\nPONCE Sandra Carina<br \/>\nREBAY Laura Yamile<\/td>\n<\/tr>\n<tr>\n<td width=\"246\">Prof. GARINO Alicia Noem\u00ed<br \/>\nProf. ROCCATAGLIATA Roxana Noem\u00ed<br \/>\nProf. FERN\u00c1NDEZ\u00a0<span style=\"font-family: inherit; font-size: inherit;\">Mar\u00eda\u00a0<\/span><span style=\"font-family: inherit; font-size: inherit;\">Carla\u00a0<\/span><br \/>\nEstudiante VENGLISKY Lorena Ailen<\/td>\n<td width=\"161\">Dedicaci\u00f3n Simple &#8211; 12 hs.<br \/>\nFilosof\u00eda<br \/>\nProfesorado de Educaci\u00f3n Secundaria en Biolog\u00eda<\/td>\n<td width=\"123\">Jueves 27\/08\/2.020<br \/>\n09:00 hs.<br \/>\nVideoconferencia<\/td>\n<td width=\"198\">FUENTE Romina Soledad<br \/>\nGIMENEZ Noelia Silvina<\/td>\n<\/tr>\n<\/tbody>\n<\/table>\n<p>Para conocimiento y efectos se suscriben dos copias del mismo tenor, una para archivo de la Secretar\u00eda General y otra para el Consejo Directivo del IFDC-SAO.<\/p>\n<p>&nbsp;<\/p>\n<p style=\"text-align: center;\">\u00a0 \u00a0 \u00a0 \u00a0 \u00a0 \u00a0 \u00a0 \u00a0 \u00a0 \u00a0 Prof. Cristian COALI\u00a0 \u00a0 \u00a0 \u00a0 \u00a0 \u00a0 \u00a0 \u00a0 \u00a0 \u00a0 \u00a0 \u00a0 \u00a0 \u00a0 \u00a0 \u00a0 \u00a0 \u00a0 \u00a0 \u00a0 \u00a0 \u00a0 \u00a0 \u00a0 Prof. Silvina GARCIA SOLER<\/p>\n<p style=\"text-align: center;\">\u00a0 \u00a0 \u00a0Secretario General\u00a0 \u00a0 \u00a0 \u00a0 \u00a0 \u00a0 \u00a0 \u00a0 \u00a0 \u00a0 \u00a0 \u00a0 \u00a0 \u00a0 \u00a0 \u00a0 \u00a0 \u00a0 \u00a0 \u00a0 \u00a0 \u00a0 \u00a0 \u00a0 \u00a0 \u00a0 \u00a0 \u00a0 \u00a0 \u00a0 \u00a0 \u00a0 \u00a0 \u00a0 \u00a0Directora<\/p>\n","protected":false},"excerpt":{"rendered":"<p>ACTA DE N\u00d3MINA DE JURADOS Acta Conformaci\u00f3n de Mesa Evaluadora En San Antonio Oeste, a los 20 d\u00edas del mes de septiembre de 2.020, se labra la presente acta con la conformaci\u00f3n del Jurado de las Mesas Evaluadoras, que tendr\u00e1 el compromiso de sustanciar la entrevista, para cubrir cargo en el Instituto de Formaci\u00f3n Docente &#8230; <a title=\"Acta de N\u00f3mina de Jurados\" class=\"read-more\" href=\"https:\/\/ifdsao-rng.infd.edu.ar\/sitio\/mesa-evaluadora-postulantes\/\" aria-label=\"More on Acta de N\u00f3mina de Jurados\">[+]<\/a><\/p>\n","protected":false},"author":879,"featured_media":0,"parent":0,"menu_order":0,"comment_status":"closed","ping_status":"closed","template":"","meta":[],"acf":[],"_links":{"self":[{"href":"https:\/\/ifdsao-rng.infd.edu.ar\/sitio\/wp-json\/wp\/v2\/pages\/2721"}],"collection":[{"href":"https:\/\/ifdsao-rng.infd.edu.ar\/sitio\/wp-json\/wp\/v2\/pages"}],"about":[{"href":"https:\/\/ifdsao-rng.infd.edu.ar\/sitio\/wp-json\/wp\/v2\/types\/page"}],"author":[{"embeddable":true,"href":"https:\/\/ifdsao-rng.infd.edu.ar\/sitio\/wp-json\/wp\/v2\/users\/879"}],"replies":[{"embeddable":true,"href":"https:\/\/ifdsao-rng.infd.edu.ar\/sitio\/wp-json\/wp\/v2\/comments?post=2721"}],"version-history":[{"count":15,"href":"https:\/\/ifdsao-rng.infd.edu.ar\/sitio\/wp-json\/wp\/v2\/pages\/2721\/revisions"}],"predecessor-version":[{"id":2980,"href":"https:\/\/ifdsao-rng.infd.edu.ar\/sitio\/wp-json\/wp\/v2\/pages\/2721\/revisions\/2980"}],"wp:attachment":[{"href":"https:\/\/ifdsao-rng.infd.edu.ar\/sitio\/wp-json\/wp\/v2\/media?parent=2721"}],"curies":[{"name":"wp","href":"https:\/\/api.w.org\/{rel}","templated":true}]}}