{"id":2337,"date":"2020-03-18T21:44:25","date_gmt":"2020-03-19T00:44:25","guid":{"rendered":"https:\/\/ifdsao-rng.infd.edu.ar\/sitio\/?page_id=2337"},"modified":"2026-04-24T18:59:48","modified_gmt":"2026-04-24T21:59:48","slug":"horarios-de-cursada-7","status":"publish","type":"page","link":"https:\/\/ifdsao-rng.infd.edu.ar\/sitio\/horarios-de-cursada-7\/","title":{"rendered":"Inscripci\u00f3n a Unidades Curriculares &#8211; Horarios de Cursada"},"content":{"rendered":"<h1 style=\"text-align: center;\"><strong><img decoding=\"async\" loading=\"lazy\" class=\"aligncenter wp-image-2841\" src=\"https:\/\/ifdsao-rng.infd.edu.ar\/sitio\/wp-content\/uploads\/2020\/07\/GUARDAVIDAS.jpg\" alt=\"\" width=\"792\" height=\"193\" \/><\/strong><\/h1>\n<h1 style=\"text-align: center;\">Inscripci\u00f3n Online para\u00a0las Unidades Curriculares<\/h1>\n<h1 style=\"text-align: center;\"><strong><img decoding=\"async\" loading=\"lazy\" class=\"wp-image-4256 alignleft\" src=\"https:\/\/ifdsao-rng.infd.edu.ar\/sitio\/wp-content\/uploads\/2022\/03\/Boton-InscUC_principal.jpg\" alt=\"\" width=\"440\" height=\"128\" \/><\/strong><\/h1>\n<h3><img decoding=\"async\" loading=\"lazy\" class=\"alignleft\" style=\"font-size: 16px;\" src=\"https:\/\/i0.wp.com\/www3.gobiernodecanarias.org\/medusa\/edublog\/iesdautelossilos\/wp-content\/uploads\/sites\/102\/2018\/05\/cartel-importante.png?resize=201%2C161\" alt=\"INFORMACI\u00d3N IMPORTANTE: PRUEBAS DE ACCESO 2018 | IES Daute-Los Silos\" width=\"173\" height=\"139\" \/><\/h3>\n<h4 style=\"text-align: center;\"><strong>INICIO DEL\u00a0 CUATRIMESTRE: <span style=\"color: #3366ff;\">16\/03\/26<\/span><\/strong><\/h4>\n<h5 style=\"text-align: center;\">PER\u00cdODO DE <span style=\"color: #3366ff;\">INSCRIPCI\u00d3N<\/span>: desde el <span style=\"color: #3366ff;\">09\/03\/26<\/span>\u00a0al\u00a0<span style=\"color: #3366ff;\">15\/03\/26<\/span><\/h5>\n<h5 style=\"text-align: center;\">PER\u00cdODO DE <span style=\"color: #ff0000;\">ENMIENDAS<\/span>:\u00a0desde el\u00a0<span style=\"color: #3366ff;\">16\/03\/26<\/span> al <span style=\"color: #3366ff;\">25\/03\/26<\/span><\/h5>\n<p style=\"text-align: center;\">Para la\u00a0\u00a0<strong>INSCRIPCI\u00d3N A LAS UNIDADES CURRICULARES (<span style=\"color: #3366ff;\">CUATRIMESTRE<\/span>) QUE VAS A CURSAR, <\/strong>deb\u00e9s completar\u00a0<strong>CADA PASO,<\/strong>\u00a0para que la misma sea\u00a0<strong>CONFIRMADA<\/strong>.<\/p>\n<div dir=\"auto\" style=\"text-align: center;\"><\/div>\n<div dir=\"auto\"><\/div>\n<div dir=\"auto\">\n<table>\n<tbody>\n<tr>\n<td width=\"319\">\n<h5 style=\"text-align: center;\"><span style=\"color: #800000;\"><strong>CONSIDERACIONES GENERALES PARA EL INICIO DE CURSADO\u00a0<\/strong><\/span><\/h5>\n<\/td>\n<td width=\"347\"><a href=\"https:\/\/ifdsao-rng.infd.edu.ar\/sitio\/wp-content\/uploads\/2026\/04\/CONTRATO-GENERAL-carrera-de-guardavidas-2026.pdf\" target=\"_blank\" rel=\"noopener\"><img decoding=\"async\" loading=\"lazy\" class=\"alignnone  wp-image-4062\" src=\"https:\/\/ifdsao-rng.infd.edu.ar\/sitio\/wp-content\/uploads\/2021\/11\/check-form-list-on-papper-3182222.jpg\" alt=\"\" width=\"88\" height=\"98\" \/><\/a><\/td>\n<\/tr>\n<\/tbody>\n<\/table>\n<table>\n<tbody>\n<tr>\n<td width=\"299\">\n<h6 style=\"text-align: center;\"><img decoding=\"async\" loading=\"lazy\" class=\"aligncenter  wp-image-4103\" src=\"https:\/\/ifdsao-rng.infd.edu.ar\/sitio\/wp-content\/uploads\/2021\/11\/icono-reglamento.jpg\" alt=\"\" width=\"168\" height=\"93\" srcset=\"https:\/\/ifdsao-rng.infd.edu.ar\/sitio\/wp-content\/uploads\/2021\/11\/icono-reglamento.jpg 900w, https:\/\/ifdsao-rng.infd.edu.ar\/sitio\/wp-content\/uploads\/2021\/11\/icono-reglamento-768x427.jpg 768w\" sizes=\"(max-width: 168px) 100vw, 168px\" \/><\/h6>\n<h6 style=\"text-align: center;\"><strong><span style=\"color: #ff6600;\"><span style=\"color: #000000;\">PASO N\u00ba 1: <\/span>\u00a0<span style=\"color: #3366ff;\">HORARIOS DE CURSADOS &#8211; <\/span><\/span><\/strong><span style=\"color: #000000;\">Te sugerimos que, previamente a concretar el tr\u00e1mite en autogesti\u00f3n, <span style=\"color: #3366ff;\"><strong>CONSULTES LOS HORARIOS Y CORROBORES TU DISPONIBILIDAD.<a href=\"https:\/\/drive.google.com\/file\/d\/181y_hWHtE-SnAfV5YdemWkXtK35LiPIy\/view?usp=drive_link\" target=\"_blank\" rel=\"noopener\"><img decoding=\"async\" loading=\"lazy\" class=\"aligncenter  wp-image-3707\" src=\"https:\/\/ifdsao-rng.infd.edu.ar\/sitio\/wp-content\/uploads\/2021\/06\/Bot\u00f3n-de-Horarios-de-Cursados_GUARDA.jpg\" alt=\"\" width=\"234\" height=\"193\" \/><\/a><\/strong><\/span><\/span><\/h6>\n<\/td>\n<td width=\"299\">\n<p style=\"text-align: center;\"><span style=\"color: #000000;\"><strong data-sider-select-id=\"1c73b512-8b88-4b9c-8981-34d05a3d95b3\"><img decoding=\"async\" loading=\"lazy\" class=\"wp-image-4061 aligncenter\" src=\"https:\/\/ifdsao-rng.infd.edu.ar\/sitio\/wp-content\/uploads\/2021\/11\/icono-requisitos.png\" alt=\"\" width=\"81\" height=\"98\" \/>PASO N\u00ba 2:\u00a0\u00a0<span style=\"color: #3366ff;\" data-sider-select-id=\"53be9050-b539-4182-b53e-a8963797be2c\">MAPA CURRICULAR\/PLAN DE CORRELATIVIDADES\u00a0\u2013<\/span>\u00a0<\/strong>Te sugerimos que, previamente a concretar la inscripci\u00f3n chequee el Plan de Correlatividades.<\/span><\/p>\n<h6 style=\"text-align: center;\"><span style=\"color: #3366ff;\"><strong data-sider-select-id=\"132bef7e-6a4f-42c2-b8cb-2662f89cef8e\">MAPA CURRICULAR<a href=\"https:\/\/drive.google.com\/file\/d\/1FgLpZa-B5HOBTIYwcXQjm3lnoncxPP7E\/view?usp=sharing\" target=\"_blank\" rel=\"noopener\" data-sider-select-id=\"213333d1-3cfd-442b-a142-bb6632dd3ef7\"><img decoding=\"async\" loading=\"lazy\" class=\"wp-image-1343 aligncenter\" src=\"https:\/\/ifdsao-rng.infd.edu.ar\/sitio\/wp-content\/uploads\/2018\/12\/descargar_pdf.png\" alt=\"\" width=\"69\" height=\"69\" data-sider-select-id=\"7161545d-b958-4568-baa5-8bae1d119757\" \/><\/a><\/strong><\/span><\/h6>\n<h6 style=\"text-align: center;\"><span style=\"color: #3366ff;\"><strong data-sider-select-id=\"08e9ad39-545f-4da0-a8f3-3fcab624794f\">PLAN DE CORRELATIVIDADES<a href=\"https:\/\/drive.google.com\/file\/d\/19yKEvxlDIUh4ydDnbFg6BkZ1a4YQ5ejk\/view?usp=sharing\" target=\"_blank\" rel=\"noopener\" data-sider-select-id=\"9d75ae4b-49bb-435a-80b9-011810fa5404\"><img decoding=\"async\" loading=\"lazy\" class=\"wp-image-1343 aligncenter\" src=\"https:\/\/ifdsao-rng.infd.edu.ar\/sitio\/wp-content\/uploads\/2018\/12\/descargar_pdf.png\" alt=\"\" width=\"69\" height=\"69\" data-sider-select-id=\"0361224a-732e-46c3-8a01-9ab52ca69d13\" \/><\/a><\/strong><\/span><\/h6>\n<\/td>\n<\/tr>\n<tr>\n<td colspan=\"2\" width=\"599\"><strong><img decoding=\"async\" loading=\"lazy\" class=\"wp-image-3512 alignleft\" src=\"https:\/\/ifdsao-rng.infd.edu.ar\/sitio\/wp-content\/uploads\/2021\/04\/Signo-de-Campus.png\" alt=\"\" width=\"111\" height=\"111\" \/> <span style=\"color: #ff6600;\"><span style=\"color: #000000;\">PASO N\u00ba <\/span><\/span>3:<span style=\"color: #008000;\">\u00a0<span style=\"color: #3366ff;\">INGRESAR al <\/span><\/span><span style=\"color: #000000;\">\u00a0SISTEMA DE GESTI\u00d3N \u00abUNES\u00bb al menu \u00abInscripci\u00f3n Espacios\u00bb y realizar la inscripci\u00f3n<a href=\"https:\/\/ifdsao-rng.infd.edu.ar\/aula\/prg_texto.cgi?wAccion=ver_texto&amp;id_texto=5200&amp;id_unidad=3250&amp;id_curso=388\" target=\"_blank\" rel=\"noopener\"><br \/>\n<\/a><\/span><\/strong><\/td>\n<\/tr>\n<\/tbody>\n<\/table>\n<table width=\"697\">\n<tbody>\n<tr>\n<td width=\"289\"><strong><span style=\"color: #000000;\"><img decoding=\"async\" loading=\"lazy\" class=\"wp-image-4061 alignleft\" src=\"https:\/\/ifdsao-rng.infd.edu.ar\/sitio\/wp-content\/uploads\/2021\/11\/icono-requisitos.png\" alt=\"\" width=\"54\" height=\"65\" \/><\/span>ESTUDIANTES OYENTES<\/strong> en las unidades curriculares.\u00a0Las <strong>SOLICITUDES<\/strong> se realizar\u00e1n desde el <strong>AULA VIRTUAL DE LA SECRETARIA DE ESTUDIANTES <\/strong>en la secci\u00f3n <strong>TR\u00c1MITES.<\/strong><\/td>\n<td width=\"208\"><strong>PERIODO DE LAS\u00a0 SOLICITUDES: <\/strong>desde el 04<span style=\"color: #800000;\"><strong>\/08\/25<\/strong><\/span> al 17<span style=\"color: #800000;\"><strong>\/08\/25<\/strong><\/span><\/td>\n<td width=\"200\"><a href=\"https:\/\/ifdsao-rng.infd.edu.ar\/aula\/presentacion.cgi?id_curso=388&amp;wAccion=vertopico&amp;wIdTopico=2416\" target=\"_blank\" rel=\"noopener\"><img decoding=\"async\" loading=\"lazy\" class=\"alignnone  wp-image-4062\" src=\"https:\/\/ifdsao-rng.infd.edu.ar\/sitio\/wp-content\/uploads\/2021\/11\/check-form-list-on-papper-3182222.jpg\" alt=\"\" width=\"103\" height=\"114\" \/><\/a><\/td>\n<\/tr>\n<tr>\n<td width=\"289\"><strong><span style=\"color: #000000;\"><img decoding=\"async\" loading=\"lazy\" class=\"wp-image-4061 alignleft\" src=\"https:\/\/ifdsao-rng.infd.edu.ar\/sitio\/wp-content\/uploads\/2021\/11\/icono-requisitos.png\" alt=\"\" width=\"54\" height=\"65\" \/><\/span>Aqu\u00ed les dejamos, la <\/strong><strong>GU\u00cdA DEL\/LA ESTUDIANTE:<\/strong><strong>\u00a0<\/strong>Te sugerimos que la descarguen y la lean, ya que les ser\u00e1 de gran utilidad y facilitar\u00e1 su inserci\u00f3n en la vida estudiantil de la Instituci\u00f3n, donde encontrar\u00e1s informaci\u00f3n acad\u00e9mica y administrativa. Tengan esta gu\u00eda siempre a mano, para poder resolver cualquier tr\u00e1mite y\/o consultas.<\/td>\n<td colspan=\"2\" width=\"408\"><a href=\"https:\/\/www.canva.com\/design\/DAEwC7hg-rA\/e5BWecpb6AO_PZLKlOsI1A\/view?utm_content=DAEwC7hg-rA&amp;utm_campaign=designshare&amp;utm_medium=link&amp;utm_source=publishsharelink\" target=\"_blank\" rel=\"noopener\"><img decoding=\"async\" loading=\"lazy\" class=\"alignnone  wp-image-4062\" src=\"https:\/\/ifdsao-rng.infd.edu.ar\/sitio\/wp-content\/uploads\/2021\/11\/check-form-list-on-papper-3182222.jpg\" alt=\"\" width=\"153\" height=\"170\" \/><\/a><\/td>\n<\/tr>\n<\/tbody>\n<\/table>\n<\/div>\n<table width=\"650\">\n<tbody>\n<tr>\n<td valign=\"top\" width=\"200\"><\/td>\n<td valign=\"top\" width=\"200\"><\/td>\n<\/tr>\n<tr>\n<td colspan=\"3\" width=\"650\"><\/td>\n<\/tr>\n<tr>\n<td colspan=\"3\" width=\"650\"><\/td>\n<\/tr>\n<tr>\n<td colspan=\"3\" width=\"650\"><\/td>\n<\/tr>\n<\/tbody>\n<\/table>\n","protected":false},"excerpt":{"rendered":"<p>Inscripci\u00f3n Online para\u00a0las Unidades Curriculares INICIO DEL\u00a0 CUATRIMESTRE: 16\/03\/26 PER\u00cdODO DE INSCRIPCI\u00d3N: desde el 09\/03\/26\u00a0al\u00a015\/03\/26 PER\u00cdODO DE ENMIENDAS:\u00a0desde el\u00a016\/03\/26 al 25\/03\/26 Para la\u00a0\u00a0INSCRIPCI\u00d3N A LAS UNIDADES CURRICULARES (CUATRIMESTRE) QUE VAS A CURSAR, deb\u00e9s completar\u00a0CADA PASO,\u00a0para que la misma sea\u00a0CONFIRMADA. CONSIDERACIONES GENERALES PARA EL INICIO DE CURSADO\u00a0 PASO N\u00ba 1: \u00a0HORARIOS DE CURSADOS &#8211; Te sugerimos &#8230; <a title=\"Inscripci\u00f3n a Unidades Curriculares &#8211; Horarios de Cursada\" class=\"read-more\" href=\"https:\/\/ifdsao-rng.infd.edu.ar\/sitio\/horarios-de-cursada-7\/\" aria-label=\"More on Inscripci\u00f3n a Unidades Curriculares &#8211; Horarios de Cursada\">[+]<\/a><\/p>\n","protected":false},"author":879,"featured_media":0,"parent":0,"menu_order":0,"comment_status":"closed","ping_status":"closed","template":"","meta":[],"acf":[],"_links":{"self":[{"href":"https:\/\/ifdsao-rng.infd.edu.ar\/sitio\/wp-json\/wp\/v2\/pages\/2337"}],"collection":[{"href":"https:\/\/ifdsao-rng.infd.edu.ar\/sitio\/wp-json\/wp\/v2\/pages"}],"about":[{"href":"https:\/\/ifdsao-rng.infd.edu.ar\/sitio\/wp-json\/wp\/v2\/types\/page"}],"author":[{"embeddable":true,"href":"https:\/\/ifdsao-rng.infd.edu.ar\/sitio\/wp-json\/wp\/v2\/users\/879"}],"replies":[{"embeddable":true,"href":"https:\/\/ifdsao-rng.infd.edu.ar\/sitio\/wp-json\/wp\/v2\/comments?post=2337"}],"version-history":[{"count":97,"href":"https:\/\/ifdsao-rng.infd.edu.ar\/sitio\/wp-json\/wp\/v2\/pages\/2337\/revisions"}],"predecessor-version":[{"id":7479,"href":"https:\/\/ifdsao-rng.infd.edu.ar\/sitio\/wp-json\/wp\/v2\/pages\/2337\/revisions\/7479"}],"wp:attachment":[{"href":"https:\/\/ifdsao-rng.infd.edu.ar\/sitio\/wp-json\/wp\/v2\/media?parent=2337"}],"curies":[{"name":"wp","href":"https:\/\/api.w.org\/{rel}","templated":true}]}}