{"id":1532,"date":"2019-03-11T11:12:20","date_gmt":"2019-03-11T14:12:20","guid":{"rendered":"https:\/\/ifdsao-rng.infd.edu.ar\/sitio\/?page_id=1532"},"modified":"2021-03-30T08:10:24","modified_gmt":"2021-03-30T11:10:24","slug":"contacto-2","status":"publish","type":"page","link":"https:\/\/ifdsao-rng.infd.edu.ar\/sitio\/contacto-2\/","title":{"rendered":"Funciones &#8211; Contacto de Formaci\u00f3n Permanente"},"content":{"rendered":"<p>&nbsp;<\/p>\n<h4 style=\"text-align: center;\"><span style=\"color: #800080;\"><strong><img decoding=\"async\" loading=\"lazy\" class=\"aligncenter wp-image-2873\" src=\"https:\/\/ifdsao-rng.infd.edu.ar\/sitio\/wp-content\/uploads\/2020\/07\/Encabezado_Dpto_FP.jpg\" alt=\"\" width=\"819\" height=\"197\" srcset=\"https:\/\/ifdsao-rng.infd.edu.ar\/sitio\/wp-content\/uploads\/2020\/07\/Encabezado_Dpto_FP.jpg 960w, https:\/\/ifdsao-rng.infd.edu.ar\/sitio\/wp-content\/uploads\/2020\/07\/Encabezado_Dpto_FP-768x185.jpg 768w\" sizes=\"(max-width: 819px) 100vw, 819px\" \/><\/strong><\/span><\/h4>\n<h2 style=\"text-align: left;\"><span style=\"color: #800000;\">FUNCIONES:<\/span><\/h2>\n<h6 style=\"text-align: justify;\"><span style=\"font-size: 10pt; font-family: 'trebuchet ms', geneva;\">Seg\u00fan el R.O.M. en el <strong>Art\u00edculo 26\u00ba<\/strong>: Las Funciones de la Coordinaci\u00f3n del Departamento de Formaci\u00f3n. Tiene a su\u00a0cargo, entre otras, las siguientes funciones:<br \/>\n<\/span><\/h6>\n<h6 style=\"text-align: justify;\"><span style=\"font-size: 10pt; font-family: 'trebuchet ms', geneva;\"><span style=\"color: #800000;\">a)<\/span>\u00a0Integrar el Equipo Directivo.<br \/>\n<span style=\"color: #800000;\">b)<\/span> Dise\u00f1ar con el Equipo Directivo, el plan anual de formaci\u00f3n permanente en funci\u00f3n de los\u00a0lineamientos propuestos por la DPESyF, el proyecto educativo institucional y la indagaci\u00f3n<br \/>\ny el relevamiento de las necesidades existentes en la zona de influencia del IFDC respectivo.<br \/>\n<span style=\"color: #800000;\">c)<\/span> Coordinar, asesorar y supervisar los proyectos de formaci\u00f3n permanente que se generen\u00a0en el Instituto, articulando con las supervisiones de nivel o modalidad correspondientes.<br \/>\n<span style=\"color: #800000;\">d)<\/span> Intervenir en la programaci\u00f3n y organizaci\u00f3n de las acciones de apoyo pedag\u00f3gico a las\u00a0escuelas y de acompa\u00f1amiento en las primeras trayectorias profesionales.<br \/>\n<span style=\"color: #800000;\">e)<\/span> Analizar los proyectos anuales presentados para las distintas propuestas de formaci\u00f3n\u00a0permanente y elevarlos &#8211; mediante acto fundado &#8211; al Consejo Directivo para su aprobaci\u00f3n.<br \/>\n<span style=\"color: #800000;\">f)<\/span> Elevar a la DPESyF proyectos, planillas e informes de las propuestas de formaci\u00f3n\u00a0permanente de su IFDC.<br \/>\n<span style=\"color: #800000;\">g)<\/span> Organizar las inscripciones, gestionar espacios materiales y todo lo necesario para la\u00a0concreci\u00f3n de las propuestas de formaci\u00f3n permanente.<br \/>\n<span style=\"color: #800000;\">h)<\/span> Entregar certificados a los docentes.<br \/>\n<span style=\"color: #800000;\">i)<\/span> Integrar el Consejo Consultivo Jurisdiccional de Coordinadores de Formaci\u00f3n Permanente.<\/span><\/h6>\n<hr \/>\n<h3 style=\"text-align: center;\"><span style=\"color: #800000;\"><strong>FORMULARIO DE CONTACTO CON LA COORDINACI\u00d3N <\/strong><\/span><\/h3>\n<h3 style=\"text-align: center;\"><span style=\"color: #800000;\"><strong>DEL DEPARTAMENTO DE\u00a0<\/strong><strong>FORMACI\u00d3N PERMANENTE<\/strong><\/span><\/h3>\n<hr \/>\n\n<div class=\"wpcf7 no-js\" id=\"wpcf7-f1531-o1\" lang=\"es-ES\" dir=\"ltr\">\n<div class=\"screen-reader-response\"><p role=\"status\" aria-live=\"polite\" aria-atomic=\"true\"><\/p> <ul><\/ul><\/div>\n<form action=\"\/sitio\/wp-json\/wp\/v2\/pages\/1532#wpcf7-f1531-o1\" method=\"post\" class=\"wpcf7-form init\" aria-label=\"Formulario de contacto\" novalidate=\"novalidate\" data-status=\"init\">\n<div style=\"display: none;\">\n<input type=\"hidden\" name=\"_wpcf7\" value=\"1531\" \/>\n<input type=\"hidden\" name=\"_wpcf7_version\" value=\"5.7.7\" \/>\n<input type=\"hidden\" name=\"_wpcf7_locale\" value=\"es_ES\" \/>\n<input type=\"hidden\" name=\"_wpcf7_unit_tag\" value=\"wpcf7-f1531-o1\" \/>\n<input type=\"hidden\" name=\"_wpcf7_container_post\" value=\"0\" \/>\n<input type=\"hidden\" name=\"_wpcf7_posted_data_hash\" value=\"\" \/>\n<input type=\"hidden\" name=\"_wpcf7_recaptcha_response\" value=\"\" \/>\n<\/div>\n<p><label> Apellido y Nombre: (*)<br \/>\n<span class=\"wpcf7-form-control-wrap\" data-name=\"your-name\"><input size=\"40\" class=\"wpcf7-form-control wpcf7-text wpcf7-validates-as-required\" aria-required=\"true\" aria-invalid=\"false\" value=\"\" type=\"text\" name=\"your-name\" \/><\/span> <\/label>\n<\/p>\n<p>Celular de Contacto: (*)<br \/>\n<span class=\"wpcf7-form-control-wrap\" data-name=\"tel-76\"><input size=\"40\" class=\"wpcf7-form-control wpcf7-text wpcf7-tel wpcf7-validates-as-required wpcf7-validates-as-tel\" aria-required=\"true\" aria-invalid=\"false\" value=\"\" type=\"tel\" name=\"tel-76\" \/><\/span>\n<\/p>\n<p><label> Tu correo electr\u00f3nico: (*)<br \/>\n<span class=\"wpcf7-form-control-wrap\" data-name=\"your-email\"><input size=\"40\" class=\"wpcf7-form-control wpcf7-text wpcf7-email wpcf7-validates-as-required wpcf7-validates-as-email\" aria-required=\"true\" aria-invalid=\"false\" value=\"\" type=\"email\" name=\"your-email\" \/><\/span> <\/label>\n<\/p>\n<p><label> Asunto:<span class=\"wpcf7-form-control-wrap\" data-name=\"text-664\"><input size=\"40\" class=\"wpcf7-form-control wpcf7-text wpcf7-validates-as-required\" aria-required=\"true\" aria-invalid=\"false\" value=\"\" type=\"text\" name=\"text-664\" \/><\/span><br \/>\n<\/label>\n<\/p>\n<p><label> Tu mensaje<br \/>\n<span class=\"wpcf7-form-control-wrap\" data-name=\"your-message\"><textarea cols=\"40\" rows=\"10\" class=\"wpcf7-form-control wpcf7-textarea\" aria-invalid=\"false\" name=\"your-message\"><\/textarea><\/span> <\/label>\n<\/p>\n<p>(*) Campos Obligatorios\n<\/p>\n<p><input class=\"wpcf7-form-control has-spinner wpcf7-submit\" type=\"submit\" value=\"Enviar\" \/>\n<\/p><p style=\"display: none !important;\"><label>&#916;<textarea name=\"_wpcf7_ak_hp_textarea\" cols=\"45\" rows=\"8\" maxlength=\"100\"><\/textarea><\/label><input type=\"hidden\" id=\"ak_js_1\" name=\"_wpcf7_ak_js\" value=\"76\"\/><script>document.getElementById( \"ak_js_1\" ).setAttribute( \"value\", ( new Date() ).getTime() );<\/script><\/p><div class=\"wpcf7-response-output\" aria-hidden=\"true\"><\/div>\n<\/form>\n<\/div>\n\n","protected":false},"excerpt":{"rendered":"<p>&nbsp; FUNCIONES: Seg\u00fan el R.O.M. en el Art\u00edculo 26\u00ba: Las Funciones de la Coordinaci\u00f3n del Departamento de Formaci\u00f3n. Tiene a su\u00a0cargo, entre otras, las siguientes funciones: a)\u00a0Integrar el Equipo Directivo. b) Dise\u00f1ar con el Equipo Directivo, el plan anual de formaci\u00f3n permanente en funci\u00f3n de los\u00a0lineamientos propuestos por la DPESyF, el proyecto educativo institucional y &#8230; <a title=\"Funciones &#8211; Contacto de Formaci\u00f3n Permanente\" class=\"read-more\" href=\"https:\/\/ifdsao-rng.infd.edu.ar\/sitio\/contacto-2\/\" aria-label=\"More on Funciones &#8211; Contacto de Formaci\u00f3n Permanente\">[+]<\/a><\/p>\n","protected":false},"author":879,"featured_media":0,"parent":0,"menu_order":0,"comment_status":"closed","ping_status":"closed","template":"","meta":[],"acf":[],"_links":{"self":[{"href":"https:\/\/ifdsao-rng.infd.edu.ar\/sitio\/wp-json\/wp\/v2\/pages\/1532"}],"collection":[{"href":"https:\/\/ifdsao-rng.infd.edu.ar\/sitio\/wp-json\/wp\/v2\/pages"}],"about":[{"href":"https:\/\/ifdsao-rng.infd.edu.ar\/sitio\/wp-json\/wp\/v2\/types\/page"}],"author":[{"embeddable":true,"href":"https:\/\/ifdsao-rng.infd.edu.ar\/sitio\/wp-json\/wp\/v2\/users\/879"}],"replies":[{"embeddable":true,"href":"https:\/\/ifdsao-rng.infd.edu.ar\/sitio\/wp-json\/wp\/v2\/comments?post=1532"}],"version-history":[{"count":10,"href":"https:\/\/ifdsao-rng.infd.edu.ar\/sitio\/wp-json\/wp\/v2\/pages\/1532\/revisions"}],"predecessor-version":[{"id":3455,"href":"https:\/\/ifdsao-rng.infd.edu.ar\/sitio\/wp-json\/wp\/v2\/pages\/1532\/revisions\/3455"}],"wp:attachment":[{"href":"https:\/\/ifdsao-rng.infd.edu.ar\/sitio\/wp-json\/wp\/v2\/media?parent=1532"}],"curies":[{"name":"wp","href":"https:\/\/api.w.org\/{rel}","templated":true}]}}