{"id":1076,"date":"2018-08-31T14:04:12","date_gmt":"2018-08-31T17:04:12","guid":{"rendered":"https:\/\/ifdsao-rng.infd.edu.ar\/sitio\/inscripcion-a-espacios-curriculares\/"},"modified":"2026-03-09T00:43:30","modified_gmt":"2026-03-09T03:43:30","slug":"inscripcion-a-espacios-curriculares","status":"publish","type":"page","link":"https:\/\/ifdsao-rng.infd.edu.ar\/sitio\/inscripcion-a-espacios-curriculares\/","title":{"rendered":"Inscripci\u00f3n a Unidades Curriculares &#8211; P.E.P"},"content":{"rendered":"<h1 style=\"text-align: center;\"><strong><img decoding=\"async\" loading=\"lazy\" class=\"aligncenter wp-image-2842\" src=\"https:\/\/ifdsao-rng.infd.edu.ar\/sitio\/wp-content\/uploads\/2020\/07\/PEP.jpg\" alt=\"\" width=\"796\" height=\"197\" \/><\/strong><\/h1>\n<h1 style=\"text-align: center;\">Inscripci\u00f3n Online para\u00a0las Unidades Curriculares<\/h1>\n<h1 style=\"text-align: center;\"><strong><img decoding=\"async\" loading=\"lazy\" class=\"wp-image-4256 alignleft\" src=\"https:\/\/ifdsao-rng.infd.edu.ar\/sitio\/wp-content\/uploads\/2022\/03\/Boton-InscUC_principal.jpg\" alt=\"\" width=\"440\" height=\"128\" \/><\/strong><\/h1>\n<h3><img decoding=\"async\" loading=\"lazy\" class=\"alignleft\" style=\"font-size: 16px;\" src=\"https:\/\/i0.wp.com\/www3.gobiernodecanarias.org\/medusa\/edublog\/iesdautelossilos\/wp-content\/uploads\/sites\/102\/2018\/05\/cartel-importante.png?resize=201%2C161\" alt=\"INFORMACI\u00d3N IMPORTANTE: PRUEBAS DE ACCESO 2018 | IES Daute-Los Silos\" width=\"173\" height=\"139\" \/><\/h3>\n<h4 style=\"text-align: center;\"><strong>INICIO DEL CUATRIMESTRE: <\/strong><\/h4>\n<h4><strong>\u00a0 \u00a0 \u00a0 \u00a0 \u00a0 \u00a0 \u00a0 \u00a0 <span style=\"color: #ff6600;\">16\/03\/26<\/span><\/strong><\/h4>\n<h4 style=\"text-align: center;\"><\/h4>\n<h5 style=\"text-align: right;\"><span style=\"color: #ff6600;\">PER\u00cdODO DE INSCRIPCI\u00d3N:<\/span> desde el <span style=\"color: #ff6600;\">09\/03\/26<\/span>\u00a0al <span style=\"color: #ff6600;\">15\/03\/26<\/span><\/h5>\n<h5 style=\"text-align: center;\"><\/h5>\n<h5 style=\"text-align: right;\"><span style=\"color: #ff0000;\">PER\u00cdODO DE ENMIENDAS: <\/span>desde el <span style=\"color: #ff6600;\">16\/03\/26<\/span>\u00a0al <span style=\"color: #ff6600;\">25\/03\/26<\/span><\/h5>\n<h5 style=\"text-align: center;\"><\/h5>\n<p style=\"text-align: center;\">Para la\u00a0\u00a0<strong>INSCRIPCI\u00d3N A LAS UNIDADES CURRICULARES QUE VAS A CURSAR, deb\u00e9s completar CADA PASO, para que la misma sea CONFIRMADA.<\/strong><\/p>\n<div dir=\"auto\" style=\"text-align: center;\"><\/div>\n<div dir=\"auto\">\n<table>\n<tbody>\n<tr>\n<td width=\"299\">\n<h6 style=\"text-align: justify;\"><img decoding=\"async\" loading=\"lazy\" class=\"aligncenter  wp-image-4103\" src=\"https:\/\/ifdsao-rng.infd.edu.ar\/sitio\/wp-content\/uploads\/2021\/11\/icono-reglamento.jpg\" alt=\"\" width=\"168\" height=\"93\" srcset=\"https:\/\/ifdsao-rng.infd.edu.ar\/sitio\/wp-content\/uploads\/2021\/11\/icono-reglamento.jpg 900w, https:\/\/ifdsao-rng.infd.edu.ar\/sitio\/wp-content\/uploads\/2021\/11\/icono-reglamento-768x427.jpg 768w\" sizes=\"(max-width: 168px) 100vw, 168px\" \/><\/h6>\n<p style=\"text-align: center;\"><strong><span style=\"color: #ff6600;\"><span style=\"color: #000000;\">PASO N\u00ba 1: <\/span>\u00a0<span style=\"color: #000080;\">HORARIOS DE CURSADOS<\/span> &#8211; <\/span><\/strong><span style=\"color: #000000;\">Te sugerimos que, previamente a concretar el tr\u00e1mite en autogesti\u00f3n, <strong><span style=\"color: #ff6600;\"><span style=\"color: #000080;\">CONSULTES LOS HORARIOS Y CORROBORES TU DISPONIBILIDAD<\/span>.<\/span><\/strong><\/span><\/p>\n<h6 style=\"text-align: center;\"><span style=\"color: #000080;\"><strong>LOS HORARIOS DE CURSADAS<\/strong><\/span> est\u00e1n organizados de acuerdo a los tres (3) CAMPOS DE FORMACI\u00d3N &#8211; (<span style=\"color: #000080;\"><strong>FORMACI\u00d3N GENERAL &#8211; FORMACI\u00d3N ESPEC\u00cdFICA &#8211; PR\u00c1CTICA PROFESIONAL<\/strong><\/span>)<a href=\"https:\/\/ifdsao-rng.infd.edu.ar\/sitio\/wp-content\/uploads\/2026\/03\/Horarios_Completos_P.E.P_-1\u00b0C-2026-Profesores.pdf\" target=\"_blank\" rel=\"noopener\"><img decoding=\"async\" loading=\"lazy\" class=\"aligncenter  wp-image-3709\" src=\"https:\/\/ifdsao-rng.infd.edu.ar\/sitio\/wp-content\/uploads\/2021\/06\/Bot\u00f3n-de-Horarios-de-Cursados_PEP.jpg\" alt=\"\" width=\"224\" height=\"188\" \/><\/a><\/h6>\n<\/td>\n<td width=\"299\"><img decoding=\"async\" loading=\"lazy\" class=\"wp-image-4061 aligncenter\" src=\"https:\/\/ifdsao-rng.infd.edu.ar\/sitio\/wp-content\/uploads\/2021\/11\/icono-requisitos.png\" alt=\"\" width=\"78\" height=\"94\" \/><\/p>\n<p style=\"text-align: center;\"><strong><span style=\"color: #ff6600;\"><span style=\"color: #000000;\">PASO N\u00ba 2: <\/span>\u00a0<span style=\"color: #000080;\">MAPA CURRICULAR\/PLAN DE CORRELATIVIDADES<\/span> &#8211; <\/span><\/strong><span style=\"color: #ff6600;\"><span style=\"color: #000000;\">Te sugerimos que, previamente a concretar la inscripci\u00f3n chequee el Plan de Correlatividades.<\/span><\/span><\/p>\n<h6 style=\"text-align: center;\"><span style=\"color: #000080;\"><strong>MAPA CURRICULAR <a href=\"https:\/\/drive.google.com\/file\/d\/1-WVKyng2dQmFtQjmi-S55Qbl88t7OVJY\/view\" target=\"_blank\" rel=\"noopener\"><img decoding=\"async\" loading=\"lazy\" class=\"wp-image-1343 aligncenter\" src=\"https:\/\/ifdsao-rng.infd.edu.ar\/sitio\/wp-content\/uploads\/2018\/12\/descargar_pdf.png\" alt=\"\" width=\"69\" height=\"69\" \/><\/a><\/strong><\/span><\/h6>\n<h6 style=\"text-align: center;\"><span style=\"color: #000080;\"><strong>PLAN\/R\u00c9GIMEN DE CORRELATIVIDADES <span style=\"color: #3366ff;\"><span style=\"font-size: 10pt; font-family: 'trebuchet ms', geneva;\"><span style=\"color: #000000;\"><a style=\"color: #000000;\" href=\"https:\/\/ifdsao-rng.infd.edu.ar\/sitio\/upload\/PROFESORADO_DE_NIVEL_INICIAL__2.12.2015.pdf\">(<\/a><\/span><span style=\"color: #000000;\">Disposici\u00f3n N\u00ba 009\/22)<\/span> <a href=\"https:\/\/drive.google.com\/file\/d\/1yO_Kp1Lz4C06YBJD6z9LQYIsoq0ulSXQ\/view\" target=\"_blank\" rel=\"noopener\"><span style=\"color: #000000;\"><img decoding=\"async\" loading=\"lazy\" class=\"alignnone wp-image-1343\" src=\"https:\/\/ifdsao-rng.infd.edu.ar\/sitio\/wp-content\/uploads\/2018\/12\/descargar_pdf.png\" alt=\"\" width=\"66\" height=\"66\" \/><\/span><\/a><\/span><\/span><\/strong><\/span><\/h6>\n<h6 style=\"text-align: center;\"><\/h6>\n<\/td>\n<\/tr>\n<tr>\n<td colspan=\"2\" width=\"599\"><strong><img decoding=\"async\" loading=\"lazy\" class=\"wp-image-3512 alignleft\" src=\"https:\/\/ifdsao-rng.infd.edu.ar\/sitio\/wp-content\/uploads\/2021\/04\/Signo-de-Campus.png\" alt=\"\" width=\"111\" height=\"111\" \/><span style=\"color: #ff6600;\"><span style=\"color: #000000;\">PASO N\u00ba<\/span><\/span>3:\u00a0<span style=\"color: #ff6600;\"><span style=\"color: #000080;\">INGRESAR<\/span><\/span><span style=\"color: #000000;\"><span style=\"color: #000080;\">\u00a0<\/span>en el SISTEMA DE GESTI\u00d3N \u00abUNES\u00bb<a href=\"https:\/\/estudiante.ifdcsao.edu.ar\/alumno\/inscribir-espacios\" target=\"_blank\" rel=\"noopener\"><img decoding=\"async\" loading=\"lazy\" class=\"aligncenter  wp-image-2570\" src=\"https:\/\/ifdsao-rng.infd.edu.ar\/sitio\/wp-content\/uploads\/2020\/07\/Bot\u00f3n-UC_PEP.jpg\" alt=\"\" width=\"247\" height=\"203\" data-sider-select-id=\"75d4b9ff-0970-4b47-8d4c-6a9e0a6a9ea9\" \/><\/a><\/span><\/strong><\/td>\n<\/tr>\n<\/tbody>\n<\/table>\n<table width=\"697\">\n<tbody>\n<tr>\n<td width=\"289\"><strong><img decoding=\"async\" loading=\"lazy\" class=\"wp-image-4061 alignleft\" src=\"https:\/\/ifdsao-rng.infd.edu.ar\/sitio\/wp-content\/uploads\/2021\/11\/icono-requisitos.png\" alt=\"\" width=\"43\" height=\"52\" \/>ESTUDIANTES OYENTES<\/strong> en las unidades curriculares.\u00a0Las <strong>SOLICITUDES<\/strong> se realizar\u00e1n desde el <strong>AULA VIRTUAL DE LA SECRETARIA DE ESTUDIANTES <\/strong>en la<strong><span style=\"color: #993366;\"> secci\u00f3n TR\u00c1MITES.<\/span><\/strong><\/td>\n<td width=\"208\"><strong><span style=\"color: #993366;\"><u>PERIODO DE LAS SOLICITUDES: desde el 09<span style=\"color: #800000;\">\/03\/26<\/span> al 22<span style=\"color: #800000;\">\/03\/26<\/span><\/u><\/span><\/strong><\/td>\n<td width=\"200\"><a href=\"https:\/\/ifdsao-rng.infd.edu.ar\/aula\/presentacion.cgi?id_curso=388&amp;wAccion=vertopico&amp;wIdTopico=2416\" target=\"_blank\" rel=\"noopener\"><img decoding=\"async\" loading=\"lazy\" class=\"wp-image-4062 alignleft\" src=\"https:\/\/ifdsao-rng.infd.edu.ar\/sitio\/wp-content\/uploads\/2021\/11\/check-form-list-on-papper-3182222.jpg\" alt=\"\" width=\"83\" height=\"92\" \/><\/a><\/td>\n<\/tr>\n<tr>\n<td width=\"289\"><strong><img decoding=\"async\" loading=\"lazy\" class=\"wp-image-4061 alignleft\" src=\"https:\/\/ifdsao-rng.infd.edu.ar\/sitio\/wp-content\/uploads\/2021\/11\/icono-requisitos.png\" alt=\"\" width=\"43\" height=\"52\" \/><\/strong>Las y los estudiantes que necesiten\u00a0<strong>RECURSAR<\/strong>\u00a0unidades curriculares del campo de formaci\u00f3n general (<strong>PEDAGOG\u00cdA &#8211; DID\u00c1CTICA GENERAL Y SOCIOLOG\u00cdA DE LA EDUCACI\u00d3N<\/strong>)\u00a0y que en este cuatrimestre no se encuentre en el \u00a0mapa curricular de su carrera.<\/td>\n<td width=\"208\"><strong><u>PERIODO DE INSCRIPCI\u00d3N:<\/u><\/strong>\u00a0 desde el <strong><span style=\"color: #993366;\">03<span style=\"color: #800000;\">\/03\/26<\/span> al 13<span style=\"color: #800000;\">\/03\/26 <\/span><\/span><\/strong><strong>\u00a0SIN EXCEPCI\u00d3N<\/strong>\u00a0&#8211; y seg\u00fan las Disposiciones N\u00b0<strong><a href=\"https:\/\/drive.google.com\/file\/d\/1cSbMyTk6veGuahNnpqBi4v7ttrNp9bb3\/view?usp=sharing\" data-saferedirecturl=\"https:\/\/www.google.com\/url?q=https:\/\/drive.google.com\/file\/d\/1cSbMyTk6veGuahNnpqBi4v7ttrNp9bb3\/view?usp%3Dsharing&amp;source=gmail&amp;ust=1719423521133000&amp;usg=AOvVaw071X6jFug2K3VT-uuDvvSp\"><span style=\"color: #800000;\">185\/21<\/span>\u00a0<\/a><\/strong>y\u00a0N\u00ba\u00a0<span style=\"color: #800000;\"><strong><a style=\"color: #800000;\" href=\"https:\/\/drive.google.com\/file\/d\/1h6DqClAib8lVdcMukvT5sMVtDDrDrSSe\/view?usp=sharing\" data-saferedirecturl=\"https:\/\/www.google.com\/url?q=https:\/\/drive.google.com\/file\/d\/1h6DqClAib8lVdcMukvT5sMVtDDrDrSSe\/view?usp%3Dsharing&amp;source=gmail&amp;ust=1719423521133000&amp;usg=AOvVaw3CWVLA4fhsIej57FqWfJ9p\">197\/22\u00a0<\/a><\/strong><\/span> del Consejo Directivo, comunic\u00e1ndose con la secretar\u00eda de estudiantes de manera presencial o al siguiente correo:<img decoding=\"async\" loading=\"lazy\" class=\"wp-image-3515 alignleft\" src=\"https:\/\/ifdsao-rng.infd.edu.ar\/sitio\/wp-content\/uploads\/2021\/04\/Signo-de-mail-1000x1000.jpg\" alt=\"\" width=\"39\" height=\"39\" srcset=\"https:\/\/ifdsao-rng.infd.edu.ar\/sitio\/wp-content\/uploads\/2021\/04\/Signo-de-mail-1000x1000.jpg 1000w, https:\/\/ifdsao-rng.infd.edu.ar\/sitio\/wp-content\/uploads\/2021\/04\/Signo-de-mail-500x500.jpg 500w, https:\/\/ifdsao-rng.infd.edu.ar\/sitio\/wp-content\/uploads\/2021\/04\/Signo-de-mail-768x768.jpg 768w, https:\/\/ifdsao-rng.infd.edu.ar\/sitio\/wp-content\/uploads\/2021\/04\/Signo-de-mail.jpg 1300w\" sizes=\"(max-width: 39px) 100vw, 39px\" \/><\/p>\n<p><span style=\"color: #800000;\"><a style=\"color: #800000;\" href=\"mailto:sec.estudiantes@ifdcsao.edu.ar\">sec.estudiantes@ifdcsao.edu.ar<\/a>\u00a0<\/span><\/td>\n<td width=\"200\">\n<p style=\"text-align: center;\">Detallando la siguiente informaci\u00f3n:<\/p>\n<p style=\"text-align: center;\"><strong>APELLIDO Y NOMBRE COMPLETO \u2013 D.N.I &#8211; CARRERA\u00a0 &#8211; UNIDADES CURRICULARES QUE DESEA RECURSAR \/ A\u00d1O \u2013 TEL\u00c9FONO DE CONTACTO &#8211; CORREO ELECTR\u00d3NICO.<\/strong><\/p>\n<\/td>\n<\/tr>\n<tr>\n<td width=\"289\"><strong><img decoding=\"async\" loading=\"lazy\" class=\"wp-image-4061 alignleft\" src=\"https:\/\/ifdsao-rng.infd.edu.ar\/sitio\/wp-content\/uploads\/2021\/11\/icono-requisitos.png\" alt=\"\" width=\"43\" height=\"52\" \/><\/strong>Las y los estudiantes que opten por\u00a0<strong>cursar<\/strong>\u00a0alguna unidad curricular y cuyo\u00a0<strong>cursado est\u00e9 vigente<\/strong>, deben encuadrarse en la siguiente\u00a0<strong><a href=\"https:\/\/drive.google.com\/file\/d\/1KcHPRU8QRNQUEyxRbQjLrvoA7wt_J8PS\/view?usp=sharing\" data-saferedirecturl=\"https:\/\/www.google.com\/url?q=https:\/\/drive.google.com\/file\/d\/1KcHPRU8QRNQUEyxRbQjLrvoA7wt_J8PS\/view?usp%3Dsharing&amp;source=gmail&amp;ust=1719423521133000&amp;usg=AOvVaw1U6TUpGHtbk5vpWRVQjJDv\">Disposici\u00f3n N\u00b056\/23<\/a><\/strong>\u00a0del Consejo Directivo<strong>.<\/strong><\/td>\n<td width=\"208\"><strong><u>PERIODO DE PRESENTACI\u00d3N \u00abNOTA DE RENUNCIA CURSADOS VIGENTES\u00bb:<\/u><\/strong> desde el <strong><span style=\"color: #993366;\"> 09<span style=\"color: #800000;\">\/03\/26<\/span>\u00a0al 25<span style=\"color: #800000;\">\/03\/26<\/span><\/span><\/strong><strong>\u00a0SIN EXCEPCI\u00d3N<\/strong>, comunic\u00e1ndose con la secretar\u00eda de estudiantes de manera presencial o al siguiente correo electr\u00f3nico: <img decoding=\"async\" loading=\"lazy\" class=\"wp-image-3515 alignleft\" src=\"https:\/\/ifdsao-rng.infd.edu.ar\/sitio\/wp-content\/uploads\/2021\/04\/Signo-de-mail-1000x1000.jpg\" alt=\"\" width=\"39\" height=\"39\" srcset=\"https:\/\/ifdsao-rng.infd.edu.ar\/sitio\/wp-content\/uploads\/2021\/04\/Signo-de-mail-1000x1000.jpg 1000w, https:\/\/ifdsao-rng.infd.edu.ar\/sitio\/wp-content\/uploads\/2021\/04\/Signo-de-mail-500x500.jpg 500w, https:\/\/ifdsao-rng.infd.edu.ar\/sitio\/wp-content\/uploads\/2021\/04\/Signo-de-mail-768x768.jpg 768w, https:\/\/ifdsao-rng.infd.edu.ar\/sitio\/wp-content\/uploads\/2021\/04\/Signo-de-mail.jpg 1300w\" sizes=\"(max-width: 39px) 100vw, 39px\" \/><\/p>\n<p><a href=\"mailto:sec.estudiantes@ifdcsao.edu.ar\">sec.estudiantes@ifdcsao.edu.ar<\/a><\/td>\n<td width=\"200\"><\/td>\n<\/tr>\n<tr>\n<td width=\"289\"><strong><img decoding=\"async\" loading=\"lazy\" class=\"wp-image-4061 alignleft\" src=\"https:\/\/ifdsao-rng.infd.edu.ar\/sitio\/wp-content\/uploads\/2021\/11\/icono-requisitos.png\" alt=\"\" width=\"43\" height=\"52\" \/>Aqu\u00ed les dejamos, la <\/strong><strong>GU\u00cdA DEL\/LA ESTUDIANTE:<\/strong><strong>\u00a0<\/strong>Te sugerimos que la descarguen y la lean, ya que les ser\u00e1 de gran utilidad y facilitar\u00e1 su inserci\u00f3n en la vida estudiantil de la Instituci\u00f3n, donde encontrar\u00e1s informaci\u00f3n acad\u00e9mica y administrativa. Tengan esta gu\u00eda siempre a mano, para poder resolver cualquier tr\u00e1mite y\/o consultas.<\/td>\n<td colspan=\"2\" width=\"408\"><a href=\"https:\/\/www.canva.com\/design\/DAEwC7hg-rA\/e5BWecpb6AO_PZLKlOsI1A\/view?utm_content=DAEwC7hg-rA&amp;utm_campaign=designshare&amp;utm_medium=link&amp;utm_source=publishsharelink\" target=\"_blank\" rel=\"noopener\"><img decoding=\"async\" loading=\"lazy\" class=\"alignnone  wp-image-4062\" src=\"https:\/\/ifdsao-rng.infd.edu.ar\/sitio\/wp-content\/uploads\/2021\/11\/check-form-list-on-papper-3182222.jpg\" alt=\"\" width=\"168\" height=\"187\" \/><\/a><\/td>\n<\/tr>\n<\/tbody>\n<\/table>\n<\/div>\n","protected":false},"excerpt":{"rendered":"<p>Inscripci\u00f3n Online para\u00a0las Unidades Curriculares INICIO DEL CUATRIMESTRE: \u00a0 \u00a0 \u00a0 \u00a0 \u00a0 \u00a0 \u00a0 \u00a0 16\/03\/26 PER\u00cdODO DE INSCRIPCI\u00d3N: desde el 09\/03\/26\u00a0al 15\/03\/26 PER\u00cdODO DE ENMIENDAS: desde el 16\/03\/26\u00a0al 25\/03\/26 Para la\u00a0\u00a0INSCRIPCI\u00d3N A LAS UNIDADES CURRICULARES QUE VAS A CURSAR, deb\u00e9s completar CADA PASO, para que la misma sea CONFIRMADA. PASO N\u00ba 1: \u00a0HORARIOS &#8230; <a title=\"Inscripci\u00f3n a Unidades Curriculares &#8211; P.E.P\" class=\"read-more\" href=\"https:\/\/ifdsao-rng.infd.edu.ar\/sitio\/inscripcion-a-espacios-curriculares\/\" aria-label=\"More on Inscripci\u00f3n a Unidades Curriculares &#8211; P.E.P\">[+]<\/a><\/p>\n","protected":false},"author":879,"featured_media":0,"parent":0,"menu_order":0,"comment_status":"closed","ping_status":"closed","template":"","meta":[],"acf":[],"_links":{"self":[{"href":"https:\/\/ifdsao-rng.infd.edu.ar\/sitio\/wp-json\/wp\/v2\/pages\/1076"}],"collection":[{"href":"https:\/\/ifdsao-rng.infd.edu.ar\/sitio\/wp-json\/wp\/v2\/pages"}],"about":[{"href":"https:\/\/ifdsao-rng.infd.edu.ar\/sitio\/wp-json\/wp\/v2\/types\/page"}],"author":[{"embeddable":true,"href":"https:\/\/ifdsao-rng.infd.edu.ar\/sitio\/wp-json\/wp\/v2\/users\/879"}],"replies":[{"embeddable":true,"href":"https:\/\/ifdsao-rng.infd.edu.ar\/sitio\/wp-json\/wp\/v2\/comments?post=1076"}],"version-history":[{"count":74,"href":"https:\/\/ifdsao-rng.infd.edu.ar\/sitio\/wp-json\/wp\/v2\/pages\/1076\/revisions"}],"predecessor-version":[{"id":7403,"href":"https:\/\/ifdsao-rng.infd.edu.ar\/sitio\/wp-json\/wp\/v2\/pages\/1076\/revisions\/7403"}],"wp:attachment":[{"href":"https:\/\/ifdsao-rng.infd.edu.ar\/sitio\/wp-json\/wp\/v2\/media?parent=1076"}],"curies":[{"name":"wp","href":"https:\/\/api.w.org\/{rel}","templated":true}]}}