{"id":1058,"date":"2018-08-31T14:04:06","date_gmt":"2018-08-31T17:04:06","guid":{"rendered":"https:\/\/ifdsao-rng.infd.edu.ar\/sitio\/normativas-vigentes\/"},"modified":"2025-06-24T09:28:20","modified_gmt":"2025-06-24T12:28:20","slug":"normativas-vigentes","status":"publish","type":"page","link":"https:\/\/ifdsao-rng.infd.edu.ar\/sitio\/normativas-vigentes\/","title":{"rendered":"Normativas Vigentes"},"content":{"rendered":"<div class=\"wp-block-image\">\n<figure class=\"aligncenter\"><img decoding=\"async\" loading=\"lazy\" width=\"960\" height=\"236\" src=\"https:\/\/ifdsao-rng.infd.edu.ar\/sitio\/wp-content\/uploads\/2020\/07\/Encabezado_SG.jpg\" alt=\"\" class=\"wp-image-2679\" srcset=\"https:\/\/ifdsao-rng.infd.edu.ar\/sitio\/wp-content\/uploads\/2020\/07\/Encabezado_SG.jpg 960w, https:\/\/ifdsao-rng.infd.edu.ar\/sitio\/wp-content\/uploads\/2020\/07\/Encabezado_SG-768x189.jpg 768w\" sizes=\"(max-width: 960px) 100vw, 960px\" \/><\/figure><\/div>\n\n\n<h1 class=\"wp-block-heading\"><span style=\"color: #333399;\"><strong>NORMATIVAS VIGENTES<\/strong><\/span><\/h1>\n\n\n\n<figure class=\"wp-block-table alignleft\"><table><tbody><tr><td>\n<ul>\n<li><span style=\"font-family: 'trebuchet ms', geneva; font-size: 10pt;\">Ley N\u00b0<strong>4.819<\/strong> Org\u00e1nica de Educaci\u00f3n<\/span><\/li>\n<\/ul>\n<\/td><td><a href=\"https:\/\/drive.google.com\/file\/d\/1-gG-YSgtjtoB6FkPs78UT0iuajhYD63G\/view?usp=sharing\" target=\"_blank\" rel=\"noopener\"><img decoding=\"async\" loading=\"lazy\" class=\"aligncenter wp-image-1651\" src=\"https:\/\/ifdsao-rng.infd.edu.ar\/sitio\/wp-content\/uploads\/2019\/04\/pdf-descarga.jpeg\" alt=\"\" width=\"42\" height=\"59\"><\/a><\/td><\/tr><tr><td>\n<ul>\n<li><span style=\"font-family: 'trebuchet ms', geneva; font-size: 10pt;\">Ley N\u00b0<strong>391<\/strong> Estatuto del Docente&nbsp;<\/span><\/li>\n<\/ul>\n<\/td><td><a href=\"https:\/\/drive.google.com\/file\/d\/1-Pl18W0tMcKuRGVNoLSsk5cAKS_mitdn\/view?usp=sharing\" target=\"_blank\" rel=\"noopener\"><img decoding=\"async\" loading=\"lazy\" class=\"aligncenter\" src=\"https:\/\/ifdsao-rng.infd.edu.ar\/sitio\/wp-content\/uploads\/2019\/04\/pdf-descarga.jpeg\" width=\"42\" height=\"59\"><\/a><\/td><\/tr><tr><td>\n<ul>\n<li><span style=\"font-family: 'trebuchet ms', geneva; font-size: 10pt;\">Resoluci\u00f3n <strong>4.077\/14:<\/strong> R\u00e9gimen Acad\u00e9mico Marco (<strong>R.A.M<\/strong>)<\/span><\/li>\n<\/ul>\n<\/td><td>&nbsp;<a href=\"https:\/\/drive.google.com\/file\/d\/1KtraCV5vEN5i_Wmv8ZjCkMzZh9v1qy77\/view\" target=\"_blank\" rel=\"noopener\"><img decoding=\"async\" loading=\"lazy\" class=\"aligncenter\" src=\"https:\/\/ifdsao-rng.infd.edu.ar\/sitio\/wp-content\/uploads\/2019\/04\/pdf-descarga.jpeg\" alt=\"\" width=\"42\" height=\"59\"><\/a><\/td><\/tr><tr><td>\n<ul>\n<li><span style=\"font-family: 'trebuchet ms', geneva; font-size: 10pt;\">Resoluci\u00f3n&nbsp;<strong>2425\/16:<\/strong>&nbsp;Reglamento Org\u00e1nico Marco (<strong>R.O.M<\/strong>)<\/span><\/li>\n<\/ul>\n<\/td><td><a href=\"https:\/\/drive.google.com\/file\/d\/1KlIbs-42oxxJPTZ0TyahmhmfSxSWpOrY\/view?usp=sharing\" target=\"_blank\" rel=\"noopener\"><img decoding=\"async\" loading=\"lazy\" class=\"aligncenter\" src=\"https:\/\/ifdsao-rng.infd.edu.ar\/sitio\/wp-content\/uploads\/2019\/04\/pdf-descarga.jpeg\" width=\"42\" height=\"59\"><\/a><\/td><\/tr><tr><td> <ul> <li><span style=\"font-family: 'trebuchet ms', geneva; font-size: 10pt;\"><span style=\"font-family: 'trebuchet ms', geneva; font-size: 10pt;\">Resoluci\u00f3n\u00a0<strong>2426\/16 (Anexo I): <\/strong>Reglamento de Elecciones de los integrantes de los \u00f3rganos de gobierno.<\/span><\/span><\/li> <li><span style=\"font-family: 'trebuchet ms', geneva; font-size: 10pt;\">Resoluci\u00f3n 6006-24 ANEXO I &#8211; II Reglamento de Pr\u00e1cticas Docentes Marco<\/span><\/li> <\/ul> <\/td><td><a rel=\"noopener\" href=\"https:\/\/drive.google.com\/file\/d\/1zLxyEjTVs4_ekiwRiQfuHaNakgz5QdT-\/view?usp=sharing\" target=\"_blank\"><img decoding=\"async\" loading=\"lazy\" width=\"42\" height=\"59\" class=\"aligncenter\" src=\"https:\/\/ifdsao-rng.infd.edu.ar\/sitio\/wp-content\/uploads\/2019\/04\/pdf-descarga.jpeg\"><\/a><a href=\"https:\/\/ifdsao-rng.infd.edu.ar\/sitio\/wp-content\/uploads\/2025\/06\/Res.-6006-24-ANEXO-I-II-Reglamento-de-Practicas-Docentes-Marco.pdf\" target=\"_blank\" rel=\"noreferrer noopener\"><img decoding=\"async\" loading=\"lazy\" width=\"42\" height=\"59\" class=\"aligncenter\" src=\"https:\/\/ifdsao-rng.infd.edu.ar\/sitio\/wp-content\/uploads\/2019\/04\/pdf-descarga.jpeg\"><\/a><\/td><\/tr><tr><td>\n<ul>\n<li><span style=\"font-family: 'trebuchet ms', geneva; font-size: 10pt;\">Resoluci\u00f3n <strong>2428\/16<\/strong>: Reglamento de Concursos para Profesores, Secretarios\/as, Bibliotecarios y Referentes Institucionales TIC de Nivel Superior en car\u00e1cter de interinos y suplentes.<\/span><\/li>\n<\/ul>\n<\/td><td><a href=\"https:\/\/drive.google.com\/file\/d\/1y_aFCy4156PcfvUcvvdjdCTWP1_In2al\/view?usp=sharing\" target=\"_blank\" rel=\"noopener\"><img decoding=\"async\" loading=\"lazy\" class=\"aligncenter\" src=\"https:\/\/ifdsao-rng.infd.edu.ar\/sitio\/wp-content\/uploads\/2019\/04\/pdf-descarga.jpeg\" width=\"42\" height=\"59\"><\/a><\/td><\/tr><tr><td>\n<ul>\n<li><span style=\"font-family: 'trebuchet ms', geneva; font-size: 10pt;\">Resoluci\u00f3n N\u00ba&nbsp;<strong>280\/11<\/strong>:&nbsp;Lineamientos para la Designaci\u00f3n en Cargos y Asignaturas Interinos y Suplentes&nbsp;&#8211;<span style=\"font-family: 'trebuchet ms', geneva; font-size: 10pt;\">Instituciones de Educaci\u00f3n T\u00e9cnico Profesional de Nivel Superior.<\/span><\/span><\/li>\n<\/ul>\n<\/td><td>&nbsp;<a href=\"https:\/\/drive.google.com\/file\/d\/1WfW-PeWEM3JdlMN0EQ7wUd-mV-Kcd8PP\/view?usp=sharing\" target=\"_blank\" rel=\"noopener\"><img decoding=\"async\" loading=\"lazy\" class=\"aligncenter\" src=\"https:\/\/ifdsao-rng.infd.edu.ar\/sitio\/wp-content\/uploads\/2019\/04\/pdf-descarga.jpeg\" width=\"42\" height=\"59\"><\/a><\/td><\/tr><tr><td>\n<ul>\n<li><span style=\"font-size: 10pt; font-family: 'trebuchet ms', geneva;\">Resoluci\u00f3n N\u00ba&nbsp;<strong>233\/98<\/strong>: R\u00e9gimen de Licencias&nbsp;e Inasistencias para el personal docente.<\/span><\/li>\n<\/ul>\n<\/td><td><a href=\"https:\/\/drive.google.com\/file\/d\/1AKqrcH_b1WLOg2wJAtomqvtCsIDAWkq2\/view?usp=sharing\" target=\"_blank\" rel=\"noopener\"><img decoding=\"async\" loading=\"lazy\" class=\"aligncenter\" src=\"https:\/\/ifdsao-rng.infd.edu.ar\/sitio\/wp-content\/uploads\/2019\/04\/pdf-descarga.jpeg\" width=\"42\" height=\"59\"><\/a><\/td><\/tr><tr><td>\n<ul>\n<li><span style=\"font-family: 'trebuchet ms', geneva, sans-serif; font-size: 13.3333px;\">Resoluci\u00f3n N\u00ba&nbsp;<\/span><strong style=\"font-family: 'trebuchet ms', geneva, sans-serif; font-size: 13.3333px;\">747\/07<\/strong><span style=\"font-family: 'trebuchet ms', geneva, sans-serif; font-size: 13.3333px;\">: Implementaci\u00f3n de los Post\u00edtulos Docentes<\/span><\/li>\n<\/ul>\n<\/td><td><a href=\"https:\/\/ifdsao-rng.infd.edu.ar\/sitio\/wp-content\/uploads\/sitio\/Resolucion747_2007_POSTITULOSVALORACION.pdf\" target=\"_blank\" rel=\"noopener\"><img decoding=\"async\" loading=\"lazy\" class=\"aligncenter\" src=\"https:\/\/ifdsao-rng.infd.edu.ar\/sitio\/wp-content\/uploads\/2019\/04\/pdf-descarga.jpeg\" width=\"42\" height=\"59\"><\/a><\/td><\/tr><tr><td>\n<ul>\n<li><span style=\"font-family: 'trebuchet ms', geneva, sans-serif; font-size: 13.3333px;\">Resoluci\u00f3n N\u00ba&nbsp;<\/span><strong style=\"font-family: 'trebuchet ms', geneva, sans-serif; font-size: 13.3333px;\">4242\/15<\/strong><span style=\"font-family: 'trebuchet ms', geneva, sans-serif; font-size: 13.3333px;\">: Dise\u00f1o Curricular Profesorado de Educaci\u00f3n Inicial<\/span><\/li>\n<\/ul>\n<\/td><td><a href=\"https:\/\/drive.google.com\/file\/d\/1WwQhdBvBFrN3Wi3yPpHipd-etCPRnxkG\/view?usp=sharing\" target=\"_blank\" rel=\"noopener\"><img decoding=\"async\" loading=\"lazy\" class=\"aligncenter\" src=\"https:\/\/ifdsao-rng.infd.edu.ar\/sitio\/wp-content\/uploads\/2019\/04\/pdf-descarga.jpeg\" width=\"42\" height=\"59\"><\/a><\/td><\/tr><tr><td>\n<ul>\n<li><span style=\"font-family: 'trebuchet ms', geneva, sans-serif; font-size: 13.3333px;\">Resoluci\u00f3n N\u00ba&nbsp;<\/span><strong style=\"font-family: 'trebuchet ms', geneva, sans-serif; font-size: 13.3333px;\">4249\/15<\/strong><span style=\"font-family: 'trebuchet ms', geneva, sans-serif; font-size: 13.3333px;\">: Dise\u00f1o Curricular Profesorado de Educaci\u00f3n Primaria<\/span><\/li>\n<\/ul>\n<\/td><td><a href=\"https:\/\/ifdsao-rng.infd.edu.ar\/sitio\/plan-de-estudio-nivel-primario\/upload\/PROFESORADO_PRIMARIA__18-11-15.pdf\" target=\"_blank\" rel=\"noopener\"><img decoding=\"async\" loading=\"lazy\" class=\"aligncenter\" src=\"https:\/\/ifdsao-rng.infd.edu.ar\/sitio\/wp-content\/uploads\/2019\/04\/pdf-descarga.jpeg\" width=\"42\" height=\"59\"><\/a><\/td><\/tr><tr><td>\n<ul>\n<li><span style=\"font-family: 'trebuchet ms', geneva, sans-serif; font-size: 13.3333px;\">Resoluci\u00f3n N\u00ba&nbsp;<\/span><strong style=\"font-family: 'trebuchet ms', geneva, sans-serif; font-size: 13.3333px;\">3489\/15<\/strong><span style=\"font-family: 'trebuchet ms', geneva, sans-serif; font-size: 13.3333px;\">: Dise\u00f1o Curricular Profesorado de Educaci\u00f3n Secundaria en Biolog\u00eda<\/span><\/li>\n<\/ul>\n<\/td><td><a href=\"https:\/\/drive.google.com\/file\/d\/1nCF85Oih-5CesLqKjsN0XaALUAfdZYek\/view?usp=sharing\" target=\"_blank\" rel=\"noopener\"><img decoding=\"async\" loading=\"lazy\" class=\"aligncenter\" src=\"https:\/\/ifdsao-rng.infd.edu.ar\/sitio\/wp-content\/uploads\/2019\/04\/pdf-descarga.jpeg\" width=\"42\" height=\"59\"><\/a><\/td><\/tr><tr><td>\n<ul>\n<li><span style=\"font-family: 'trebuchet ms', geneva, sans-serif; font-size: 13.3333px;\">Resoluci\u00f3n N\u00ba&nbsp;<\/span><strong style=\"font-family: 'trebuchet ms', geneva, sans-serif; font-size: 13.3333px;\">1927\/19<\/strong><span style=\"font-family: 'trebuchet ms', geneva, sans-serif; font-size: 13.3333px;\">: Dise\u00f1o Curricular Profesorado de Educaci\u00f3n Secundaria de la&nbsp; Modalidad T\u00e9cnico Profesional en Concurrencia con T\u00edtulo de Base<\/span><\/li>\n<\/ul>\n<\/td><td><a href=\"https:\/\/drive.google.com\/file\/d\/1sOkiasRQNlHhXM1-L244r2fcm4-eqVgA\/view?usp=sharing\" target=\"_blank\" rel=\"noopener\"><img decoding=\"async\" loading=\"lazy\" class=\"aligncenter\" src=\"https:\/\/ifdsao-rng.infd.edu.ar\/sitio\/wp-content\/uploads\/2019\/04\/pdf-descarga.jpeg\" width=\"42\" height=\"59\"><\/a><\/td><\/tr><tr><td>\n<ul>\n<li><span style=\"font-family: 'trebuchet ms', geneva, sans-serif; font-size: 13.3333px;\">Resoluci\u00f3n N\u00ba&nbsp;<\/span><strong style=\"font-family: 'trebuchet ms', geneva, sans-serif; font-size: 13.3333px;\">1275\/16<\/strong><span style=\"font-family: 'trebuchet ms', geneva, sans-serif; font-size: 13.3333px;\">: Dise\u00f1o Curricular Tecnicatura Superior en Administraci\u00f3n de Empresas<\/span><\/li>\n<\/ul>\n<\/td><td><a href=\"https:\/\/drive.google.com\/file\/d\/1tJWXZDQYUaA6J6hCNW90356Wk9Acw61r\/view?usp=sharing\" target=\"_blank\" rel=\"noopener\"><img decoding=\"async\" loading=\"lazy\" class=\"aligncenter\" src=\"https:\/\/ifdsao-rng.infd.edu.ar\/sitio\/wp-content\/uploads\/2019\/04\/pdf-descarga.jpeg\" width=\"42\" height=\"59\"><\/a><\/td><\/tr><tr><td>\n<ul>\n<li><span style=\"font-family: 'trebuchet ms', geneva, sans-serif; font-size: 13.3333px;\">Resoluci\u00f3n N\u00ba&nbsp;<\/span><strong style=\"font-family: 'trebuchet ms', geneva, sans-serif; font-size: 13.3333px;\">2911\/17<\/strong><span style=\"font-family: 'trebuchet ms', geneva, sans-serif; font-size: 13.3333px;\">: Dise\u00f1o Curricular Auxiliar de Estudio Jur\u00eddico<\/span><\/li>\n<\/ul>\n<\/td><td><a href=\"https:\/\/drive.google.com\/file\/d\/1CSxAYi3DFS176onMr2caSY90OtBwdRIQ\/view?usp=sharing\" target=\"_blank\" rel=\"noopener\"><img decoding=\"async\" loading=\"lazy\" class=\"aligncenter\" src=\"https:\/\/ifdsao-rng.infd.edu.ar\/sitio\/wp-content\/uploads\/2019\/04\/pdf-descarga.jpeg\" width=\"42\" height=\"59\"><\/a><\/td><\/tr><tr><td>\n<ul>\n<li><span style=\"font-family: 'trebuchet ms', geneva, sans-serif; font-size: 13.3333px;\">Resoluci\u00f3n N\u00ba&nbsp;<\/span><strong style=\"font-family: 'trebuchet ms', geneva, sans-serif; font-size: 13.3333px;\">2912\/17<\/strong><span style=\"font-family: 'trebuchet ms', geneva, sans-serif; font-size: 13.3333px;\">: Dise\u00f1o Curricular Auxiliar en Liquidaciones Impositivo Laborales<\/span><\/li>\n<\/ul>\n<\/td><td><a href=\"https:\/\/drive.google.com\/file\/d\/1FL7hnL1pW7FWCCqDeXMvJAkVGkzcXmsj\/view?usp=sharing\" target=\"_blank\" rel=\"noopener\"><img decoding=\"async\" loading=\"lazy\" class=\"aligncenter\" src=\"https:\/\/ifdsao-rng.infd.edu.ar\/sitio\/wp-content\/uploads\/2019\/04\/pdf-descarga.jpeg\" width=\"42\" height=\"59\"><\/a><\/td><\/tr><tr><td>\n<ul>\n<li><span style=\"font-family: 'trebuchet ms', geneva, sans-serif; font-size: 13.3333px;\">Resoluci\u00f3n N\u00ba&nbsp;<\/span><strong style=\"font-family: 'trebuchet ms', geneva, sans-serif; font-size: 13.3333px;\">1747\/19<\/strong><span style=\"font-family: 'trebuchet ms', geneva, sans-serif; font-size: 13.3333px;\">: Dise\u00f1o Curricular Guardavidas<\/span><\/li>\n<\/ul>\n<\/td><td><a href=\"https:\/\/drive.google.com\/file\/d\/1mH5xXzq5v14WUoIUWAmoB-SNgWnnr7Jt\/view?usp=sharing\" target=\"_blank\" rel=\"noopener\"><img decoding=\"async\" loading=\"lazy\" class=\"aligncenter\" src=\"https:\/\/ifdsao-rng.infd.edu.ar\/sitio\/wp-content\/uploads\/2019\/04\/pdf-descarga.jpeg\" width=\"42\" height=\"59\"><\/a><\/td><\/tr><tr><td>\n<ul>\n<li><span style=\"font-family: 'trebuchet ms', geneva, sans-serif; font-size: 13.3333px;\">Resoluci\u00f3n N\u00ba&nbsp;<\/span><strong style=\"font-family: 'trebuchet ms', geneva, sans-serif; font-size: 13.3333px;\">6633\/22<\/strong><span style=\"font-family: 'trebuchet ms', geneva, sans-serif; font-size: 13.3333px;\">: Dise\u00f1o Curricular Guardavidas<\/span><\/li>\n<\/ul>\n<\/td><td><a href=\"https:\/\/drive.google.com\/file\/d\/1DqWazOzB0Pc7nV253Ntq62KlZuL0pdib\/view\" target=\"_blank\" rel=\"noopener\"><img decoding=\"async\" loading=\"lazy\" class=\"aligncenter\" src=\"https:\/\/ifdsao-rng.infd.edu.ar\/sitio\/wp-content\/uploads\/2019\/04\/pdf-descarga.jpeg\" width=\"42\" height=\"59\"><\/a><\/td><\/tr><tr><td><ul><li><span style=\"font-family: 'trebuchet ms', geneva, sans-serif; font-size: 13.3333px;\">Resoluci\u00f3n N\u00ba&nbsp;<strong>2209\/18<\/strong>: Dise\u00f1o Curricular Tecnicatura Superior en Gastronomia<\/span><\/li><\/ul><\/td><td><a href=\"https:\/\/drive.google.com\/file\/d\/1mLofbkh03f7iQuxy6T9u9GeTL2lLz1KD\/view?usp=share_link\"><img decoding=\"async\" loading=\"lazy\" width=\"42\" height=\"59\" class=\"aligncenter\" src=\"https:\/\/ifdsao-rng.infd.edu.ar\/sitio\/wp-content\/uploads\/2019\/04\/pdf-descarga.jpeg\"><\/a><\/td><\/tr><tr><td><ul><li><span style=\"font-family: 'trebuchet ms', geneva, sans-serif; font-size: 13.3333px;\">Resoluci\u00f3n N\u00ba&nbsp;<strong>6009_24<\/strong>: Dise\u00f1o Curricular Tecnicatura Superior en Gastronomia<\/span><\/li><\/ul><\/td><td><a href=\"https:\/\/ifdsao-rng.infd.edu.ar\/sitio\/wp-content\/uploads\/2025\/03\/Res.No-6009_24-Diseno-Curricular-Jurisdiccional-de-la-TSG.pdf\"><img decoding=\"async\" loading=\"lazy\" width=\"42\" height=\"59\" class=\"aligncenter\" src=\"https:\/\/ifdsao-rng.infd.edu.ar\/sitio\/wp-content\/uploads\/2019\/04\/pdf-descarga.jpeg\"><\/a><\/td><\/tr><tr><td><ul><li><span style=\"font-family: 'trebuchet ms', geneva, sans-serif; font-size: 13.3333px;\">Resoluci\u00f3n N\u00ba&nbsp;<strong>1121-17<\/strong>: Dise\u00f1o Curricular Tecnicatura Superior en Seguridad e Higiene<\/span><\/li><\/ul><\/td><td><a href=\"https:\/\/ifdsao-rng.infd.edu.ar\/sitio\/wp-content\/uploads\/2025\/03\/Res-1121-17_-Aprueba-y-DC-Seguridad-e-Higiene-en-el-Trabajo.pdf\"><img decoding=\"async\" loading=\"lazy\" width=\"42\" height=\"59\" class=\"aligncenter\" src=\"https:\/\/ifdsao-rng.infd.edu.ar\/sitio\/wp-content\/uploads\/2019\/04\/pdf-descarga.jpeg\"><\/a><\/td><\/tr><tr><td><ul><li><span style=\"font-family: 'trebuchet ms', geneva, sans-serif; font-size: 13.3333px;\">Resoluci\u00f3n N\u00ba&nbsp;<strong>01247-25<\/strong>: Dise\u00f1o Curricular <\/span>Coordinador Tur\u00edstico<\/li><\/ul><\/td><td><a href=\"https:\/\/ifdsao-rng.infd.edu.ar\/sitio\/wp-content\/uploads\/2025\/03\/01247-25-Diseno-Coordinador-Turistico.pdf\"><img decoding=\"async\" loading=\"lazy\" width=\"42\" height=\"59\" class=\"aligncenter\" src=\"https:\/\/ifdsao-rng.infd.edu.ar\/sitio\/wp-content\/uploads\/2019\/04\/pdf-descarga.jpeg\"><\/a><\/td><\/tr><\/tbody><\/table><\/figure>\n","protected":false},"excerpt":{"rendered":"<p>NORMATIVAS VIGENTES Ley N\u00b04.819 Org\u00e1nica de Educaci\u00f3n Ley N\u00b0391 Estatuto del Docente&nbsp; Resoluci\u00f3n 4.077\/14: R\u00e9gimen Acad\u00e9mico Marco (R.A.M) &nbsp; Resoluci\u00f3n&nbsp;2425\/16:&nbsp;Reglamento Org\u00e1nico Marco (R.O.M) Resoluci\u00f3n\u00a02426\/16 (Anexo I): Reglamento de Elecciones de los integrantes de los \u00f3rganos de gobierno. Resoluci\u00f3n 6006-24 ANEXO I &#8211; II Reglamento de Pr\u00e1cticas Docentes Marco Resoluci\u00f3n 2428\/16: Reglamento de Concursos para Profesores, &#8230; <a title=\"Normativas Vigentes\" class=\"read-more\" href=\"https:\/\/ifdsao-rng.infd.edu.ar\/sitio\/normativas-vigentes\/\" aria-label=\"More on Normativas Vigentes\">[+]<\/a><\/p>\n","protected":false},"author":879,"featured_media":0,"parent":0,"menu_order":0,"comment_status":"closed","ping_status":"closed","template":"","meta":[],"acf":[],"_links":{"self":[{"href":"https:\/\/ifdsao-rng.infd.edu.ar\/sitio\/wp-json\/wp\/v2\/pages\/1058"}],"collection":[{"href":"https:\/\/ifdsao-rng.infd.edu.ar\/sitio\/wp-json\/wp\/v2\/pages"}],"about":[{"href":"https:\/\/ifdsao-rng.infd.edu.ar\/sitio\/wp-json\/wp\/v2\/types\/page"}],"author":[{"embeddable":true,"href":"https:\/\/ifdsao-rng.infd.edu.ar\/sitio\/wp-json\/wp\/v2\/users\/879"}],"replies":[{"embeddable":true,"href":"https:\/\/ifdsao-rng.infd.edu.ar\/sitio\/wp-json\/wp\/v2\/comments?post=1058"}],"version-history":[{"count":30,"href":"https:\/\/ifdsao-rng.infd.edu.ar\/sitio\/wp-json\/wp\/v2\/pages\/1058\/revisions"}],"predecessor-version":[{"id":6799,"href":"https:\/\/ifdsao-rng.infd.edu.ar\/sitio\/wp-json\/wp\/v2\/pages\/1058\/revisions\/6799"}],"wp:attachment":[{"href":"https:\/\/ifdsao-rng.infd.edu.ar\/sitio\/wp-json\/wp\/v2\/media?parent=1058"}],"curies":[{"name":"wp","href":"https:\/\/api.w.org\/{rel}","templated":true}]}}