{"id":1053,"date":"2018-08-31T14:04:04","date_gmt":"2018-08-31T17:04:04","guid":{"rendered":"https:\/\/ifdsao-rng.infd.edu.ar\/sitio\/informacion-general\/"},"modified":"2022-03-16T04:04:16","modified_gmt":"2022-03-16T07:04:16","slug":"informacion-general","status":"publish","type":"page","link":"https:\/\/ifdsao-rng.infd.edu.ar\/sitio\/informacion-general\/","title":{"rendered":"Informaci\u00f3n General"},"content":{"rendered":"<p><img decoding=\"async\" loading=\"lazy\" class=\"aligncenter size-full wp-image-3425\" src=\"https:\/\/ifdsao-rng.infd.edu.ar\/sitio\/wp-content\/uploads\/2021\/03\/Encabezado_Biblioteca.jpg\" alt=\"\" width=\"960\" height=\"234\" srcset=\"https:\/\/ifdsao-rng.infd.edu.ar\/sitio\/wp-content\/uploads\/2021\/03\/Encabezado_Biblioteca.jpg 960w, https:\/\/ifdsao-rng.infd.edu.ar\/sitio\/wp-content\/uploads\/2021\/03\/Encabezado_Biblioteca-768x187.jpg 768w\" sizes=\"(max-width: 960px) 100vw, 960px\" \/><\/p>\n<p><img decoding=\"async\" loading=\"lazy\" class=\"wp-image-4383 alignright\" src=\"https:\/\/ifdsao-rng.infd.edu.ar\/sitio\/wp-content\/uploads\/2022\/03\/Horarios-Biblioteca.jpg\" alt=\"\" width=\"542\" height=\"489\" \/><\/p>\n<p><img decoding=\"async\" loading=\"lazy\" class=\"alignnone  wp-image-3770 alignright\" src=\"https:\/\/ifdsao-rng.infd.edu.ar\/sitio\/wp-content\/uploads\/2021\/06\/ff252740-7280-4304-a7b2-4fd9af76dc99-1000x563.jpeg\" alt=\"\" width=\"538\" height=\"303\" srcset=\"https:\/\/ifdsao-rng.infd.edu.ar\/sitio\/wp-content\/uploads\/2021\/06\/ff252740-7280-4304-a7b2-4fd9af76dc99-1000x563.jpeg 1000w, https:\/\/ifdsao-rng.infd.edu.ar\/sitio\/wp-content\/uploads\/2021\/06\/ff252740-7280-4304-a7b2-4fd9af76dc99-768x432.jpeg 768w, https:\/\/ifdsao-rng.infd.edu.ar\/sitio\/wp-content\/uploads\/2021\/06\/ff252740-7280-4304-a7b2-4fd9af76dc99-1900x1069.jpeg 1900w, https:\/\/ifdsao-rng.infd.edu.ar\/sitio\/wp-content\/uploads\/2021\/06\/ff252740-7280-4304-a7b2-4fd9af76dc99.jpeg 1920w\" sizes=\"(max-width: 538px) 100vw, 538px\" \/><\/p>\n<p style=\"text-align: left;\"><span style=\"color: #ff6600;\"><strong>MISI\u00d3N: <\/strong><\/span>Satisfacer las demandas y las necesidades de informaci\u00f3n de su comunidad de usuarios, a fin de apoyar la formaci\u00f3n, extensi\u00f3n e investigaci\u00f3n en las disciplinas que conforman las distintas carreras de la instituci\u00f3n.<\/p>\n<p><span style=\"color: #ff6600;\"><strong>VISI\u00d3N:\u00a0<\/strong><\/span>Ser un centro de informaci\u00f3n l\u00edder en recursos bibliogr\u00e1ficos, multimediales y digitales en la localidad de san Antonio Oeste.<\/p>\n<p>Fomentar un aprendizaje aut\u00f3nomo que le permita aprender a aprender a lo largo de toda su vida, respondiendo a una sociedad moderna y\u00a0 globalizada.<\/p>\n<p><span style=\"color: #ff6600;\"><strong>FUNCIONES DE LA BIBLIOTECA:<\/strong><\/span><\/p>\n<ul>\n<li>Apoyar el plan de estudios, trabajando conjuntamente con toda la comunidad educativa.<\/li>\n<li>Desarrollar y fomentar el h\u00e1bito y el placer por la lectura en los estudiantes, as\u00ed como la utilizaci\u00f3n de la biblioteca a lo largo de su vida.<\/li>\n<\/ul>\n<p style=\"text-align: left;\"><strong><span style=\"color: #ff6600;\">NORMAS<\/span><\/strong> de la\u00a0 biblioteca:<\/p>\n<h5 style=\"text-align: left;\">(<strong>RESUMEN \u2013 SOLICITAR EN BIBLIOTECA REGLAMENTO COMPLETO)<\/strong><\/h5>\n<p style=\"text-align: left;\"><strong>Para hacer un uso responsable de la biblioteca es necesario conocer y respetar las siguientes normas:<\/strong><\/p>\n<ul style=\"text-align: left;\">\n<li>La biblioteca es un espacio de estudio, lectura y trabajo por lo tanto se debe mantener un comportamiento adecuado.<\/li>\n<li>El pr\u00e9stamo es personal e intransferible.<\/li>\n<li>Todos los pr\u00e9stamos deben quedar registrados en su ficha personal. Es obligaci\u00f3n del usuario mantener sus datos de contacto actualizados.<\/li>\n<li>Plazo de pr\u00e9stamo domiciliario: 15 d\u00edas.<\/li>\n<li>Los materiales deben ser devueltos en perfecto estado de conservaci\u00f3n.<\/li>\n<li>La p\u00e9rdida o deterioro de un material obliga al usuario a reponerlo.<\/li>\n<li>La revisi\u00f3n completa del reglamento se encuentra a disposici\u00f3n de los usuarios en la Biblioteca.<\/li>\n<\/ul>\n<p style=\"text-align: left;\"><strong><span style=\"color: #ff6600;\">SERVICIO DE REFERENCIA<\/span><\/strong>: (orientaci\u00f3n, informaci\u00f3n) de manera presencial o virtual:<\/p>\n<ul>\n<li style=\"text-align: left;\">Consulta de materiales en sala<\/li>\n<li>Orientaci\u00f3n en la b\u00fasqueda de los materiales.<\/li>\n<li>Acceso\u00a0 a\u00a0 recursos de informaci\u00f3n registrados y organizados en la biblioteca.<\/li>\n<li>Espacio de lectura, investigaci\u00f3n y estudio personal a todos los miembros de la comunidad educativa<\/li>\n<li style=\"text-align: left;\">Impresiones<\/li>\n<li style=\"text-align: left;\">Internet<\/li>\n<li style=\"text-align: left;\">Cat\u00e1logo OPAC Aguapey<\/li>\n<li style=\"text-align: left;\">Pr\u00e9stamo en sala, \u00e1ulico y domiciliario.<\/li>\n<\/ul>\n<p style=\"text-align: left;\">A trav\u00e9s de la <strong>red social Facebook<\/strong> de la Biblioteca se realizan diversos posteos para difundir:<\/p>\n<ul>\n<li style=\"text-align: left;\">\u00a0Recursos pedag\u00f3gicos virtuales<\/li>\n<li style=\"text-align: left;\">Efem\u00e9rides culturales, hist\u00f3ricas, sociales<\/li>\n<li style=\"text-align: left;\">Obras literarias en formato digital<\/li>\n<li style=\"text-align: left;\">Recomendaciones de libros, videos, sitios web<\/li>\n<li style=\"text-align: left;\">Informaci\u00f3n en general.<\/li>\n<\/ul>\n<p style=\"text-align: left;\"><strong><span style=\"color: #ff6600;\">\u00bfQui\u00e9nes pueden usar los servicios de la Biblioteca?: <\/span><\/strong>Los usuarios\/as\u00a0 de biblioteca son todos los miembros de la comunidad educativa como tambi\u00e9n, todos y todas las personas vinculadas con la instituci\u00f3n.<\/p>\n<ul>\n<li style=\"text-align: left;\">Estudiantes<\/li>\n<li style=\"text-align: left;\">Docentes<\/li>\n<li style=\"text-align: left;\">Auxiliares de servicio<\/li>\n<li style=\"text-align: left;\">Egresados<\/li>\n<\/ul>\n<p style=\"text-align: left;\"><span style=\"font-size: 12pt;\">\u00a0<\/span><\/p>\n","protected":false},"excerpt":{"rendered":"<p>MISI\u00d3N: Satisfacer las demandas y las necesidades de informaci\u00f3n de su comunidad de usuarios, a fin de apoyar la formaci\u00f3n, extensi\u00f3n e investigaci\u00f3n en las disciplinas que conforman las distintas carreras de la instituci\u00f3n. VISI\u00d3N:\u00a0Ser un centro de informaci\u00f3n l\u00edder en recursos bibliogr\u00e1ficos, multimediales y digitales en la localidad de san Antonio Oeste. Fomentar un &#8230; <a title=\"Informaci\u00f3n General\" class=\"read-more\" href=\"https:\/\/ifdsao-rng.infd.edu.ar\/sitio\/informacion-general\/\" aria-label=\"More on Informaci\u00f3n General\">[+]<\/a><\/p>\n","protected":false},"author":879,"featured_media":0,"parent":0,"menu_order":0,"comment_status":"closed","ping_status":"closed","template":"","meta":[],"acf":[],"_links":{"self":[{"href":"https:\/\/ifdsao-rng.infd.edu.ar\/sitio\/wp-json\/wp\/v2\/pages\/1053"}],"collection":[{"href":"https:\/\/ifdsao-rng.infd.edu.ar\/sitio\/wp-json\/wp\/v2\/pages"}],"about":[{"href":"https:\/\/ifdsao-rng.infd.edu.ar\/sitio\/wp-json\/wp\/v2\/types\/page"}],"author":[{"embeddable":true,"href":"https:\/\/ifdsao-rng.infd.edu.ar\/sitio\/wp-json\/wp\/v2\/users\/879"}],"replies":[{"embeddable":true,"href":"https:\/\/ifdsao-rng.infd.edu.ar\/sitio\/wp-json\/wp\/v2\/comments?post=1053"}],"version-history":[{"count":11,"href":"https:\/\/ifdsao-rng.infd.edu.ar\/sitio\/wp-json\/wp\/v2\/pages\/1053\/revisions"}],"predecessor-version":[{"id":4385,"href":"https:\/\/ifdsao-rng.infd.edu.ar\/sitio\/wp-json\/wp\/v2\/pages\/1053\/revisions\/4385"}],"wp:attachment":[{"href":"https:\/\/ifdsao-rng.infd.edu.ar\/sitio\/wp-json\/wp\/v2\/media?parent=1053"}],"curies":[{"name":"wp","href":"https:\/\/api.w.org\/{rel}","templated":true}]}}