{"id":1035,"date":"2018-08-31T14:03:58","date_gmt":"2018-08-31T17:03:58","guid":{"rendered":"https:\/\/ifdsao-rng.infd.edu.ar\/sitio\/residencia-estudiantil\/"},"modified":"2024-12-17T11:17:05","modified_gmt":"2024-12-17T14:17:05","slug":"residencia-estudiantil","status":"publish","type":"page","link":"https:\/\/ifdsao-rng.infd.edu.ar\/sitio\/residencia-estudiantil\/","title":{"rendered":"Residencia Estudiantil"},"content":{"rendered":"<p><span style=\"font-size: 16pt;\"><img decoding=\"async\" loading=\"lazy\" class=\"wp-image-4021 aligncenter\" src=\"https:\/\/ifdsao-rng.infd.edu.ar\/sitio\/wp-content\/uploads\/2021\/11\/Encabezados-Residencia-estudiantil.jpg\" alt=\"\" width=\"888\" height=\"201\" \/><\/span><\/p>\n<p style=\"text-align: center;\">\n<table>\n<tbody>\n<tr>\n<td width=\"299\"><img decoding=\"async\" loading=\"lazy\" class=\"aligncenter wp-image-4046\" src=\"https:\/\/ifdsao-rng.infd.edu.ar\/sitio\/wp-content\/uploads\/2021\/11\/residencia-estudiantil_InscIngresantes.jpg\" alt=\"\" width=\"348\" height=\"118\" \/><\/p>\n<p style=\"text-align: center;\"><span style=\"font-size: 10pt; text-justify; font-family: 'trebuchet ms', geneva;\">Esta opci\u00f3n, es s\u00f3lo para estudiantes ingresantes que se inscribir\u00e1n y postular\u00e1n al beneficio de la Residencia Estudiantil, para ingresar en <strong>ciclo lectivo 2025.<\/strong><\/span><\/p>\n<\/td>\n<td width=\"299\"><img decoding=\"async\" loading=\"lazy\" class=\" wp-image-4850 aligncenter\" src=\"https:\/\/ifdsao-rng.infd.edu.ar\/sitio\/wp-content\/uploads\/2022\/11\/residencia-estudiantil_renovacion.jpg\" alt=\"\" width=\"287\" height=\"109\" \/><\/p>\n<p style=\"text-align: center;\"><span style=\"font-size: 10pt; text-justify; font-family: 'trebuchet ms', geneva;\">Esta opci\u00f3n, es s\u00f3lo para estudiantes\u00a0 a quienes\u00a0 esta beca les fue otorgada\u00a0 en el\u00a0 <strong>ciclo lectivo a<\/strong><\/span><span style=\"font-size: 10pt; text-justify; font-family: 'trebuchet ms', geneva;\"><strong>nterior.<\/strong><\/span><\/p>\n<\/td>\n<\/tr>\n<tr>\n<td width=\"299\">\n<p style=\"text-align: left;\"><strong><span style=\"font-size: 10pt; text-justify; line-height: 1; font-family: 'trebuchet ms', geneva;\"><img decoding=\"async\" loading=\"lazy\" class=\"wp-image-4061 alignleft\" src=\"https:\/\/ifdsao-rng.infd.edu.ar\/sitio\/wp-content\/uploads\/2021\/11\/icono-requisitos.png\" alt=\"\" width=\"35\" height=\"43\" \/><span style=\"color: #ff6600;\">REQUISITOS:<\/span><\/span><\/strong><\/p>\n<ul>\n<li style=\"text-align: left;\"><span style=\"font-size: 10pt; text-justify; font-family: 'trebuchet ms', geneva;\">Haber finalizado la educaci\u00f3n secundaria.<\/span><\/li>\n<li style=\"text-align: left;\"><span style=\"font-size: 10pt; text-justify; font-family: 'trebuchet ms', geneva;\">Estar inscriptos\/preinscriptos en la instituci\u00f3n.<\/span><\/li>\n<li style=\"text-align: left;\"><span style=\"font-size: 10pt; text-justify; font-family: 'trebuchet ms', geneva;\">Ser menor de 25 a\u00f1os.<\/span><\/li>\n<li style=\"text-align: left;\"><span style=\"font-size: 10pt; text-justify; font-family: 'trebuchet ms', geneva;\">Certificar promedio de 5\u00ba a\u00f1o de la educaci\u00f3n secundaria no inferior a siete (7).<\/span><\/li>\n<\/ul>\n<p style=\"text-align: left;\"><strong><span style=\"font-size: 12pt; text-justify; font-family: 'trebuchet ms', geneva;\"><img decoding=\"async\" loading=\"lazy\" class=\"wp-image-4062 alignleft\" src=\"https:\/\/ifdsao-rng.infd.edu.ar\/sitio\/wp-content\/uploads\/2021\/11\/check-form-list-on-papper-3182222.jpg\" alt=\"\" width=\"54\" height=\"59\" \/>PASO N\u00ba1:<\/span><\/strong> <span style=\"color: #ff6600;\"><strong>INGRESAR AL FORMULARIO ON LINE. <\/strong><\/span><span style=\"font-size: 10pt; text-justify; font-family: 'trebuchet ms', geneva;\">(Deber\u00e1s completar el formulario online desde el<span style=\"font-size: 12pt; text-justify; font-family: 'trebuchet ms', geneva;\">\u00a0<span style=\"color: #ff6600;\"><strong>01<\/strong><\/span> al <span style=\"color: #ff6600;\"><strong>30 de diciembre<\/strong><\/span><\/span>).<\/span><\/p>\n<p><a href=\"https:\/\/forms.gle\/srJdxqVn5KwdbN4N7\" target=\"_blank\" rel=\"noopener\"><img decoding=\"async\" loading=\"lazy\" class=\"wp-image-4019 aligncenter\" src=\"https:\/\/ifdsao-rng.infd.edu.ar\/sitio\/wp-content\/uploads\/2021\/11\/Icono-Solicitud.png\" alt=\"\" width=\"216\" height=\"216\" \/><\/a><\/p>\n<p style=\"text-align: left;\"><strong><span style=\"font-size: 12pt; text-justify; font-family: 'trebuchet ms', geneva;\"><span style=\"color: #ff6600;\"><span style=\"color: #000000;\"><img decoding=\"async\" loading=\"lazy\" class=\"wp-image-4008 alignleft\" style=\"font-size: inherit; font-family: inherit; font-weight: inherit;\" src=\"https:\/\/ifdsao-rng.infd.edu.ar\/sitio\/wp-content\/uploads\/2021\/11\/Icono-de-documentacion-850x1000.jpg\" alt=\"\" width=\"49\" height=\"58\" srcset=\"https:\/\/ifdsao-rng.infd.edu.ar\/sitio\/wp-content\/uploads\/2021\/11\/Icono-de-documentacion-850x1000.jpg 850w, https:\/\/ifdsao-rng.infd.edu.ar\/sitio\/wp-content\/uploads\/2021\/11\/Icono-de-documentacion-768x903.jpg 768w, https:\/\/ifdsao-rng.infd.edu.ar\/sitio\/wp-content\/uploads\/2021\/11\/Icono-de-documentacion.jpg 904w\" sizes=\"(max-width: 49px) 100vw, 49px\" \/>PASO N\u00ba2: <\/span><\/span><\/span><\/strong><span style=\"font-size: 12pt; text-justify; font-family: 'trebuchet ms', geneva;\"><span style=\"color: #ff6600;\"><span style=\"color: #000000;\"><span style=\"font-size: 10pt; text-justify; font-family: 'trebuchet ms', geneva;\">En el mes de <\/span><\/span><\/span><\/span><strong><span style=\"font-size: 10pt; text-justify; font-family: 'trebuchet ms', geneva;\"><span style=\"color: #ff6600;\"><span style=\"color: #000000;\">FEBRERO,<\/span><\/span><\/span><\/strong><span style=\"font-size: 10pt; text-justify; font-family: 'trebuchet ms', geneva;\"><span style=\"color: #ff6600;\"><span style=\"color: #000000;\"> cuando se te otorgue un turno para entregar la documentaci\u00f3n de inscripci\u00f3n a la carrera, tambi\u00e9n deber\u00e1s presentar la DOCUMENTACI\u00d3N\u00a0 COMPLETA de inscripci\u00f3n a la Beca de Residencia &#8211; <\/span><\/span><\/span><span style=\"font-size: 10pt; text-justify; font-family: 'trebuchet ms', geneva;\">La documentaci\u00f3n requerida tendr\u00e1 valor de declaraci\u00f3n jurada, se debe presentar fotocopiada, autenticada y ser\u00e1 la siguiente:<\/span><\/p>\n<ul>\n<li style=\"list-style-type: none;\">\n<ul>\n<li style=\"text-align: left;\"><span style=\"font-size: 10pt; text-justify; font-family: 'trebuchet ms', geneva;\">Fotocopia de <strong>D.N.I<\/strong>.<\/span><\/li>\n<li style=\"text-align: left;\"><span style=\"font-size: 10pt; text-justify; font-family: 'trebuchet ms', geneva;\">Fotocopia del <strong>Certificado Anal\u00edtico de Educaci\u00f3n Secundaria o Constancia de t\u00edtulo en tr\u00e1mite<\/strong>.<\/span><\/li>\n<li style=\"text-align: left;\"><span style=\"font-size: 10pt; text-justify; font-family: 'trebuchet ms', geneva;\"><strong>Certificado de ingreso a la instituci\u00f3n<\/strong> terciaria (puede ser la solicitud de preinscripci\u00f3n).<\/span><\/li>\n<li style=\"text-align: left;\"><span style=\"font-size: 10pt; text-justify; font-family: 'trebuchet ms', geneva;\">Fotocopia del <strong>Plan de Estudios<\/strong> (descargar de la P\u00e1gina Web de la Instituci\u00f3n en la secci\u00f3n <strong>CARRERAS<\/strong>)<\/span><\/li>\n<li style=\"text-align: left;\"><span style=\"font-size: 10pt; text-justify; font-family: 'trebuchet ms', geneva;\">Los\/as <strong>ingresantes menores de dieciocho (18) a\u00f1os<\/strong> deben presentar autorizaci\u00f3n legalizada ante autoridad policial, de los padres o tutores.<\/span><\/li>\n<li style=\"text-align: left;\"><span style=\"font-size: 10pt; text-justify; font-family: 'trebuchet ms', geneva;\"><strong>Fotocopia de recibo\/s de sueldo\/s o declaraci\u00f3n jurada de ingresos mensuales<\/strong> de los integrantes del grupo familiar (realizada antes juez de paz o autoridad policial), la cual se solicitar\u00e1 actualizar anualmente para la renovaci\u00f3n del beneficio de residencia.<\/span><\/li>\n<li style=\"text-align: left;\"><span style=\"font-size: 10pt; text-justify; font-family: 'trebuchet ms', geneva;\"><strong>Formulario de Inscripci\u00f3n a la Residencia Estudiantil<\/strong> (<a href=\"https:\/\/drive.google.com\/file\/d\/19zRfppgw3tSpeX82HDb4SUH_vL7pHIlQ\/view?usp=share_link\" target=\"_blank\" rel=\"noopener\"><span style=\"color: #ff6600;\"><strong>descargar Aqu\u00ed<\/strong><\/span><\/a>).<\/span><\/li>\n<\/ul>\n<\/li>\n<\/ul>\n<\/td>\n<td width=\"299\"><span style=\"color: #008000;\"><strong><span style=\"font-size: 12pt; text-justify; font-family: 'trebuchet ms', geneva;\"><span style=\"color: #3366ff;\"><span style=\"font-size: 12pt; text-justify; line-height: 1; font-family: 'trebuchet ms', geneva;\"><img decoding=\"async\" loading=\"lazy\" class=\"wp-image-4061 alignleft\" src=\"https:\/\/ifdsao-rng.infd.edu.ar\/sitio\/wp-content\/uploads\/2021\/11\/icono-requisitos.png\" alt=\"\" width=\"35\" height=\"43\" \/><span style=\"color: #ff6600;\">REQUISITOS: <\/span><\/span><\/span><\/span><\/strong><span style=\"color: #000000;\"><span style=\"font-size: 10pt; text-justify; font-family: 'trebuchet ms', geneva;\">Son causales de no renovaci\u00f3n del Beneficio, las siguientes:<\/span><\/span><\/span><\/p>\n<ul>\n<li><span style=\"color: #008000;\"><span style=\"color: #000000;\"><span style=\"font-size: 10pt; text-justify; font-family: 'trebuchet ms', geneva;\">No alcanzar el rendimiento acad\u00e9mico establecido en el Art\u00edculo 12\u00ba de la Resoluci\u00f3n N\u00ba 20\/16.<\/span><\/span><\/span><\/li>\n<li><span style=\"color: #008000;\"><span style=\"color: #000000;\"><span style=\"font-size: 10pt; text-justify; font-family: 'trebuchet ms', geneva;\">Conducta que altere la convivencia dentro de la Residencia.<\/span><\/span><\/span><\/li>\n<li><span style=\"color: #008000;\"><span style=\"color: #000000;\"><span style=\"font-size: 10pt; text-justify; font-family: 'trebuchet ms', geneva;\">Falsedad en la presentaci\u00f3n de la documentaci\u00f3n requerida con car\u00e1cter de declaraci\u00f3n jurada.<\/span><\/span><\/span><\/li>\n<li><span style=\"color: #008000;\"><span style=\"color: #000000;\"><span style=\"font-size: 10pt; text-justify; font-family: 'trebuchet ms', geneva;\">Modificaci\u00f3n de la situaci\u00f3n socio-econ\u00f3mica del beneficiario. <\/span><\/span><\/span><\/li>\n<li><span style=\"color: #008000;\"><span style=\"color: #000000;\"><span style=\"font-size: 10pt; text-justify; font-family: 'trebuchet ms', geneva;\">Finalizaci\u00f3n de los estudios de grado que estuviere cursando.<\/span><\/span><\/span><\/li>\n<li><span style=\"color: #008000;\"><span style=\"color: #000000;\"><span style=\"font-size: 10pt; text-justify; font-family: 'trebuchet ms', geneva;\">Cualquier incumplimiento de este reglamento, como as\u00ed tambi\u00e9n del reglamento interno mencionado en el Art\u00edculo 16\u00ba de la Resoluci\u00f3n N\u00ba 20\/16.<\/span><\/span><\/span><\/li>\n<li><span style=\"color: #008000;\"><span style=\"color: #000000;\"><span style=\"font-size: 10pt; text-justify; font-family: 'trebuchet ms', geneva;\">Haber tenido dos (2) llamados de atenci\u00f3n durante el a\u00f1o por parte del referente de la <\/span><span style=\"font-size: 10pt; text-justify; font-family: 'trebuchet ms', geneva;\">Direcci\u00f3n de Planeamiento, Educaci\u00f3n Superior y Formaci\u00f3n.<\/span><\/span><\/span><\/li>\n<\/ul>\n<p><strong><span style=\"font-size: 12pt; text-justify; font-family: 'trebuchet ms', geneva;\"><span style=\"font-size: 10pt; text-justify; font-family: 'trebuchet ms', geneva;\"><img decoding=\"async\" loading=\"lazy\" class=\"wp-image-4062 alignleft\" src=\"https:\/\/ifdsao-rng.infd.edu.ar\/sitio\/wp-content\/uploads\/2021\/11\/check-form-list-on-papper-3182222.jpg\" alt=\"\" width=\"54\" height=\"59\" \/><\/span>PASO N\u00ba1:<\/span><\/strong> <span style=\"color: #008000;\"><strong><span style=\"color: #3366ff;\">COMPLETAR\u00a0 Y ENVIAR AL CORREO DE LA SECRETAR\u00cdA DE ESTUDIANTES LA DOCUMENTACI\u00d3N QUE SE DETALLA A CONTINUACI\u00d3N (<\/span><\/strong><\/span><span style=\"font-size: 10pt; text-justify; font-family: 'trebuchet ms', geneva;\">Desde el<span style=\"font-size: 12pt; text-justify; font-family: 'trebuchet ms', geneva;\">\u00a0<span style=\"color: #3366ff;\"><strong>01<\/strong> <\/span>al <span style=\"color: #3366ff;\"><strong>30 de diciembre<\/strong><\/span><\/span>).<\/span><\/p>\n<ul>\n<li><span style=\"font-size: 10pt; text-justify; font-family: 'trebuchet ms', geneva;\"><strong>Formulario de Inscripci\u00f3n a la Residencia Estudiantil<\/strong> (<span style=\"color: #0000ff;\"><a style=\"color: #0000ff;\" href=\"https:\/\/drive.google.com\/file\/d\/19zRfppgw3tSpeX82HDb4SUH_vL7pHIlQ\/view?usp=share_link\" target=\"_blank\" rel=\"noopener\"><strong>descargar Aqu\u00ed<\/strong><\/a><\/span>).<\/span><\/li>\n<li><span style=\"font-size: 10pt; text-justify; font-family: 'trebuchet ms', geneva;\"><strong>Fotocopia de recibo\/s de sueldo\/s o declaraci\u00f3n jurada de ingresos mensuales<\/strong> de los integrantes del grupo familiar (realizada antes juez de paz o autoridad policial), la cual se solicitar\u00e1 actualizar anualmente para la renovaci\u00f3n del beneficio de residencia.<\/span><\/li>\n<\/ul>\n<p style=\"text-align: center;\"><img decoding=\"async\" loading=\"lazy\" class=\"wp-image-3515 aligncenter\" src=\"https:\/\/ifdsao-rng.infd.edu.ar\/sitio\/wp-content\/uploads\/2021\/04\/Signo-de-mail-1000x1000.jpg\" alt=\"\" width=\"49\" height=\"49\" srcset=\"https:\/\/ifdsao-rng.infd.edu.ar\/sitio\/wp-content\/uploads\/2021\/04\/Signo-de-mail-1000x1000.jpg 1000w, https:\/\/ifdsao-rng.infd.edu.ar\/sitio\/wp-content\/uploads\/2021\/04\/Signo-de-mail-500x500.jpg 500w, https:\/\/ifdsao-rng.infd.edu.ar\/sitio\/wp-content\/uploads\/2021\/04\/Signo-de-mail-768x768.jpg 768w, https:\/\/ifdsao-rng.infd.edu.ar\/sitio\/wp-content\/uploads\/2021\/04\/Signo-de-mail.jpg 1300w\" sizes=\"(max-width: 49px) 100vw, 49px\" \/> <span style=\"color: #000000;\"><strong><span style=\"font-size: 10pt; font-family: 'trebuchet ms', geneva;\">sec.estudiantes@ifdcsao.edu.ar<\/span><\/strong><\/span><\/p>\n<p><span style=\"color: #008000;\"><strong><span style=\"font-size: 10pt; text-justify; font-family: 'trebuchet ms', geneva;\"><span style=\"color: #3366ff;\"><img decoding=\"async\" loading=\"lazy\" class=\"alignnone  wp-image-4010\" src=\"https:\/\/ifdsao-rng.infd.edu.ar\/sitio\/wp-content\/uploads\/2021\/11\/0804.png_860.png\" alt=\"\" width=\"63\" height=\"58\" srcset=\"https:\/\/ifdsao-rng.infd.edu.ar\/sitio\/wp-content\/uploads\/2021\/11\/0804.png_860.png 860w, https:\/\/ifdsao-rng.infd.edu.ar\/sitio\/wp-content\/uploads\/2021\/11\/0804.png_860-768x705.png 768w\" sizes=\"(max-width: 63px) 100vw, 63px\" \/><span style=\"font-size: 12pt; font-family: 'trebuchet ms', geneva; color: #0000ff;\">IMPORTANTE: <\/span><\/span><\/span><\/strong><span style=\"font-size: 10pt; text-justify; font-family: 'trebuchet ms', geneva;\"><span style=\"color: #3366ff;\"><span style=\"color: #000000;\">A fines del mes de febrero o a inicios del mes de marzo de 2025 se realizar\u00e1 el an\u00e1lisis de la documentaci\u00f3n requerida de acuerdo a los requisitos establecidos en la normativa vigente. En caso de resultar adjudicada\/o con este beneficio se te notificar\u00e1 al correo electr\u00f3nico y al n\u00famero telef\u00f3nico que consignaste en la solicitud.<\/span><\/span><\/span><\/span><\/td>\n<\/tr>\n<tr>\n<td width=\"299\"><\/td>\n<td width=\"299\"><\/td>\n<\/tr>\n<tr>\n<td width=\"299\"><strong><img decoding=\"async\" loading=\"lazy\" class=\"alignnone  wp-image-4010\" src=\"https:\/\/ifdsao-rng.infd.edu.ar\/sitio\/wp-content\/uploads\/2021\/11\/0804.png_860.png\" alt=\"\" width=\"63\" height=\"58\" srcset=\"https:\/\/ifdsao-rng.infd.edu.ar\/sitio\/wp-content\/uploads\/2021\/11\/0804.png_860.png 860w, https:\/\/ifdsao-rng.infd.edu.ar\/sitio\/wp-content\/uploads\/2021\/11\/0804.png_860-768x705.png 768w\" sizes=\"(max-width: 63px) 100vw, 63px\" \/><span style=\"font-size: 12pt; text-justify; font-family: 'trebuchet ms', geneva;\">\u00a0<span style=\"color: #ff6600;\">IMPORTANTE: <\/span><\/span><\/strong><span style=\"font-size: 10pt; text-justify; font-family: 'trebuchet ms', geneva;\">A fines del mes de febrero o a inicios del mes de marzo de 2024 se realizar\u00e1 el an\u00e1lisis de la documentaci\u00f3n requerida de acuerdo a los requisitos establecidos en la normativa vigente. En caso de resultar adjudicada\/o con este beneficio se te notificar\u00e1 al correo electr\u00f3nico y al n\u00famero telef\u00f3nico que consignaste en la solicitud.<\/span><\/td>\n<td width=\"299\"><\/td>\n<\/tr>\n<tr>\n<td colspan=\"2\" width=\"599\">\n<h6 style=\"text-align: center;\"><strong><img decoding=\"async\" loading=\"lazy\" class=\"wp-image-4103 alignnone\" src=\"https:\/\/ifdsao-rng.infd.edu.ar\/sitio\/wp-content\/uploads\/2021\/11\/icono-reglamento.jpg\" alt=\"\" width=\"122\" height=\"68\" srcset=\"https:\/\/ifdsao-rng.infd.edu.ar\/sitio\/wp-content\/uploads\/2021\/11\/icono-reglamento.jpg 900w, https:\/\/ifdsao-rng.infd.edu.ar\/sitio\/wp-content\/uploads\/2021\/11\/icono-reglamento-768x427.jpg 768w\" sizes=\"(max-width: 122px) 100vw, 122px\" \/><\/strong><span style=\"color: #ff0000;\"><strong>REGLAMENTOS PARA EL OTORGAMIENTO DEL BENEFICIO DE LA RESIDENCIA ESTUDIANTIL:<\/strong><\/span><\/h6>\n<p><strong><span style=\"font-size: 10pt; text-justify; font-family: 'trebuchet ms', geneva;\"><a href=\"https:\/\/drive.google.com\/file\/d\/1bWpVP2NdbuMWst1zuNEAzLFnz6MOxeWP\/view?usp=sharing\" target=\"_blank\" rel=\"noopener\"><img decoding=\"async\" loading=\"lazy\" class=\"wp-image-1343 alignnone\" src=\"https:\/\/ifdsao-rng.infd.edu.ar\/sitio\/wp-content\/uploads\/2018\/12\/descargar_pdf.png\" alt=\"\" width=\"51\" height=\"51\" \/><\/a>Resoluci\u00f3n N\u00ba 2841\/08:<\/span><\/strong><span style=\"color: #333333;\"><span style=\"font-size: 10pt; text-justify; font-family: 'trebuchet ms', geneva;\">Reglamento para el otorgamiento de las Becas de Residencias\u00a0 U<\/span><span style=\"font-size: 10pt; text-justify; font-family: 'trebuchet ms', geneva;\">niversitarias y\/o de Nivel Superior\u00a0<\/span><\/span><span style=\"color: #333333;\"><span style=\"font-size: 10pt; text-justify; font-family: 'trebuchet ms', geneva;\">(destinada a estudiantes de los Institutos de <\/span><span style=\"font-size: 10pt; text-justify; font-family: 'trebuchet ms', geneva;\">Formaci\u00f3n Docente Continua).<\/span><\/span><\/p>\n<p><strong><span style=\"font-size: 10pt; text-justify; font-family: 'trebuchet ms', geneva;\"><span style=\"color: #ff0000;\"><span style=\"font-size: 10pt; color: #800000;\"><span style=\"font-size: 10pt;\"><span style=\"text-decoration: underline;\"><a href=\"https:\/\/ifdsao-rng.infd.edu.ar\/sitio\/wp-content\/uploads\/sitio\/Res_20-16_Beca_Residencia.pdf\" target=\"_blank\" rel=\"noopener\"><img decoding=\"async\" loading=\"lazy\" class=\"wp-image-1343 alignleft\" src=\"https:\/\/ifdsao-rng.infd.edu.ar\/sitio\/wp-content\/uploads\/2018\/12\/descargar_pdf.png\" alt=\"\" width=\"52\" height=\"52\" \/><\/a><\/span><\/span><\/span><\/span>Resoluci\u00f3n N\u00ba 20\/16:<\/span> <\/strong><span style=\"color: #333333;\"><span style=\"font-size: 10pt; text-justify; font-family: 'trebuchet ms', geneva;\">Modificatoria del Anexo I de la Resoluci\u00f3n N\u00ba 2841\/08 del<\/span>\u00a0<span style=\"font-size: 10pt;\">Reglamento para el otorgamiento de las Becas de Residencias Universitarias y\/o de Nivel Superior.<\/span><\/span><\/td>\n<\/tr>\n<\/tbody>\n<\/table>\n<p><img decoding=\"async\" loading=\"lazy\" class=\"wp-image-4011 alignleft\" style=\"font-family: 'trebuchet ms', geneva; font-size: 10pt;\" src=\"https:\/\/ifdsao-rng.infd.edu.ar\/sitio\/wp-content\/uploads\/2021\/11\/importante-clip-art-vectorial_csp23536766.jpg\" alt=\"\" width=\"220\" height=\"91\" \/><\/p>\n<p><span style=\"font-size: 10pt; text-justify; font-family: 'trebuchet ms', geneva;\">Es indispensable contar con todo lo solicitado para efectuar el tr\u00e1mite, de lo contrario, la inscripci\u00f3n\/renovaci\u00f3n<strong>\u00a0<span style=\"color: #ff0000;\">NO SER\u00c1 V\u00c1LIDA.<\/span><\/strong><\/span><\/p>\n<p><span style=\"font-size: 10pt; text-justify; font-family: 'trebuchet ms', geneva;\">El\/ la aspirante <span style=\"color: #ff0000;\"><strong>ser\u00e1 notificado\/a del orden de m\u00e9rito<\/strong><\/span> antes de las actividades de inicio.<\/span><\/p>\n<p style=\"text-align: left;\"><span style=\"font-size: 10pt; text-justify; font-family: 'trebuchet ms', geneva;\"><img decoding=\"async\" loading=\"lazy\" class=\" wp-image-3511 alignleft\" src=\"https:\/\/ifdsao-rng.infd.edu.ar\/sitio\/wp-content\/uploads\/2021\/04\/Signo-de-admiraci\u00f3n.png\" alt=\"\" width=\"166\" height=\"111\" \/>El Beneficio de Residencia caduca en el mes de diciembre de cada a\u00f1o y para su renovaci\u00f3n el\/la\u00a0 estudiante debe tener cursadas el cincuenta por ciento (50%) de las unidades curriculares del ciclo lectivo, de las cuales el cuarenta por ciento (40%) deben estar aprobadas (promocionadas o con final).<\/span><\/p>\n<p style=\"text-align: center;\"><strong><span style=\"font-size: 10pt; text-justify; font-family: 'trebuchet ms', geneva;\">Frente a\u00a0<span style=\"color: #ff0000;\">CUALQUIER INQUIETUD<\/span>, no dudes en consultar en la secretar\u00eda al siguiente correo electr\u00f3nico:<\/span><\/strong><\/p>\n<h4 style=\"text-align: center;\"><span style=\"color: #000000;\"><strong><span style=\"font-size: 10pt; font-family: 'trebuchet ms', geneva;\"><img decoding=\"async\" loading=\"lazy\" class=\"wp-image-3515 aligncenter\" src=\"https:\/\/ifdsao-rng.infd.edu.ar\/sitio\/wp-content\/uploads\/2021\/04\/Signo-de-mail-1000x1000.jpg\" alt=\"\" width=\"70\" height=\"70\" srcset=\"https:\/\/ifdsao-rng.infd.edu.ar\/sitio\/wp-content\/uploads\/2021\/04\/Signo-de-mail-1000x1000.jpg 1000w, https:\/\/ifdsao-rng.infd.edu.ar\/sitio\/wp-content\/uploads\/2021\/04\/Signo-de-mail-500x500.jpg 500w, https:\/\/ifdsao-rng.infd.edu.ar\/sitio\/wp-content\/uploads\/2021\/04\/Signo-de-mail-768x768.jpg 768w, https:\/\/ifdsao-rng.infd.edu.ar\/sitio\/wp-content\/uploads\/2021\/04\/Signo-de-mail.jpg 1300w\" sizes=\"(max-width: 70px) 100vw, 70px\" \/><\/span><\/strong><\/span><\/h4>\n<h4 style=\"text-align: center;\"><span style=\"color: #000000;\"><strong style=\"font-family: inherit;\"><span style=\"font-size: 10pt; font-family: 'trebuchet ms', geneva;\">sec.estudiantes@ifdcsao.edu.ar<\/span><\/strong><\/span><\/h4>\n","protected":false},"excerpt":{"rendered":"<p>Esta opci\u00f3n, es s\u00f3lo para estudiantes ingresantes que se inscribir\u00e1n y postular\u00e1n al beneficio de la Residencia Estudiantil, para ingresar en ciclo lectivo 2025. Esta opci\u00f3n, es s\u00f3lo para estudiantes\u00a0 a quienes\u00a0 esta beca les fue otorgada\u00a0 en el\u00a0 ciclo lectivo anterior. REQUISITOS: Haber finalizado la educaci\u00f3n secundaria. Estar inscriptos\/preinscriptos en la instituci\u00f3n. Ser menor &#8230; <a title=\"Residencia Estudiantil\" class=\"read-more\" href=\"https:\/\/ifdsao-rng.infd.edu.ar\/sitio\/residencia-estudiantil\/\" aria-label=\"More on Residencia Estudiantil\">[+]<\/a><\/p>\n","protected":false},"author":879,"featured_media":0,"parent":0,"menu_order":0,"comment_status":"closed","ping_status":"closed","template":"","meta":[],"acf":[],"_links":{"self":[{"href":"https:\/\/ifdsao-rng.infd.edu.ar\/sitio\/wp-json\/wp\/v2\/pages\/1035"}],"collection":[{"href":"https:\/\/ifdsao-rng.infd.edu.ar\/sitio\/wp-json\/wp\/v2\/pages"}],"about":[{"href":"https:\/\/ifdsao-rng.infd.edu.ar\/sitio\/wp-json\/wp\/v2\/types\/page"}],"author":[{"embeddable":true,"href":"https:\/\/ifdsao-rng.infd.edu.ar\/sitio\/wp-json\/wp\/v2\/users\/879"}],"replies":[{"embeddable":true,"href":"https:\/\/ifdsao-rng.infd.edu.ar\/sitio\/wp-json\/wp\/v2\/comments?post=1035"}],"version-history":[{"count":55,"href":"https:\/\/ifdsao-rng.infd.edu.ar\/sitio\/wp-json\/wp\/v2\/pages\/1035\/revisions"}],"predecessor-version":[{"id":6427,"href":"https:\/\/ifdsao-rng.infd.edu.ar\/sitio\/wp-json\/wp\/v2\/pages\/1035\/revisions\/6427"}],"wp:attachment":[{"href":"https:\/\/ifdsao-rng.infd.edu.ar\/sitio\/wp-json\/wp\/v2\/media?parent=1035"}],"curies":[{"name":"wp","href":"https:\/\/api.w.org\/{rel}","templated":true}]}}