{"id":1016,"date":"2018-08-31T14:03:52","date_gmt":"2018-08-31T17:03:52","guid":{"rendered":"https:\/\/ifdsao-rng.infd.edu.ar\/sitio\/documentacion-necesaria\/"},"modified":"2020-07-14T01:16:11","modified_gmt":"2020-07-14T04:16:11","slug":"formularios-para-tramites","status":"publish","type":"page","link":"https:\/\/ifdsao-rng.infd.edu.ar\/sitio\/formularios-para-tramites\/","title":{"rendered":"Formularios para Tr\u00e1mites"},"content":{"rendered":"<p><img decoding=\"async\" loading=\"lazy\" class=\"aligncenter wp-image-2679\" src=\"https:\/\/ifdsao-rng.infd.edu.ar\/sitio\/wp-content\/uploads\/2020\/07\/Encabezado_SG.jpg\" alt=\"\" width=\"740\" height=\"182\" srcset=\"https:\/\/ifdsao-rng.infd.edu.ar\/sitio\/wp-content\/uploads\/2020\/07\/Encabezado_SG.jpg 960w, https:\/\/ifdsao-rng.infd.edu.ar\/sitio\/wp-content\/uploads\/2020\/07\/Encabezado_SG-768x189.jpg 768w\" sizes=\"(max-width: 740px) 100vw, 740px\" \/><\/p>\n<h1 style=\"text-align: center;\"><span style=\"color: #800000;\"><strong>FORMULARIOS PARA TR\u00c1MITES DOCENTES<\/strong><\/span><\/h1>\n<p>&nbsp;<\/p>\n<table style=\"width: 665px; height: 600px; margin-left: auto; margin-right: auto;\">\n<tbody>\n<tr>\n<td class=\"Borde_solid\" style=\"width: 100px;\">\n<ul>\n<li><span style=\"font-family: 'trebuchet ms', geneva; font-size: 10pt;\">Solicitud de Inscripci\u00f3n a Cargos Interinos\/Suplentes<\/span><\/li>\n<\/ul>\n<\/td>\n<td class=\"Borde_solid\" style=\"width: 42px;\"><a href=\"https:\/\/drive.google.com\/file\/d\/10xmGScsTXC2nEYUNgtWy6P0sMXR3sCWx\/view?usp=sharing\" target=\"_blank\" rel=\"noopener\"><img decoding=\"async\" loading=\"lazy\" class=\"aligncenter wp-image-1651\" src=\"https:\/\/ifdsao-rng.infd.edu.ar\/sitio\/wp-content\/uploads\/2019\/04\/pdf-descarga.jpeg\" alt=\"\" width=\"42\" height=\"59\" \/><\/a><\/td>\n<\/tr>\n<tr>\n<td class=\"Borde_punteado\" style=\"width: 488px;\">\n<ul>\n<li><span style=\"font-family: trebuchet ms, geneva;\"><span style=\"font-size: 13.3333px;\">Declaraci\u00f3n Jurada de Cargos y Actividades<\/span><\/span><\/li>\n<\/ul>\n<\/td>\n<td class=\"Borde_punteado\" style=\"width: 42px;\"><a href=\"https:\/\/drive.google.com\/file\/d\/17XrQvXeMIHHtph_Lpr1Ul8SEqg830871\/view?usp=sharing\" target=\"_blank\" rel=\"noopener\"><img decoding=\"async\" loading=\"lazy\" class=\"aligncenter\" src=\"https:\/\/ifdsao-rng.infd.edu.ar\/sitio\/wp-content\/uploads\/2019\/04\/pdf-descarga.jpeg\" width=\"42\" height=\"59\" \/><\/a><\/td>\n<\/tr>\n<tr>\n<td class=\"Borde_punteado\" style=\"width: 488px;\">\n<ul>\n<li><span style=\"font-family: 'trebuchet ms', geneva; font-size: 10pt;\">Solicitud de Licencias<\/span><\/li>\n<\/ul>\n<\/td>\n<td class=\"Borde_punteado\" style=\"width: 42px;\">\u00a0<a href=\"https:\/\/drive.google.com\/file\/d\/16Fs3egUF11903LybocaV4a3Va8GNLQ6w\/view?usp=sharing\" target=\"_blank\" rel=\"noopener\"><img decoding=\"async\" loading=\"lazy\" class=\"aligncenter\" src=\"https:\/\/ifdsao-rng.infd.edu.ar\/sitio\/wp-content\/uploads\/2019\/04\/pdf-descarga.jpeg\" width=\"42\" height=\"59\" \/><\/a><\/td>\n<\/tr>\n<tr>\n<td class=\"Borde_punteado\" style=\"width: 488px;\">\n<ul>\n<li><span style=\"font-family: trebuchet ms, geneva;\"><span style=\"font-size: 13.3333px;\">Declaraci\u00f3n Jurada para Licencias (Varias) &#8211; Resoluci\u00f3n N\u00ba 233\/98<\/span><\/span><\/li>\n<\/ul>\n<\/td>\n<td class=\"Borde_punteado\" style=\"width: 42px;\"><a href=\"https:\/\/drive.google.com\/file\/d\/1pzKSSCHePswSNS78ja9yfR-Xu9M5W9xE\/view?usp=sharing\" target=\"_blank\" rel=\"noopener\"><img decoding=\"async\" loading=\"lazy\" class=\"aligncenter\" src=\"https:\/\/ifdsao-rng.infd.edu.ar\/sitio\/wp-content\/uploads\/2019\/04\/pdf-descarga.jpeg\" width=\"42\" height=\"59\" \/><\/a><\/td>\n<\/tr>\n<tr>\n<td class=\"Borde_punteado\" style=\"width: 488px;\">\n<ul>\n<li><span style=\"font-family: trebuchet ms, geneva;\"><span style=\"font-size: 13.3333px;\">Declaraci\u00f3n Jurada para Licencias (Art. N\u00ba 13)- Resoluci\u00f3n N\u00ba 233\/98<\/span><\/span><\/li>\n<\/ul>\n<\/td>\n<td class=\"Borde_punteado\" style=\"width: 42px;\"><a href=\"https:\/\/drive.google.com\/file\/d\/13jm7J0wkowLrSoT2_xhi6vHDXdgfiQjW\/view?usp=sharing\" target=\"_blank\" rel=\"noopener\"><img decoding=\"async\" loading=\"lazy\" class=\"aligncenter\" src=\"https:\/\/ifdsao-rng.infd.edu.ar\/sitio\/wp-content\/uploads\/2019\/04\/pdf-descarga.jpeg\" width=\"42\" height=\"59\" \/><\/a><\/td>\n<\/tr>\n<tr>\n<td class=\"Borde_punteado\" style=\"width: 488px;\">\n<ul>\n<li><span style=\"font-family: trebuchet ms, geneva;\"><span style=\"font-size: 13.3333px;\">Historia Cl\u00ednica para la Junta M\u00e9dica<\/span><\/span><\/li>\n<\/ul>\n<\/td>\n<td class=\"Borde_punteado\" style=\"width: 42px;\">\u00a0<a href=\"https:\/\/drive.google.com\/file\/d\/1ztlfNTa51FXKRD1MApCf-wNvSDPlKxM7\/view?usp=sharing\" target=\"_blank\" rel=\"noopener\"><img decoding=\"async\" loading=\"lazy\" class=\"aligncenter\" src=\"https:\/\/ifdsao-rng.infd.edu.ar\/sitio\/wp-content\/uploads\/2019\/04\/pdf-descarga.jpeg\" width=\"42\" height=\"59\" \/><\/a><\/td>\n<\/tr>\n<tr>\n<td class=\"Borde_punteado\" style=\"width: 488px;\">\n<ul>\n<li><span style=\"font-family: trebuchet ms, geneva;\"><span style=\"font-size: 13.3333px;\">Declaraci\u00f3n Jurada para compensaci\u00f3n de Movilidad<\/span><\/span><\/li>\n<\/ul>\n<\/td>\n<td class=\"Borde_punteado\" style=\"width: 42px;\"><a href=\"https:\/\/drive.google.com\/file\/d\/10zuvGSY-x7-IUfnYktBZA4kRNNHz-D0Q\/view?usp=sharing\" target=\"_blank\" rel=\"noopener\"><img decoding=\"async\" loading=\"lazy\" class=\"aligncenter\" src=\"https:\/\/ifdsao-rng.infd.edu.ar\/sitio\/wp-content\/uploads\/2019\/04\/pdf-descarga.jpeg\" width=\"42\" height=\"59\" \/><\/a><\/td>\n<\/tr>\n<tr>\n<td class=\"Borde_punteado\" style=\"width: 488px;\">\n<ul>\n<li><span style=\"font-family: trebuchet ms, geneva, sans-serif;\"><span style=\"font-size: 13.3333px;\">Presentaci\u00f3n de Renuncia<\/span><\/span><\/li>\n<\/ul>\n<\/td>\n<td class=\"Borde_punteado\" style=\"width: 42px;\"><a href=\"https:\/\/drive.google.com\/file\/d\/1sFAGtdVjUBPMUGskt-FDS-vAr1jEYJgr\/view?usp=sharing\" target=\"_blank\" rel=\"noopener\"><img decoding=\"async\" loading=\"lazy\" class=\"aligncenter\" src=\"https:\/\/ifdsao-rng.infd.edu.ar\/sitio\/wp-content\/uploads\/2019\/04\/pdf-descarga.jpeg\" width=\"42\" height=\"59\" \/><\/a><\/td>\n<\/tr>\n<\/tbody>\n<\/table>\n","protected":false},"excerpt":{"rendered":"<p>FORMULARIOS PARA TR\u00c1MITES DOCENTES &nbsp; Solicitud de Inscripci\u00f3n a Cargos Interinos\/Suplentes Declaraci\u00f3n Jurada de Cargos y Actividades Solicitud de Licencias \u00a0 Declaraci\u00f3n Jurada para Licencias (Varias) &#8211; Resoluci\u00f3n N\u00ba 233\/98 Declaraci\u00f3n Jurada para Licencias (Art. N\u00ba 13)- Resoluci\u00f3n N\u00ba 233\/98 Historia Cl\u00ednica para la Junta M\u00e9dica \u00a0 Declaraci\u00f3n Jurada para compensaci\u00f3n de Movilidad Presentaci\u00f3n de &#8230; <a title=\"Formularios para Tr\u00e1mites\" class=\"read-more\" href=\"https:\/\/ifdsao-rng.infd.edu.ar\/sitio\/formularios-para-tramites\/\" aria-label=\"More on Formularios para Tr\u00e1mites\">[+]<\/a><\/p>\n","protected":false},"author":879,"featured_media":0,"parent":0,"menu_order":0,"comment_status":"closed","ping_status":"closed","template":"","meta":[],"acf":[],"_links":{"self":[{"href":"https:\/\/ifdsao-rng.infd.edu.ar\/sitio\/wp-json\/wp\/v2\/pages\/1016"}],"collection":[{"href":"https:\/\/ifdsao-rng.infd.edu.ar\/sitio\/wp-json\/wp\/v2\/pages"}],"about":[{"href":"https:\/\/ifdsao-rng.infd.edu.ar\/sitio\/wp-json\/wp\/v2\/types\/page"}],"author":[{"embeddable":true,"href":"https:\/\/ifdsao-rng.infd.edu.ar\/sitio\/wp-json\/wp\/v2\/users\/879"}],"replies":[{"embeddable":true,"href":"https:\/\/ifdsao-rng.infd.edu.ar\/sitio\/wp-json\/wp\/v2\/comments?post=1016"}],"version-history":[{"count":5,"href":"https:\/\/ifdsao-rng.infd.edu.ar\/sitio\/wp-json\/wp\/v2\/pages\/1016\/revisions"}],"predecessor-version":[{"id":2717,"href":"https:\/\/ifdsao-rng.infd.edu.ar\/sitio\/wp-json\/wp\/v2\/pages\/1016\/revisions\/2717"}],"wp:attachment":[{"href":"https:\/\/ifdsao-rng.infd.edu.ar\/sitio\/wp-json\/wp\/v2\/media?parent=1016"}],"curies":[{"name":"wp","href":"https:\/\/api.w.org\/{rel}","templated":true}]}}