{"id":1012,"date":"2018-08-31T14:03:50","date_gmt":"2018-08-31T17:03:50","guid":{"rendered":"https:\/\/ifdsao-rng.infd.edu.ar\/sitio\/ubicacion-2\/"},"modified":"2021-05-14T23:53:07","modified_gmt":"2021-05-15T02:53:07","slug":"ubicacion-2","status":"publish","type":"page","link":"https:\/\/ifdsao-rng.infd.edu.ar\/sitio\/ubicacion-2\/","title":{"rendered":"Ubicaci\u00f3n"},"content":{"rendered":"<div>\n<div style=\"text-align: center;\"><span style=\"font-family: tahoma,arial,helvetica,sans-serif;\" data-mce-mark=\"1\"><strong>\u00a0 \u00a0 \u00a0 \u00a0 \u00a0\u00a0 \u00a0 \u00a0<\/strong><\/span><span style=\"font-size: 12pt; font-family: tahoma, arial, helvetica, sans-serif; text-align: center;\">\u00a0 \u00a0 \u00a0\u00a0<\/span><\/div>\n<p><img decoding=\"async\" loading=\"lazy\" class=\"wp-image-3595 aligncenter\" src=\"https:\/\/ifdsao-rng.infd.edu.ar\/sitio\/wp-content\/uploads\/2021\/05\/Encabezados-IFDC.jpg\" alt=\"\" width=\"747\" height=\"185\" \/><\/p>\n<table style=\"width: 1374px; height: 179px;\" border=\"0\">\n<tbody>\n<tr>\n<td>\n<p style=\"text-align: center;\"><span style=\"font-family: 'trebuchet ms', geneva; font-size: 10pt;\" data-mce-mark=\"1\">El\u00a0<strong>Instituto de Formaci\u00f3n Docente Continua de San Antonio Oeste<\/strong>\u00a0se encuentra ubicado en la localidad de San Antonio Oeste, Provincia de R\u00edo Negro, a 180 Km. de la Ciudad de Viedma (Capital provincial). El mismo posee una amplia zona de cobertura o influencia a la que brinda una serie de servicios en relaci\u00f3n a capacitaci\u00f3n y formaci\u00f3n, dentro de \u00e9sta zona de cobertura se encuentran comprendidas todas aquellas localidades que pertenecen a la Supervisi\u00f3n regional zona atl\u00e1ntica, como as\u00ed tambi\u00e9n otras localidades que no pertenecen a esta supervisi\u00f3n y que por razones externas quedaron sin el servicio que brindaba el instituto m\u00e1s pr\u00f3ximo, siendo absorbidas por el Instituto de San Antonio Oeste.<\/span><\/p>\n<\/td>\n<\/tr>\n<\/tbody>\n<\/table>\n<p style=\"padding-left: 330px;\"><iframe loading=\"lazy\" style=\"border: 0;\" src=\"https:\/\/www.google.com\/maps\/embed?pb=!1m14!1m8!1m3!1d12092.969660850596!2d-64.9536665!3d-40.7346911!3m2!1i1024!2i768!4f13.1!3m3!1m2!1s0x0%3A0x233d44fc877e4c94!2sInstituto+de+Formaci%C3%B3n+Docente+Continua!5e0!3m2!1ses!2sar!4v1552322907831\" width=\"800\" height=\"490\" frameborder=\"0\" allowfullscreen=\"allowfullscreen\"><span data-mce-type=\"bookmark\" style=\"display: inline-block; width: 0px; overflow: hidden; line-height: 0;\" class=\"mce_SELRES_start\">\ufeff<\/span><\/iframe><\/p>\n<\/div>\n","protected":false},"excerpt":{"rendered":"<p>\u00a0 \u00a0 \u00a0 \u00a0 \u00a0\u00a0 \u00a0 \u00a0\u00a0 \u00a0 \u00a0\u00a0 El\u00a0Instituto de Formaci\u00f3n Docente Continua de San Antonio Oeste\u00a0se encuentra ubicado en la localidad de San Antonio Oeste, Provincia de R\u00edo Negro, a 180 Km. de la Ciudad de Viedma (Capital provincial). El mismo posee una amplia zona de cobertura o influencia a la que brinda &#8230; <a title=\"Ubicaci\u00f3n\" class=\"read-more\" href=\"https:\/\/ifdsao-rng.infd.edu.ar\/sitio\/ubicacion-2\/\" aria-label=\"More on Ubicaci\u00f3n\">[+]<\/a><\/p>\n","protected":false},"author":879,"featured_media":0,"parent":0,"menu_order":0,"comment_status":"closed","ping_status":"closed","template":"","meta":[],"acf":[],"_links":{"self":[{"href":"https:\/\/ifdsao-rng.infd.edu.ar\/sitio\/wp-json\/wp\/v2\/pages\/1012"}],"collection":[{"href":"https:\/\/ifdsao-rng.infd.edu.ar\/sitio\/wp-json\/wp\/v2\/pages"}],"about":[{"href":"https:\/\/ifdsao-rng.infd.edu.ar\/sitio\/wp-json\/wp\/v2\/types\/page"}],"author":[{"embeddable":true,"href":"https:\/\/ifdsao-rng.infd.edu.ar\/sitio\/wp-json\/wp\/v2\/users\/879"}],"replies":[{"embeddable":true,"href":"https:\/\/ifdsao-rng.infd.edu.ar\/sitio\/wp-json\/wp\/v2\/comments?post=1012"}],"version-history":[{"count":7,"href":"https:\/\/ifdsao-rng.infd.edu.ar\/sitio\/wp-json\/wp\/v2\/pages\/1012\/revisions"}],"predecessor-version":[{"id":3598,"href":"https:\/\/ifdsao-rng.infd.edu.ar\/sitio\/wp-json\/wp\/v2\/pages\/1012\/revisions\/3598"}],"wp:attachment":[{"href":"https:\/\/ifdsao-rng.infd.edu.ar\/sitio\/wp-json\/wp\/v2\/media?parent=1012"}],"curies":[{"name":"wp","href":"https:\/\/api.w.org\/{rel}","templated":true}]}}