{"id":1008,"date":"2018-08-31T14:03:49","date_gmt":"2018-08-31T17:03:49","guid":{"rendered":"https:\/\/ifdsao-rng.infd.edu.ar\/sitio\/historia-institucional\/"},"modified":"2025-09-12T17:43:05","modified_gmt":"2025-09-12T20:43:05","slug":"historia-institucional","status":"publish","type":"page","link":"https:\/\/ifdsao-rng.infd.edu.ar\/sitio\/historia-institucional\/","title":{"rendered":"Historia Institucional"},"content":{"rendered":"<p><img decoding=\"async\" loading=\"lazy\" class=\"wp-image-3595 aligncenter\" src=\"https:\/\/ifdsao-rng.infd.edu.ar\/sitio\/wp-content\/uploads\/2021\/05\/Encabezados-IFDC.jpg\" alt=\"\" width=\"864\" height=\"214\" \/><div  class=\"lgc-column lgc-grid-parent lgc-grid-10 lgc-tablet-grid-10 lgc-mobile-grid-10 lgc-equal-heights \"><div  class=\"inside-grid-column\"><\/div><\/div>\n<p style=\"text-align: left;\"><div  class=\"lgc-column lgc-grid-parent lgc-grid-80 lgc-tablet-grid-80 lgc-mobile-grid-80 lgc-equal-heights \"><div  class=\"inside-grid-column\">\n<p><span style=\"font-size: 10pt; font-family: 'trebuchet ms', geneva;\">El Instituto de Formaci\u00f3n y Perfeccionamiento Docente de San Antonio Oeste se cre\u00f3 el\u00a01 de Marzo de\u00a01982\u00a0a solicitud de la Municipalidad\u00a0de San Antonio Oeste fundado en la necesidad de\u00a0\u00a0formar recursos humanos que puedan atender al aumento poblacional derivado del desarrollo econ\u00f3mico que traer\u00eda consigo el Puerto de esta localidad.<\/span><br \/>\n<span style=\"font-size: 10pt; font-family: 'trebuchet ms', geneva;\">El Instituto de Formaci\u00f3n y Perfeccionamiento Docente de San Antonio Oeste se cre\u00f3 a solicitud de la Municipalidad de San Antonio Oeste fundado en la necesidad de formar recursos humanos que puedan atender al aumento poblacional derivado del desarrollo econ\u00f3mico que traer\u00eda consigo el Puerto de esta localidad.<\/span><br \/>\n<span style=\"font-size: 10pt; font-family: 'trebuchet ms', geneva;\">\u00ab&#8230; El 1\u00ba de marzo de 1982, en el gobierno municipal a cargo del Sr. Intendente Celso Rub\u00e9n Bresciano, el Consejo Provincial de Educaci\u00f3n resuelve la creaci\u00f3n del Instituto, con sede transitoria en la Escuela primaria N.\u00ba 146&#8230;\u00bb \u00ab&#8230; El 5 de abril de 1982, se inaugura y comienza el per\u00edodo escolar, organizado por la Prof. Yolanda Garrafa de Casas&#8230;\u00bb \u00ab&#8230; En el mes de diciembre se designa a la primera Directora Interina, Prof. Teresa Dub\u00edn de Rodr\u00edguez&#8230;\u00bb<\/span><br \/>\n<img decoding=\"async\" loading=\"lazy\" class=\"alignleft\" title=\"intendente\" src=\"https:\/\/ifdsao-rng.infd.edu.ar\/sitio\/wp-content\/uploads\/2018\/08\/1_2.jpg\" alt=\"intendente\" width=\"334\" height=\"222\" border=\"0\" \/>\u00a0<img decoding=\"async\" loading=\"lazy\" class=\"alignleft\" title=\"alumnos\" src=\"https:\/\/ifdsao-rng.infd.edu.ar\/sitio\/wp-content\/uploads\/2018\/08\/2.jpg\" alt=\"alumnos\" width=\"334\" height=\"228\" border=\"0\" \/><br \/>\n<span style=\"font-size: 10pt; font-family: 'trebuchet ms', geneva;\"> Desde su inicio el Instituto siempre tuvo que compartir el espacio f\u00edsico con otras Instituciones y cada traslado a un nuevo edificio signific\u00f3 el reacomodamiento de ambas Instituciones para poder funcionar. Quienes llegan, son vistos como \u201cintrusos\u201d y estos sienten al nuevo lugar como prestado. Lo edilicio aparece, en la historia Institucional, como un obst\u00e1culo que se explica desde lo simb\u00f3lico en la identidad institucional y en el sentido de pertenencia a la misma, ya que\u00a0 al no contar con un espacio propio, este pierde sus caracter\u00edsticas de continente, de medio a trav\u00e9s del cual el grupo puede expresarse.<\/span><br \/>\n<span style=\"font-size: 10pt; font-family: 'trebuchet ms', geneva;\">Durante 17 a\u00f1os el Instituto funcion\u00f3 en distintos edificios:<\/span><\/p>\n<p><span style=\"font-size: 10pt; font-family: 'trebuchet ms', geneva;\">&#8230;\u00bbDespu\u00e9s\u00a0de varias solicitudes, a principios del a\u00f1o 1999 se efectiviza la construcci\u00f3n del edificio del Instituto, en la gesti\u00f3n de la Prof. Blanca\u00a0 Moyano en el Consejo Provincial de Educaci\u00f3n&#8230;\u00bb <\/span><\/p>\n<p><span style=\"font-size: 10pt; font-family: 'trebuchet ms', geneva;\">&#8230;\u00bbEl 17 de diciembre de 1999 se inaugura el edificio, ubicado en las calles Islas Malvinas y Alemandri&#8230;\u00bb<\/span><\/p>\n<p style=\"padding-left: 210px;\"><img decoding=\"async\" loading=\"lazy\" class=\"\" title=\"contrucci\u00f3n del edificio\" src=\"https:\/\/ifdsao-rng.infd.edu.ar\/sitio\/wp-content\/uploads\/2018\/08\/11.jpg\" alt=\"contrucci\u00f3n del edificio\" width=\"180\" height=\"129\" border=\"0\" \/>\u00a0<img decoding=\"async\" loading=\"lazy\" class=\"\" title=\"contrucci\u00f3n del edificio2\" src=\"https:\/\/ifdsao-rng.infd.edu.ar\/sitio\/wp-content\/uploads\/2018\/08\/12.jpg\" alt=\"contrucci\u00f3n del edificio2\" width=\"179\" height=\"128\" border=\"0\" \/>\u00a0<img decoding=\"async\" loading=\"lazy\" class=\"\" title=\"contrucci\u00f3n del edificio3\" src=\"https:\/\/ifdsao-rng.infd.edu.ar\/sitio\/wp-content\/uploads\/2018\/08\/13.jpg\" alt=\"contrucci\u00f3n del edificio3\" width=\"182\" height=\"128\" border=\"0\" \/>\u00a0<img decoding=\"async\" loading=\"lazy\" class=\"\" title=\"costado del ifdc\" src=\"https:\/\/ifdsao-rng.infd.edu.ar\/sitio\/wp-content\/uploads\/2018\/08\/S2020002_1.jpg\" alt=\"costado del ifdc\" width=\"170\" height=\"127\" border=\"0\" \/>\u00a0<img decoding=\"async\" loading=\"lazy\" class=\"\" title=\"Sao\" src=\"https:\/\/ifdsao-rng.infd.edu.ar\/sitio\/wp-content\/uploads\/2018\/08\/S2020007_1.jpg\" alt=\"Sao\" width=\"169\" height=\"126\" border=\"0\" \/><\/p>\n<p><span style=\"font-size: 10pt; font-family: 'trebuchet ms', geneva;\"><strong>1982 &#8211; 1988:<\/strong>\u00a0\u00a0Instituto de Formaci\u00f3n y Perfeccionamiento Docente:<\/span><br \/>\n<span style=\"font-size: 10pt; font-family: 'trebuchet ms', geneva;\">Desarrollaba funciones de:\u00a0Formaci\u00f3n y Capacitaci\u00f3n<\/span><\/p>\n<p style=\"padding-left: 40px;\"><span style=\"font-size: 10pt; font-family: 'trebuchet ms', geneva;\">En 1988 se inicia el proceso de reforma del Nivel Superior, con el impulso y la participaci\u00f3n de la Prof. Nora Liliana Tarruella.<\/span><br \/>\n<span style=\"font-size: 10pt; font-family: 'trebuchet ms', geneva;\"><strong>1989 &#8211; 1999:<\/strong>\u00a0\u00a0I.Fo.Ca.Pe.A.D:<\/span><br \/>\n<span style=\"font-size: 10pt; font-family: 'trebuchet ms', geneva;\">Desarrollaba funciones de: Formaci\u00f3n, Capacitaci\u00f3n, Investigaci\u00f3n y Extensi\u00f3n. Comienza a funcionar el Gobierno Co-Institucional.<\/span><br \/>\n<span style=\"font-size: 10pt; font-family: 'trebuchet ms', geneva;\"><strong>2000<\/strong> a la actualidad:\u00a0\u00a0I.F.D.C.<\/span><br \/>\n<span style=\"font-size: 10pt; font-family: 'trebuchet ms', geneva;\">Se desarrollan funciones de: Formaci\u00f3n, Capacitaci\u00f3n, Investigaci\u00f3n y Extensi\u00f3n. Comienza a implementarse nuevas Carreras:<\/span><br \/>\n<span style=\"font-size: 10pt; font-family: 'trebuchet ms', geneva;\">*\u00a0<strong>2000:<\/strong>\u00a0Tecnicatura Superior en Despacho Aduanero.<\/span><br \/>\n<span style=\"font-size: 10pt; font-family: 'trebuchet ms', geneva;\">*\u00a0<strong>2002:\u00a0<\/strong>Tecnicatura Superior en Turismo con Orientaci\u00f3n Empresarial.<\/span><br \/>\n<span style=\"font-size: 10pt; font-family: 'trebuchet ms', geneva;\">*\u00a0<strong>2005:<\/strong>\u00a0Post\u00edtulo de Necesidades Educativas Especiales.<\/span><br \/>\n<span style=\"font-size: 10pt; font-family: 'trebuchet ms', geneva;\">*\u00a0<strong>2007:<\/strong> Tecnicatura en Gu\u00eda de Turismo Regional.<\/span><br \/>\n<span style=\"font-size: 10pt; font-family: 'trebuchet ms', geneva;\">*\u00a0<strong>2010:<\/strong> Profesorado de Educaci\u00f3n Secundaria en Biolog\u00eda.<\/span><br \/>\n<span style=\"font-size: 10pt; font-family: 'trebuchet ms', geneva;\">Certificaci\u00f3n de \u00a0 Guardavidas. <\/span><br \/>\n<span style=\"font-size: 10pt; font-family: 'trebuchet ms', geneva;\"> Tecnicatura Superior en Administraci\u00f3n de Empresas. <\/span><br \/>\n<span style=\"font-size: 10pt; font-family: 'trebuchet ms', geneva;\">*\u00a0<strong>2011:\u00a0<\/strong>Certificaci\u00f3n en Liquidaciones Impositivas Laborales. <\/span><br \/>\n<span style=\"font-size: 10pt; font-family: 'trebuchet ms', geneva;\">*\u00a0<strong>2013:\u00a0<\/strong>Tecnicatura Superior en Gesti\u00f3n Ambiental. <\/span><br \/>\n<span style=\"font-size: 10pt; font-family: 'trebuchet ms', geneva;\">*\u00a0<strong>2016:<\/strong>\u00a0Profesorado en Educaci\u00f3n Inicial. <\/span><br \/>\n<span style=\"font-size: 10pt; font-family: 'trebuchet ms', geneva;\">Certificaci\u00f3n de Operador Jur\u00eddico. <\/span><\/p>\n<p style=\"padding-left: 40px;\"><span style=\"font-size: 10pt; font-family: 'trebuchet ms', geneva;\">Certificaci\u00f3n en Liquidaciones Impositivo Laborales<\/span><br \/>\n<span style=\"font-size: 10pt; font-family: 'trebuchet ms', geneva;\"> Post\u00edtulo en Subjetividades, Sexualidades y G\u00e9neros en la Escuela Hoy.<\/span><\/p>\n<p style=\"padding-left: 40px;\"><span style=\"font-size: 10pt; font-family: 'trebuchet ms', geneva;\">*\u00a0<strong>2023: <\/strong>Tecnicatura Superior en Gastronom\u00eda<\/span><\/p>\n<p style=\"padding-left: 40px;\"><span style=\"font-size: 10pt; font-family: 'trebuchet ms', geneva;\">* <strong>2025: <\/strong>Tecnicatura En Seguridad e Higiene, Coordinador Tur\u00edstico<\/span><\/p>\n<p><\/p><\/div><\/div>\n<p style=\"padding-left: 30px;\"><span style=\"font-family: 'trebuchet ms', geneva;\">\u00a0<\/span><\/p>\n<p style=\"text-align: justify;\"><span style=\"font-family: 'trebuchet ms', geneva; font-size: 8pt;\">\u00a0<\/span><\/p>\n","protected":false},"excerpt":{"rendered":"<p>\u00a0 \u00a0<\/p>\n","protected":false},"author":879,"featured_media":0,"parent":0,"menu_order":0,"comment_status":"closed","ping_status":"closed","template":"","meta":[],"acf":[],"_links":{"self":[{"href":"https:\/\/ifdsao-rng.infd.edu.ar\/sitio\/wp-json\/wp\/v2\/pages\/1008"}],"collection":[{"href":"https:\/\/ifdsao-rng.infd.edu.ar\/sitio\/wp-json\/wp\/v2\/pages"}],"about":[{"href":"https:\/\/ifdsao-rng.infd.edu.ar\/sitio\/wp-json\/wp\/v2\/types\/page"}],"author":[{"embeddable":true,"href":"https:\/\/ifdsao-rng.infd.edu.ar\/sitio\/wp-json\/wp\/v2\/users\/879"}],"replies":[{"embeddable":true,"href":"https:\/\/ifdsao-rng.infd.edu.ar\/sitio\/wp-json\/wp\/v2\/comments?post=1008"}],"version-history":[{"count":14,"href":"https:\/\/ifdsao-rng.infd.edu.ar\/sitio\/wp-json\/wp\/v2\/pages\/1008\/revisions"}],"predecessor-version":[{"id":7057,"href":"https:\/\/ifdsao-rng.infd.edu.ar\/sitio\/wp-json\/wp\/v2\/pages\/1008\/revisions\/7057"}],"wp:attachment":[{"href":"https:\/\/ifdsao-rng.infd.edu.ar\/sitio\/wp-json\/wp\/v2\/media?parent=1008"}],"curies":[{"name":"wp","href":"https:\/\/api.w.org\/{rel}","templated":true}]}}