{"id":1004,"date":"2018-08-31T14:03:47","date_gmt":"2018-08-31T17:03:47","guid":{"rendered":"https:\/\/ifdsao-rng.infd.edu.ar\/sitio\/seminarios-y-cursos-virtuales-para-estudiantes\/"},"modified":"2021-03-28T14:16:07","modified_gmt":"2021-03-28T17:16:07","slug":"disposiciones-resoluciones","status":"publish","type":"page","link":"https:\/\/ifdsao-rng.infd.edu.ar\/sitio\/disposiciones-resoluciones\/","title":{"rendered":"Disposiciones"},"content":{"rendered":"<p><img decoding=\"async\" loading=\"lazy\" class=\"aligncenter wp-image-2691\" src=\"https:\/\/ifdsao-rng.infd.edu.ar\/sitio\/wp-content\/uploads\/2020\/07\/Encabezado_CD.jpg\" alt=\"\" width=\"754\" height=\"187\" srcset=\"https:\/\/ifdsao-rng.infd.edu.ar\/sitio\/wp-content\/uploads\/2020\/07\/Encabezado_CD.jpg 960w, https:\/\/ifdsao-rng.infd.edu.ar\/sitio\/wp-content\/uploads\/2020\/07\/Encabezado_CD-768x190.jpg 768w\" sizes=\"(max-width: 754px) 100vw, 754px\" \/><\/p>\n<h1 style=\"text-align: center;\"><span style=\"color: #800000;\">DISPOSICIONES<\/span><\/h1>\n<table style=\"height: 107px;\" border=\"50px;&quot;\" width=\"1241\">\n<tbody>\n<tr>\n<td style=\"background-color: #d4cdcd; height: 12px; width: 10px; text-align: center;\"><span style=\"color: #800000;\"><strong>FECHA<\/strong><\/span><\/td>\n<td style=\"background-color: #d4cdcd; height: 12px; width: 50px; text-align: center;\"><span style=\"color: #800000;\"><strong>TIPO\/N\u00ba<\/strong><\/span><\/td>\n<td style=\"background-color: #d4cdcd; height: 12px; width: 120px; text-align: center;\"><span style=\"color: #800000;\"><strong>DESCRIPCI\u00d3N<\/strong><\/span><\/td>\n<td style=\"background-color: #d4cdcd; height: 12px; width: 50px; text-align: center;\"><span style=\"color: #800000;\"><strong>EMITIDO<\/strong><\/span><\/td>\n<td style=\"background-color: #d4cdcd; height: 12px; width: 15px; text-align: center;\"><span style=\"color: #800000;\"><strong>DESCARGA<\/strong><\/span><\/td>\n<\/tr>\n<tr>\n<td width=\"10\">\n<h6 style=\"text-align: center;\"><strong>09\/03\/21<\/strong><\/h6>\n<\/td>\n<td width=\"50\">\n<h6 style=\"text-align: center;\"><strong>Disposici\u00f3n N\u00ba <span style=\"color: #800000;\">003\/21<\/span><\/strong><\/h6>\n<\/td>\n<td width=\"120\">\n<h6 style=\"text-align: justify;\"><strong>Determinar la modalidad de cursado para\u00a0<\/strong>las Unidades Curriculares de los planes de estudios de las carreras de Formaci\u00f3n Docente y Formaci\u00f3n T\u00e9cnica Profesional del IFDC de SAO.<\/h6>\n<\/td>\n<td style=\"text-align: justify;\" width=\"50\">\n<h6 style=\"text-align: center;\">Consejo Directivo Instituto de Formaci\u00f3n Docente Continua de San Antonio Oeste.<\/h6>\n<\/td>\n<td width=\"15\">\n<h6><a href=\"https:\/\/drive.google.com\/file\/d\/1pubiAvXtltcaaV2ggCsyBWAMdGFPVBsj\/view?usp=sharing\" target=\"_blank\" rel=\"noopener\"><img decoding=\"async\" loading=\"lazy\" class=\"aligncenter\" src=\"https:\/\/ifdsao-rng.infd.edu.ar\/sitio\/wp-content\/uploads\/2018\/12\/descargar_pdf.png\" width=\"43\" height=\"43\" \/><\/a><\/h6>\n<\/td>\n<\/tr>\n<tr>\n<td width=\"10\">\n<h6 style=\"text-align: center;\"><strong>24\/02\/21<\/strong><\/h6>\n<\/td>\n<td width=\"50\">\n<h6 style=\"text-align: center;\"><strong>Disposici\u00f3n N\u00ba <span style=\"color: #800000;\">001\/21<\/span><\/strong><\/h6>\n<\/td>\n<td width=\"120\">\n<h6 style=\"text-align: justify;\"><strong>Aprobar<\/strong> \u00a0el Calendario Acad\u00e9mico 2021\u00a0para las carreras de Formaci\u00f3n Docente y de Formaci\u00f3n T\u00e9cnica Profesional que se dictan en el I.F.D.C. de S.A.O.,<\/h6>\n<\/td>\n<td style=\"text-align: justify;\" width=\"50\">\n<h6 style=\"text-align: center;\">Consejo Directivo Instituto de Formaci\u00f3n Docente Continua de San Antonio Oeste.<\/h6>\n<\/td>\n<td width=\"15\">\n<h6><img decoding=\"async\" loading=\"lazy\" class=\"aligncenter\" src=\"https:\/\/ifdsao-rng.infd.edu.ar\/sitio\/wp-content\/uploads\/2018\/12\/descargar_pdf.png\" width=\"43\" height=\"43\" \/><\/h6>\n<\/td>\n<\/tr>\n<tr>\n<td width=\"10\">\n<h6 style=\"text-align: center;\"><strong>27\/04\/20<\/strong><\/h6>\n<\/td>\n<td width=\"50\">\n<h6 style=\"text-align: center;\"><strong>Disposici\u00f3n N\u00ba <span style=\"color: #800000;\">054\/20<\/span><\/strong><\/h6>\n<\/td>\n<td width=\"120\">\n<h6 style=\"text-align: justify;\"><strong>Aprobar<\/strong> \u00a0el procedimiento para cubrir cargos vacantes (interinos y suplentes) durante el\u00a0<span style=\"font-family: inherit; font-size: inherit;\">per\u00edodo de Aislamiento Social, Preventivo y Obligatorio establecido por la Emergencia Sanitaria decretada por el Ejecutivo Nacional y el Ejecutivo Provincial 2020.<\/span><\/h6>\n<\/td>\n<td style=\"text-align: justify;\" width=\"50\">\n<h6 style=\"text-align: center;\">Consejo Directivo Instituto de Formaci\u00f3n Docente Continua de San Antonio Oeste.<\/h6>\n<\/td>\n<td width=\"15\">\n<h6><a href=\"https:\/\/drive.google.com\/file\/d\/1YGLYL03olyEEbOLMZKxx0G7TO-tPpnJ1\/view?usp=sharing\" target=\"_blank\" rel=\"noopener\"><img decoding=\"async\" loading=\"lazy\" class=\"aligncenter\" src=\"https:\/\/ifdsao-rng.infd.edu.ar\/sitio\/wp-content\/uploads\/2018\/12\/descargar_pdf.png\" width=\"43\" height=\"43\" \/><\/a><\/h6>\n<\/td>\n<\/tr>\n<tr>\n<td width=\"10\">\n<h6 style=\"text-align: center;\"><strong>27\/04\/20<\/strong><\/h6>\n<\/td>\n<td width=\"50\">\n<h6 style=\"text-align: center;\"><strong>Disposici\u00f3n N\u00ba <span style=\"color: #800000;\">047\/20<\/span><\/strong><\/h6>\n<\/td>\n<td width=\"120\">\n<h6 style=\"text-align: justify;\"><strong>Aprobar<\/strong> los acuerdos jurisdiccionales construidos en el Consejo de Formaci\u00f3n Inicial de\u00a0<span style=\"font-family: inherit; font-size: inherit;\">IFDC, en el marco de la suspensi\u00f3n de clases presenciales y en la medida de aislamiento social, preventivo y obligatorio decretado a nivel nacional y provincial.<\/span><\/h6>\n<\/td>\n<td style=\"text-align: justify;\" width=\"50\">\n<h6 style=\"text-align: center;\">Direcci\u00f3n de Educaci\u00f3n Superior. Ministerio de Educaci\u00f3n y D.D.H.H de la Provincia de R\u00edo Negro.<\/h6>\n<\/td>\n<td width=\"15\">\n<h6><a href=\"https:\/\/drive.google.com\/file\/d\/1kVf8KagWbtWSprX1cO8yHL8907-ZXzdB\/view?usp=sharing\" target=\"_blank\" rel=\"noopener\"><img decoding=\"async\" loading=\"lazy\" class=\"aligncenter\" src=\"https:\/\/ifdsao-rng.infd.edu.ar\/sitio\/wp-content\/uploads\/2018\/12\/descargar_pdf.png\" width=\"43\" height=\"43\" \/><\/a><\/h6>\n<\/td>\n<\/tr>\n<tr>\n<td width=\"10\">\n<h6 style=\"text-align: center;\">24\/04\/20<\/h6>\n<\/td>\n<td width=\"50\">\n<h6 style=\"text-align: center;\">Disposici\u00f3n N\u00ba <span style=\"color: #800000;\">052\/20<\/span><\/h6>\n<\/td>\n<td width=\"120\">\n<h6 style=\"text-align: justify;\"><strong>Aprobar<\/strong> el documento \u201cAlgunas Consideraciones Generales para la\/s Propuestas de\u00a0<span style=\"font-family: inherit; font-size: inherit;\">Formaci\u00f3n en Entornos Digitales\u201d presentado por la Coordinaci\u00f3n de Formaci\u00f3n del IFDCSAO.<\/span><\/h6>\n<\/td>\n<td style=\"text-align: justify;\" width=\"50\">\n<h6 style=\"text-align: center;\">Consejo Directivo Instituto de Formaci\u00f3n Docente Continua de San Antonio Oeste.<\/h6>\n<\/td>\n<td width=\"15\">\n<h6><a href=\"https:\/\/drive.google.com\/file\/d\/10YDP0sfwPowfFzLThnEkYZ026y4d109q\/view?usp=sharing\" target=\"_blank\" rel=\"noopener\"><img decoding=\"async\" loading=\"lazy\" class=\"aligncenter\" src=\"https:\/\/ifdsao-rng.infd.edu.ar\/sitio\/wp-content\/uploads\/2018\/12\/descargar_pdf.png\" width=\"43\" height=\"43\" \/><\/a><\/h6>\n<\/td>\n<\/tr>\n<tr>\n<td width=\"10\">\n<h6 style=\"text-align: center;\">24\/04\/20<\/h6>\n<\/td>\n<td width=\"50\">\n<h6 style=\"text-align: center;\">Disposici\u00f3n N\u00ba <span style=\"color: #800000;\">053\/20<\/span><\/h6>\n<\/td>\n<td width=\"120\">\n<h6 style=\"text-align: justify;\"><strong>Aprobar<\/strong> la re adecuaci\u00f3n de actividades institucionales, en el marco del aislamiento social obligatorio, en la semana comprendida entre el d\u00eda 27\/04\/20 y el 30\/04\/20.<\/h6>\n<\/td>\n<td style=\"text-align: justify;\" width=\"50\">\n<h6 style=\"text-align: center;\">Consejo Directivo Instituto de Formaci\u00f3n Docente Continua de San Antonio Oeste.<\/h6>\n<\/td>\n<td width=\"15\">\n<h6><a href=\"https:\/\/drive.google.com\/file\/d\/1aNHk_Z4gSdCfVeYlksQyqs40JzypTsM1\/view?usp=sharing\" target=\"_blank\" rel=\"noopener\"><img decoding=\"async\" loading=\"lazy\" class=\"aligncenter\" src=\"https:\/\/ifdsao-rng.infd.edu.ar\/sitio\/wp-content\/uploads\/2018\/12\/descargar_pdf.png\" width=\"43\" height=\"43\" \/><\/a><\/h6>\n<\/td>\n<\/tr>\n<tr>\n<td width=\"10\">\n<h6 style=\"text-align: center;\">17\/04\/20<\/h6>\n<\/td>\n<td width=\"50\">\n<h6 style=\"text-align: center;\">Disposici\u00f3n N\u00ba <span style=\"color: #800000;\">047\/20<\/span><\/h6>\n<\/td>\n<td width=\"120\">\n<h6 style=\"text-align: justify;\"><strong>Establecer<\/strong> que: \u201ces responsabilidad de los\/las estudiantes conocer el r\u00e9gimen de correlatividades, al momento de la inscripci\u00f3n para cursar, \u00a0promocionar y\/o rendir examen final regular o libre, de las unidades curriculares de la carrera en la que se encuentran cursando\u201d<\/h6>\n<\/td>\n<td style=\"text-align: justify;\" width=\"50\">\n<h6 style=\"text-align: center;\">Consejo Directivo Instituto de Formaci\u00f3n Docente Continua de San Antonio Oeste.<\/h6>\n<\/td>\n<td width=\"15\">\n<h6><a href=\"https:\/\/drive.google.com\/file\/d\/1WnG_Hv59sBWwIv0JY34MmOaZ2Tg2DTu0\/view?usp=sharing\" target=\"_blank\" rel=\"noopener\"><img decoding=\"async\" loading=\"lazy\" class=\"aligncenter\" src=\"https:\/\/ifdsao-rng.infd.edu.ar\/sitio\/wp-content\/uploads\/2018\/12\/descargar_pdf.png\" width=\"43\" height=\"43\" \/><\/a><\/h6>\n<\/td>\n<\/tr>\n<tr>\n<td width=\"10\">\n<h6 style=\"text-align: center;\">07\/04\/20<\/h6>\n<\/td>\n<td width=\"50\">\n<h6 style=\"text-align: center;\">Disposici\u00f3n N\u00ba <span style=\"color: #800000;\">031\/20<\/span><\/h6>\n<\/td>\n<td width=\"120\">\n<h6 style=\"text-align: justify;\"><strong>Aprobar<\/strong> la sustanciaci\u00f3n de las entrevistas para cubrir cargos en el IFDCSAO, a trav\u00e9s de la virtualidad, en forma gradual y paulatina atendiendo a las necesidades\/prioridades acad\u00e9micas administrativas que surjan en la Instituci\u00f3n.<\/h6>\n<\/td>\n<td style=\"text-align: justify;\" width=\"50\">\n<h6 style=\"text-align: center;\">Consejo Directivo Instituto de Formaci\u00f3n Docente Continua de San Antonio Oeste.<\/h6>\n<\/td>\n<td width=\"15\">\n<h6><a href=\"https:\/\/drive.google.com\/file\/d\/1NAW2BURoCcxDLoc7sezBi9GMt4aQMQBi\/view?usp=sharing\" target=\"_blank\" rel=\"noopener\"><img decoding=\"async\" loading=\"lazy\" class=\"aligncenter\" src=\"https:\/\/ifdsao-rng.infd.edu.ar\/sitio\/wp-content\/uploads\/2018\/12\/descargar_pdf.png\" width=\"43\" height=\"43\" \/><\/a><\/h6>\n<\/td>\n<\/tr>\n<tr>\n<td width=\"10\">\n<h6 style=\"text-align: center;\">07\/04\/20<\/h6>\n<\/td>\n<td width=\"50\">\n<h6 style=\"text-align: center;\">Disposici\u00f3n N\u00ba <span style=\"color: #800000;\">032\/20<\/span><\/h6>\n<\/td>\n<td width=\"120\">\n<h6 style=\"text-align: justify;\"><strong>Aprobar<\/strong> la inscripci\u00f3n, con condiciones, al espacio curricular de Pr\u00e1ctica Docente IV y Residencia\u00a0<span style=\"font-family: inherit; font-size: inherit;\">Pedag\u00f3gica correspondiente al plan de estudios del Profesorado de Educaci\u00f3n Primaria; del Profesorado de Educaci\u00f3n Inicial y del Profesorado de Educaci\u00f3n Secundaria en Biolog\u00eda.<\/span><\/h6>\n<\/td>\n<td style=\"text-align: justify;\" width=\"50\">\n<h6 style=\"text-align: center;\">Consejo Directivo Instituto de Formaci\u00f3n Docente Continua de San Antonio Oeste.<\/h6>\n<\/td>\n<td width=\"15\">\n<h6><a href=\"https:\/\/drive.google.com\/file\/d\/1tdfBWLLFk9inLiR0nox2JDtO0LFRNj9q\/view?usp=sharing\" target=\"_blank\" rel=\"noopener\"><img decoding=\"async\" loading=\"lazy\" class=\"aligncenter\" src=\"https:\/\/ifdsao-rng.infd.edu.ar\/sitio\/wp-content\/uploads\/2018\/12\/descargar_pdf.png\" width=\"43\" height=\"43\" \/><\/a><\/h6>\n<\/td>\n<\/tr>\n<tr>\n<td width=\"10\">\n<h6 style=\"text-align: center;\">07\/04\/20<\/h6>\n<\/td>\n<td width=\"50\">\n<h6 style=\"text-align: center;\">Disposici\u00f3n N\u00ba <span style=\"color: #800000;\">033\/20<\/span><\/h6>\n<\/td>\n<td width=\"120\">\n<h6 style=\"text-align: justify;\">No sustanciar a trav\u00e9s de los entornos digitales las Mesas de Ex\u00e1menes finales regulares y libres correspondiente al turno Marzo\/20, que fueran suspendidas por el aislamiento social, preventivo y obligatorio hasta tanto se emita la norma espec\u00edfica, por parte la Direcci\u00f3n de Educaci\u00f3n Superior, que regule y de marco legal a los ex\u00e1menes finales a trav\u00e9s de los entornos digitales y se garanticen las condiciones adecuadas de conectividad a estudiantes y docentes.<\/h6>\n<\/td>\n<td style=\"text-align: justify;\" width=\"50\">\n<h6 style=\"text-align: center;\">Consejo Directivo Instituto de Formaci\u00f3n Docente Continua de San Antonio Oeste.<\/h6>\n<\/td>\n<td width=\"15\">\n<h6><a href=\"https:\/\/drive.google.com\/file\/d\/1qpAiNBrcV-xulHrY4FXms-jAq1lMEmFJ\/view?usp=sharing\" target=\"_blank\" rel=\"noopener\"><img decoding=\"async\" loading=\"lazy\" class=\"aligncenter\" src=\"https:\/\/ifdsao-rng.infd.edu.ar\/sitio\/wp-content\/uploads\/2018\/12\/descargar_pdf.png\" width=\"43\" height=\"43\" \/><\/a><\/h6>\n<\/td>\n<\/tr>\n<tr>\n<td width=\"10\">\n<h6 style=\"text-align: center;\">07\/04\/20<\/h6>\n<\/td>\n<td width=\"50\">\n<h6 style=\"text-align: center;\">Disposici\u00f3n N\u00ba <span style=\"color: #800000;\">034\/20<\/span><\/h6>\n<\/td>\n<td width=\"120\">\n<h6 style=\"text-align: justify;\"><strong>Aprobar \u00a0<\/strong>la modificaci\u00f3n en la fecha de inicio, de los cursados de las unidades \u00a0curriculares correspondientes al primer cuatrimestre para las carreras de Formaci\u00f3n Docente y Formaci\u00f3n T\u00e9cnica Profesional que se dictan en el IFDCSAO.<\/h6>\n<\/td>\n<td style=\"text-align: justify;\" width=\"50\">\n<h6 style=\"text-align: center;\">Consejo Directivo Instituto de Formaci\u00f3n Docente Continua de San Antonio Oeste.<\/h6>\n<\/td>\n<td width=\"15\">\n<h6><a href=\"https:\/\/drive.google.com\/file\/d\/1hvo5F5ItOinte0UiD1YCVhTlRa_inWNI\/view?usp=sharing\" target=\"_blank\" rel=\"noopener\"><img decoding=\"async\" loading=\"lazy\" class=\"aligncenter\" src=\"https:\/\/ifdsao-rng.infd.edu.ar\/sitio\/wp-content\/uploads\/2018\/12\/descargar_pdf.png\" width=\"43\" height=\"43\" \/><\/a><\/h6>\n<\/td>\n<\/tr>\n<tr>\n<td width=\"10\">\n<h6 style=\"text-align: center;\">02\/04\/20<\/h6>\n<\/td>\n<td width=\"50\">\n<h6 style=\"text-align: center;\">Disposici\u00f3n N\u00ba <span style=\"color: #800000;\">040\/20<\/span><\/h6>\n<\/td>\n<td width=\"120\">\n<h6 style=\"text-align: justify;\"><strong>Aprobar<\/strong> los acuerdos jurisdiccionales del primer Consejo de Directores de IFDC en el marco de la medida de aislamiento social, preventivo y obligatorio decretado a nivel nacional y provincial.<\/h6>\n<\/td>\n<td style=\"text-align: justify;\" width=\"50\">\n<h6 style=\"text-align: center;\">Consejo Directivo Instituto de Formaci\u00f3n Docente Continua de San Antonio Oeste.<\/h6>\n<\/td>\n<td width=\"15\">\n<h6><a href=\"https:\/\/drive.google.com\/file\/d\/14vdhu-6P133j9yZuUef3B-XwNTU8z8VA\/view?usp=sharing\" target=\"_blank\" rel=\"noopener\"><img decoding=\"async\" loading=\"lazy\" class=\"aligncenter\" src=\"https:\/\/ifdsao-rng.infd.edu.ar\/sitio\/wp-content\/uploads\/2018\/12\/descargar_pdf.png\" width=\"43\" height=\"43\" \/><\/a><\/h6>\n<\/td>\n<\/tr>\n<tr>\n<td width=\"10\">\n<h6 style=\"text-align: center;\">12\/03\/20<\/h6>\n<\/td>\n<td width=\"50\">\n<h6 style=\"text-align: center;\">Disposici\u00f3n N\u00ba <span style=\"color: #800000;\">028\/20<\/span><\/h6>\n<\/td>\n<td width=\"120\">\n<h6 style=\"text-align: justify;\"><strong>Elecci\u00f3n de Consejeros\/as del Claustro Docente.<\/strong>\u00a0<span style=\"font-family: inherit; font-size: inherit;\">En relaci\u00f3n a la presentaci\u00f3n de listas y renovaci\u00f3n del Claustro Docente.<\/span><\/h6>\n<\/td>\n<td style=\"text-align: justify;\" width=\"50\">\n<h6 style=\"text-align: center;\">Direcci\u00f3n de Educaci\u00f3n Superior. Ministerio de Educaci\u00f3n y D.D.H.H de la Provincia de R\u00edo Negro.<\/h6>\n<\/td>\n<td width=\"15\">\n<h6><a href=\"https:\/\/drive.google.com\/file\/d\/1vhen4ZpR4lqNQBELPsUvKVaFfQeTVPS-\/view?usp=sharing\" target=\"_blank\" rel=\"noopener\"><img decoding=\"async\" loading=\"lazy\" class=\"aligncenter\" src=\"https:\/\/ifdsao-rng.infd.edu.ar\/sitio\/wp-content\/uploads\/2018\/12\/descargar_pdf.png\" width=\"43\" height=\"43\" \/><\/a><\/h6>\n<\/td>\n<\/tr>\n<tr>\n<td width=\"10\">\n<h6 style=\"text-align: center;\">04\/03\/20<\/h6>\n<\/td>\n<td width=\"50\">\n<h6 style=\"text-align: center;\">Disposici\u00f3n N\u00ba <span style=\"color: #800000;\">017\/20<\/span><\/h6>\n<\/td>\n<td width=\"120\">\n<h6 style=\"text-align: justify;\"><strong>Cambios de la estructura curricular<\/strong> en el Profesorado de Educaci\u00f3n Inicial.<\/h6>\n<\/td>\n<td style=\"text-align: justify;\" width=\"50\">\n<h6 style=\"text-align: center;\">Direcci\u00f3n de Educaci\u00f3n Superior. Ministerio de Educaci\u00f3n y D.D.H.H de la Provincia de R\u00edo Negro.<\/h6>\n<\/td>\n<td width=\"15\">\n<h6><a href=\"https:\/\/drive.google.com\/file\/d\/18qKbSpnMvDL93b4T990XLz3O5kcTNhrC\/view?usp=sharing\" target=\"_blank\" rel=\"noopener\"><img decoding=\"async\" loading=\"lazy\" class=\"aligncenter\" src=\"https:\/\/ifdsao-rng.infd.edu.ar\/sitio\/wp-content\/uploads\/2018\/12\/descargar_pdf.png\" width=\"43\" height=\"43\" \/><\/a><\/h6>\n<\/td>\n<\/tr>\n<tr>\n<td width=\"10\">\n<h6 style=\"text-align: center;\">17\/12\/19<\/h6>\n<\/td>\n<td width=\"50\">\n<h6 style=\"text-align: center;\">Disposici\u00f3n N\u00ba <span style=\"color: #800000;\">230\/19<\/span><\/h6>\n<\/td>\n<td width=\"120\">\n<h6 style=\"text-align: justify;\"><strong>Establecer \u00a0<\/strong>Turnos de Ex\u00e1menes Finales Regulares y Libres para la Tecnicatura Superior en Administraci\u00f3n de Empresas.<\/h6>\n<\/td>\n<td style=\"text-align: justify;\" width=\"50\">\n<h6 style=\"text-align: center;\">Consejo Directivo Instituto de Formaci\u00f3n Docente Continua de San Antonio Oeste.<\/h6>\n<\/td>\n<td width=\"15\">\n<h6><a href=\"https:\/\/drive.google.com\/file\/d\/1GVazQwNNkDd8-HoNHDNhqIe_Ch3-3gYr\/view?usp=sharing\" target=\"_blank\" rel=\"noopener\"><img decoding=\"async\" loading=\"lazy\" class=\"aligncenter\" src=\"https:\/\/ifdsao-rng.infd.edu.ar\/sitio\/wp-content\/uploads\/2018\/12\/descargar_pdf.png\" width=\"43\" height=\"43\" \/><\/a><\/h6>\n<\/td>\n<\/tr>\n<tr>\n<td width=\"10\">\n<h6 style=\"text-align: center;\">10\/10\/18<\/h6>\n<\/td>\n<td width=\"50\">\n<h6 style=\"text-align: center;\">Disposici\u00f3n N\u00ba <span style=\"color: #800000;\">161\/18<\/span><\/h6>\n<\/td>\n<td width=\"120\">\n<h6 style=\"text-align: justify;\"><strong>Aprobar<\/strong> acuerdos establecidos entre la Coordinaci\u00f3n de Formaci\u00f3n y las\u00a0<span style=\"font-family: inherit; font-size: inherit;\">Coordinaciones de carrera de Formaci\u00f3n Docente y T\u00e9cnica para la entrega y confecci\u00f3n de los programas de examen con el cual se sustanciar\u00e1 la instancia de examen final regular o libre.<\/span><\/h6>\n<\/td>\n<td style=\"text-align: justify;\" width=\"50\">\n<h6 style=\"text-align: center;\">Consejo Directivo Instituto de Formaci\u00f3n Docente Continua de San Antonio Oeste.<\/h6>\n<\/td>\n<td width=\"15\">\n<h6><a href=\"https:\/\/drive.google.com\/file\/d\/1Zw2pJrTnEvnEYc42AT409DO5zBPKLIx4\/view?usp=sharing\" target=\"_blank\" rel=\"noopener\"><img decoding=\"async\" loading=\"lazy\" class=\"aligncenter\" src=\"https:\/\/ifdsao-rng.infd.edu.ar\/sitio\/wp-content\/uploads\/2018\/12\/descargar_pdf.png\" width=\"43\" height=\"43\" \/><\/a><\/h6>\n<\/td>\n<\/tr>\n<tr>\n<td width=\"10\">\n<h6 style=\"text-align: center;\">02\/07\/18<\/h6>\n<\/td>\n<td width=\"50\">\n<h6 style=\"text-align: center;\">Disposici\u00f3n N\u00ba<span style=\"color: #800000;\"> 180\/18<\/span><\/h6>\n<\/td>\n<td width=\"120\">\n<h6 style=\"text-align: justify;\"><strong>Acuerdos jurisdiccionales<\/strong> para la formaci\u00f3n docente.\u00a0<span style=\"font-family: inherit; font-size: inherit;\">Cambio en el Mapa Curricular de algunas unidades curriculares. Equivalencias de las Unidades Curriculares de la Formaci\u00f3n general y de Pr\u00e1cticas Docentes I en distintos Profesorados.<\/span><\/h6>\n<\/td>\n<td style=\"text-align: justify;\" width=\"50\">\n<h6 style=\"text-align: center;\">Direcci\u00f3n de Educaci\u00f3n Superior. Ministerio de Educaci\u00f3n y D.D.H.H de la Provincia de R\u00edo Negro.<\/h6>\n<\/td>\n<td width=\"15\">\n<h6><a href=\"https:\/\/drive.google.com\/file\/d\/1UuxD0CfzdZX7SFO-KGr7RL1sEGOjQxZC\/view?usp=sharing\" target=\"_blank\" rel=\"noopener\"><img decoding=\"async\" loading=\"lazy\" class=\"aligncenter\" src=\"https:\/\/ifdsao-rng.infd.edu.ar\/sitio\/wp-content\/uploads\/2018\/12\/descargar_pdf.png\" width=\"43\" height=\"43\" \/><\/a><\/h6>\n<\/td>\n<\/tr>\n<tr>\n<td width=\"10\">\n<h6 style=\"text-align: center;\">06\/10\/17<\/h6>\n<\/td>\n<td width=\"50\">\n<h6 style=\"text-align: center;\">Disposici\u00f3n N\u00ba <span style=\"color: #800000;\">178\/17<\/span><\/h6>\n<\/td>\n<td width=\"120\">\n<h6 style=\"text-align: justify;\"><strong>Autorizar<\/strong> a los\/as estudiantes a asistir a clases en compa\u00f1\u00eda de su hijo\/a por razones de fuerza mayor debidamente acreditadas.<\/h6>\n<\/td>\n<td style=\"text-align: justify;\" width=\"50\">\n<h6 style=\"text-align: center;\">Consejo Directivo Instituto de Formaci\u00f3n Docente Continua de San Antonio Oeste.<\/h6>\n<\/td>\n<td width=\"15\">\n<h6><a href=\"https:\/\/drive.google.com\/file\/d\/10BEYvagUyNmOxZRdLYvLkBU_f6G-Rv6e\/view?usp=sharing\" target=\"_blank\" rel=\"noopener\"><img decoding=\"async\" loading=\"lazy\" class=\"aligncenter\" src=\"https:\/\/ifdsao-rng.infd.edu.ar\/sitio\/wp-content\/uploads\/2018\/12\/descargar_pdf.png\" width=\"43\" height=\"43\" \/><\/a><\/h6>\n<\/td>\n<\/tr>\n<tr>\n<td width=\"10\">\n<h6 style=\"text-align: center;\">23\/08\/17<\/h6>\n<\/td>\n<td width=\"50\">\n<h6 style=\"text-align: center;\">Disposici\u00f3n N\u00ba <span style=\"color: #800000;\">140\/17<\/span><\/h6>\n<\/td>\n<td width=\"120\">\n<h6 style=\"text-align: justify;\"><strong>Aprobar<\/strong> las modificaciones correspondientes al R\u00e9gimen de\u00a0<span style=\"font-family: inherit; font-size: inherit;\">Correlatividades del Profesorado de Educaci\u00f3n Secundaria en Biolog\u00eda.<\/span><\/h6>\n<\/td>\n<td style=\"text-align: justify;\" width=\"50\">\n<h6 style=\"text-align: center;\">Consejo Directivo Instituto de Formaci\u00f3n Docente Continua de San Antonio Oeste.<\/h6>\n<\/td>\n<td width=\"15\">\n<h6><a href=\"https:\/\/drive.google.com\/file\/d\/1ux2WhTGEPQ09pDia2wmo0CmL50JS6OTH\/view?usp=sharing\" target=\"_blank\" rel=\"noopener\"><img decoding=\"async\" loading=\"lazy\" class=\"aligncenter\" src=\"https:\/\/ifdsao-rng.infd.edu.ar\/sitio\/wp-content\/uploads\/2018\/12\/descargar_pdf.png\" width=\"43\" height=\"43\" \/><\/a><\/h6>\n<\/td>\n<\/tr>\n<tr>\n<td width=\"10\">\n<h6 style=\"text-align: center;\">24\/04\/17<\/h6>\n<\/td>\n<td width=\"50\">\n<h6 style=\"text-align: center;\">Disposici\u00f3n N\u00ba <span style=\"color: #800000;\">44\/17<\/span><\/h6>\n<\/td>\n<td width=\"120\">\n<h6 style=\"text-align: justify;\"><strong>Autorizar<\/strong> el cursado en calidad de oyente a aquellos estudiantes que presenten la solicitud y la nota de aceptaci\u00f3n de\/la\/los docentes responsables del dictado de los espacios curriculares correspondientes al plan de estudios de todas las carreras que se dictan en este IFDC.<\/h6>\n<\/td>\n<td style=\"text-align: justify;\" width=\"50\">\n<h6 style=\"text-align: center;\">Consejo Directivo Instituto de Formaci\u00f3n Docente Continua de San Antonio Oeste.<\/h6>\n<\/td>\n<td width=\"15\">\n<h6><a href=\"https:\/\/drive.google.com\/file\/d\/11GMxJ1-euX-9MzsqC0BJSypOl64aYXG-\/view?usp=sharing\" target=\"_blank\" rel=\"noopener\"><img decoding=\"async\" loading=\"lazy\" class=\"aligncenter\" src=\"https:\/\/ifdsao-rng.infd.edu.ar\/sitio\/wp-content\/uploads\/2018\/12\/descargar_pdf.png\" width=\"43\" height=\"43\" \/><\/a><\/h6>\n<\/td>\n<\/tr>\n<tr>\n<td width=\"10\">\n<h6 style=\"text-align: center;\">25\/03\/15<\/h6>\n<\/td>\n<td width=\"50\">\n<h6 style=\"text-align: center;\">Disposici\u00f3n N\u00ba <span style=\"color: #800000;\">029\/15<\/span><\/h6>\n<\/td>\n<td width=\"120\">\n<h6 style=\"text-align: justify;\"><strong>Aprobar<\/strong> los acuerdos establecidos para regular la sustanciaci\u00f3n de los Ex\u00e1menes Libres, de los espacios curriculares que forman parte de los planes de estudios de las distintas carreras que se dictan en este IFDC.<\/h6>\n<\/td>\n<td style=\"text-align: justify;\" width=\"50\">\n<h6 style=\"text-align: center;\">Consejo Directivo Instituto de Formaci\u00f3n Docente Continua de San Antonio Oeste.<\/h6>\n<\/td>\n<td width=\"15\">\n<h6><a href=\"https:\/\/drive.google.com\/file\/d\/1PH_4JRhQVrXIlEut-XoydFQ7nK3Wnass\/view?usp=sharing\" target=\"_blank\" rel=\"noopener\"><img decoding=\"async\" loading=\"lazy\" class=\"aligncenter\" src=\"https:\/\/ifdsao-rng.infd.edu.ar\/sitio\/wp-content\/uploads\/2018\/12\/descargar_pdf.png\" width=\"43\" height=\"43\" \/><\/a><\/h6>\n<\/td>\n<\/tr>\n<tr>\n<td width=\"10\"><\/td>\n<td width=\"50\"><\/td>\n<td width=\"120\"><\/td>\n<td style=\"text-align: justify;\" width=\"50\"><\/td>\n<td width=\"15\"><\/td>\n<\/tr>\n<\/tbody>\n<\/table>\n<p>&nbsp;<\/p>\n<p>&nbsp;<\/p>\n<p>&nbsp;<\/p>\n","protected":false},"excerpt":{"rendered":"<p>DISPOSICIONES FECHA TIPO\/N\u00ba DESCRIPCI\u00d3N EMITIDO DESCARGA 09\/03\/21 Disposici\u00f3n N\u00ba 003\/21 Determinar la modalidad de cursado para\u00a0las Unidades Curriculares de los planes de estudios de las carreras de Formaci\u00f3n Docente y Formaci\u00f3n T\u00e9cnica Profesional del IFDC de SAO. Consejo Directivo Instituto de Formaci\u00f3n Docente Continua de San Antonio Oeste. 24\/02\/21 Disposici\u00f3n N\u00ba 001\/21 Aprobar \u00a0el Calendario &#8230; <a title=\"Disposiciones\" class=\"read-more\" href=\"https:\/\/ifdsao-rng.infd.edu.ar\/sitio\/disposiciones-resoluciones\/\" aria-label=\"More on Disposiciones\">[+]<\/a><\/p>\n","protected":false},"author":879,"featured_media":0,"parent":0,"menu_order":0,"comment_status":"closed","ping_status":"closed","template":"","meta":[],"acf":[],"_links":{"self":[{"href":"https:\/\/ifdsao-rng.infd.edu.ar\/sitio\/wp-json\/wp\/v2\/pages\/1004"}],"collection":[{"href":"https:\/\/ifdsao-rng.infd.edu.ar\/sitio\/wp-json\/wp\/v2\/pages"}],"about":[{"href":"https:\/\/ifdsao-rng.infd.edu.ar\/sitio\/wp-json\/wp\/v2\/types\/page"}],"author":[{"embeddable":true,"href":"https:\/\/ifdsao-rng.infd.edu.ar\/sitio\/wp-json\/wp\/v2\/users\/879"}],"replies":[{"embeddable":true,"href":"https:\/\/ifdsao-rng.infd.edu.ar\/sitio\/wp-json\/wp\/v2\/comments?post=1004"}],"version-history":[{"count":18,"href":"https:\/\/ifdsao-rng.infd.edu.ar\/sitio\/wp-json\/wp\/v2\/pages\/1004\/revisions"}],"predecessor-version":[{"id":6675,"href":"https:\/\/ifdsao-rng.infd.edu.ar\/sitio\/wp-json\/wp\/v2\/pages\/1004\/revisions\/6675"}],"wp:attachment":[{"href":"https:\/\/ifdsao-rng.infd.edu.ar\/sitio\/wp-json\/wp\/v2\/media?parent=1004"}],"curies":[{"name":"wp","href":"https:\/\/api.w.org\/{rel}","templated":true}]}}