{"id":1002,"date":"2018-08-31T14:03:46","date_gmt":"2018-08-31T17:03:46","guid":{"rendered":"https:\/\/ifdsao-rng.infd.edu.ar\/sitio\/plan-de-estudio\/"},"modified":"2026-04-23T11:02:13","modified_gmt":"2026-04-23T14:02:13","slug":"plan-de-estudio-profesorado-en-biologia","status":"publish","type":"page","link":"https:\/\/ifdsao-rng.infd.edu.ar\/sitio\/plan-de-estudio-profesorado-en-biologia\/","title":{"rendered":"Plan de Estudio Profesorado en Biolog\u00eda"},"content":{"rendered":"<p><img decoding=\"async\" loading=\"lazy\" class=\"aligncenter wp-image-2843\" src=\"https:\/\/ifdsao-rng.infd.edu.ar\/sitio\/wp-content\/uploads\/2020\/07\/PESB.jpg\" alt=\"\" width=\"795\" height=\"191\" \/><\/p>\n<style>\n    p{<br \/>        text-align: justify;<br \/> }<br \/>  <\/style>\n<p><span style=\"font-size: 10pt; font-family: 'trebuchet ms', geneva;\"> La Biolog\u00eda, dentro de la Ciencias Naturales, es una ciencia que estudia la vida, a trav\u00e9s del estudio de diversos aspectos de los seres vivos, como lo son su estructura, funci\u00f3n, evoluci\u00f3n, herencia y sus relaciones con el medio.<\/span><\/p>\n<p><span style=\"font-size: 10pt; font-family: 'trebuchet ms', geneva;\">En la actualidad, el mundo experimenta permanentes cambios y evoluciones cient\u00edficas por lo que la formaci\u00f3n de los docentes debe ser continua. Dicha formaci\u00f3n les permitir\u00e1 no s\u00f3lo\u00a0conocer, entendiendo esto como un c\u00famulo de conocimientos adquiridos, sino interpretar el mundo que lo rodea.<\/span><\/p>\n<p><strong>Perfil del Egresado:\u00a0<\/strong><\/p>\n<p><span style=\"font-size: 10pt; font-family: 'trebuchet ms', geneva;\">El\/la Profesor\/a de Educaci\u00f3n Secundaria en Biolog\u00eda es un\/a docente con s\u00f3lida formaci\u00f3n te\u00f3rica, metodol\u00f3gica y pedag\u00f3gica en la disciplina, que lo habilita a ejercer la docencia en la Educaci\u00f3n Secundaria del Sistema Educativo Nacional:<\/span><\/p>\n<ul>\n<li><span style=\"font-size: 10pt; font-family: 'trebuchet ms', geneva;\">Puede planificar actividades y coordinar equipos relacionados con la ense\u00f1anza de la Biolog\u00eda, as\u00ed como participar en equipos interdisciplinarios de ense\u00f1anza de las Ciencias y con apertura a otras disciplinas.<\/span><\/li>\n<li><span style=\"font-size: 10pt; font-family: 'trebuchet ms', geneva;\">Es capaz de desarrollar la tarea de ense\u00f1anza entendi\u00e9ndola como una pr\u00e1ctica social situada y multidimensionalmente configurada, que trascienda el \u00e1mbito \u00e1ulico para reconocerse en un marco institucional.<\/span><\/li>\n<li><span style=\"font-size: 10pt; font-family: 'trebuchet ms', geneva;\">Posee apertura para realizar la selecci\u00f3n y organizaci\u00f3n de los contenidos de ense\u00f1anza teniendo en cuenta su car\u00e1cter provisional, multidimensional y complejo, atravesado por concepciones e intereses.<\/span><\/li>\n<li><span style=\"font-size: 10pt; font-family: 'trebuchet ms', geneva;\">Puede proponer situaciones de ense\u00f1anza destacando las posibilidades del trabajo colaborativo y cooperativo, integrando variados recursos, espacialmente los que aportan las tecnolog\u00edas de la comunicaci\u00f3n y la inform\u00e1tica<\/span><\/li>\n<li><span style=\"font-size: 10pt; font-family: 'trebuchet ms', geneva;\">Integra la teor\u00eda y praxis de la tarea docente y posee formaci\u00f3n que le permite realizar un an\u00e1lisis cr\u00edtico de las herramientas conceptuales que subyacen a la pr\u00e1ctica docente.<\/span><\/li>\n<li><span style=\"font-size: 10pt; font-family: 'trebuchet ms', geneva;\">Posee apertura para comprometerse con la democratizaci\u00f3n del conocimiento interpelando las relaciones de saber\/poder\/identidad y promueve que las nociones de igualdad, inclusi\u00f3n, diferencia, entre otras, se constituyan en un interrogante a la hora de ense\u00f1ar.<\/span><\/li>\n<li><span style=\"font-size: 10pt; font-family: 'trebuchet ms', geneva;\">Posee compromiso con la actividad de ense\u00f1ar, reconociendo que la construcci\u00f3n y transmisi\u00f3n del conocimiento tiene una funci\u00f3n social en la comprensi\u00f3n de la realidad social\/natural.<\/span><\/li>\n<li><span style=\"font-size: 10pt; font-family: 'trebuchet ms', geneva;\">Posee capacidad para la formaci\u00f3n permanente y la innovaci\u00f3n pedag\u00f3gica, atento a la provisionalidad del conocimiento producido y la ubicuidad de la ense\u00f1anza.<\/span><\/li>\n<\/ul>\n<p style=\"text-align: center;\"><strong><img decoding=\"async\" loading=\"lazy\" class=\"alignnone  wp-image-7471\" src=\"https:\/\/ifdsao-rng.infd.edu.ar\/sitio\/wp-content\/uploads\/2026\/04\/plantilla-publicaciones-ifdc-sao-1000x563.png\" alt=\"\" width=\"316\" height=\"178\" srcset=\"https:\/\/ifdsao-rng.infd.edu.ar\/sitio\/wp-content\/uploads\/2026\/04\/plantilla-publicaciones-ifdc-sao-1000x563.png 1000w, https:\/\/ifdsao-rng.infd.edu.ar\/sitio\/wp-content\/uploads\/2026\/04\/plantilla-publicaciones-ifdc-sao-1900x1069.png 1900w, https:\/\/ifdsao-rng.infd.edu.ar\/sitio\/wp-content\/uploads\/2026\/04\/plantilla-publicaciones-ifdc-sao-768x432.png 768w, https:\/\/ifdsao-rng.infd.edu.ar\/sitio\/wp-content\/uploads\/2026\/04\/plantilla-publicaciones-ifdc-sao-1536x864.png 1536w, https:\/\/ifdsao-rng.infd.edu.ar\/sitio\/wp-content\/uploads\/2026\/04\/plantilla-publicaciones-ifdc-sao.png 1920w\" sizes=\"(max-width: 316px) 100vw, 316px\" \/><\/strong><\/p>\n<p style=\"text-align: left;\"><b><span style=\"color: #800000;\">HORARIOS DE ATENCI\u00d3N:<\/span> <\/b><\/p>\n<ul>\n<li style=\"text-align: left;\"><b>Lunes y martes de 8h a 10h<\/b><\/li>\n<li style=\"text-align: left;\"><b>Jueves de 10 a 12h\u00a0 <\/b><\/li>\n<li style=\"text-align: left;\"><b>Viernes de 14 a 16h<\/b>.<\/li>\n<\/ul>\n<p style=\"text-align: right;\"><span style=\"color: #3366ff;\"><span style=\"color: #008000;\"><a style=\"color: #008000;\" href=\"https:\/\/ifdsao-rng.infd.edu.ar\/sitio\/plan-de-estudio-profesorado-en-biologia\/upload\/DC_PROFESORADO_BIOLOGIA__3-12-15.pdf\" target=\"_blank\" rel=\"noopener\"><span style=\"font-family: 'trebuchet ms', geneva; font-size: 10pt;\"><strong>DISE\u00d1O CURRICULAR <\/strong><\/span><\/a><\/span><span style=\"font-family: 'trebuchet ms', geneva; font-size: 10pt;\"><strong><span style=\"color: #000000;\">(Res. N\u00ba 3489\/15) <a href=\"https:\/\/drive.google.com\/file\/d\/1nCF85Oih-5CesLqKjsN0XaALUAfdZYek\/view?usp=sharing\" target=\"_blank\" rel=\"noopener\"><img decoding=\"async\" loading=\"lazy\" class=\"alignnone wp-image-1343\" src=\"https:\/\/ifdsao-rng.infd.edu.ar\/sitio\/wp-content\/uploads\/2018\/12\/descargar_pdf.png\" alt=\"\" width=\"66\" height=\"66\" \/><\/a><\/span><\/strong><\/span><\/span><\/p>\n<hr \/>\n<p style=\"text-align: right;\"><span style=\"color: #3366ff;\"><span style=\"font-size: 10pt; font-family: 'trebuchet ms', geneva;\"><strong><span style=\"font-size: 10pt; font-family: 'trebuchet ms', geneva; color: #008000;\">PLAN\/R\u00c9GIMEN DE CORRELATIVIDADES <\/span><span style=\"color: #000000;\"><a style=\"color: #000000;\" href=\"https:\/\/ifdsao-rng.infd.edu.ar\/sitio\/upload\/PROFESORADO_DE_NIVEL_INICIAL__2.12.2015.pdf\">(<\/a><\/span><span style=\"color: #000000;\">Disposici\u00f3n N\u00ba007\/22)<\/span> <span style=\"color: #000000;\">\u00a0<a href=\"https:\/\/drive.google.com\/file\/d\/1fzkdluKPxuYobrvbRP5TPcndg_P7M3ld\/view?usp=share_link\" target=\"_blank\" rel=\"noopener\"><img decoding=\"async\" loading=\"lazy\" class=\"alignnone wp-image-1343\" src=\"https:\/\/ifdsao-rng.infd.edu.ar\/sitio\/wp-content\/uploads\/2018\/12\/descargar_pdf.png\" alt=\"\" width=\"66\" height=\"66\" \/><\/a><\/span><\/strong><\/span><\/span><\/p>\n<hr \/>\n<p style=\"text-align: right;\"><span style=\"color: #008000;\"><a style=\"color: #008000;\" href=\"https:\/\/ifdsao-rng.infd.edu.ar\/sitio\/wp-content\/uploads\/2020\/04\/MAPA-CURRICULAR_P.E.S.B_2020.pdf\" target=\"_blank\" rel=\"noopener\"><span style=\"font-size: 10pt; font-family: 'trebuchet ms', geneva;\"><strong>MAPA CURRICULAR <span style=\"color: #3366ff;\"><span style=\"color: #000000;\">(Res. N\u00ba 3489\/15) <\/span><\/span><\/strong><\/span><\/a><strong><a href=\"https:\/\/drive.google.com\/file\/d\/1ZuYjhmshfavGylAHpJ9_YAHurN_FENsF\/view?usp=sharing\" target=\"_blank\" rel=\"noopener\"><img decoding=\"async\" loading=\"lazy\" class=\"alignnone wp-image-1343\" src=\"https:\/\/ifdsao-rng.infd.edu.ar\/sitio\/wp-content\/uploads\/2018\/12\/descargar_pdf.png\" alt=\"\" width=\"66\" height=\"66\" \/><\/a><\/strong><\/span><\/p>\n","protected":false},"excerpt":{"rendered":"<p>La Biolog\u00eda, dentro de la Ciencias Naturales, es una ciencia que estudia la vida, a trav\u00e9s del estudio de diversos aspectos de los seres vivos, como lo son su estructura, funci\u00f3n, evoluci\u00f3n, herencia y sus relaciones con el medio. En la actualidad, el mundo experimenta permanentes cambios y evoluciones cient\u00edficas por lo que la formaci\u00f3n &#8230; <a title=\"Plan de Estudio Profesorado en Biolog\u00eda\" class=\"read-more\" href=\"https:\/\/ifdsao-rng.infd.edu.ar\/sitio\/plan-de-estudio-profesorado-en-biologia\/\" aria-label=\"More on Plan de Estudio Profesorado en Biolog\u00eda\">[+]<\/a><\/p>\n","protected":false},"author":879,"featured_media":0,"parent":0,"menu_order":0,"comment_status":"closed","ping_status":"closed","template":"","meta":[],"acf":[],"_links":{"self":[{"href":"https:\/\/ifdsao-rng.infd.edu.ar\/sitio\/wp-json\/wp\/v2\/pages\/1002"}],"collection":[{"href":"https:\/\/ifdsao-rng.infd.edu.ar\/sitio\/wp-json\/wp\/v2\/pages"}],"about":[{"href":"https:\/\/ifdsao-rng.infd.edu.ar\/sitio\/wp-json\/wp\/v2\/types\/page"}],"author":[{"embeddable":true,"href":"https:\/\/ifdsao-rng.infd.edu.ar\/sitio\/wp-json\/wp\/v2\/users\/879"}],"replies":[{"embeddable":true,"href":"https:\/\/ifdsao-rng.infd.edu.ar\/sitio\/wp-json\/wp\/v2\/comments?post=1002"}],"version-history":[{"count":34,"href":"https:\/\/ifdsao-rng.infd.edu.ar\/sitio\/wp-json\/wp\/v2\/pages\/1002\/revisions"}],"predecessor-version":[{"id":7473,"href":"https:\/\/ifdsao-rng.infd.edu.ar\/sitio\/wp-json\/wp\/v2\/pages\/1002\/revisions\/7473"}],"wp:attachment":[{"href":"https:\/\/ifdsao-rng.infd.edu.ar\/sitio\/wp-json\/wp\/v2\/media?parent=1002"}],"curies":[{"name":"wp","href":"https:\/\/api.w.org\/{rel}","templated":true}]}}